{"id":5137,"date":"2025-01-06T08:52:45","date_gmt":"2025-01-06T08:52:45","guid":{"rendered":"https:\/\/robotxworkshops.tech\/product\/drohnenkurs-fuer-anfaenger\/"},"modified":"2025-02-23T15:15:34","modified_gmt":"2025-02-23T14:15:34","slug":"drohnenkurs-fuer-anfaenger","status":"publish","type":"product","link":"https:\/\/robotxworkshops.tech\/de\/product\/drohnenkurs-fuer-anfaenger\/","title":{"rendered":"Drohnenkurs f\u00fcr Anf\u00e4nger"},"content":{"rendered":"","protected":false},"excerpt":{"rendered":"<p>In diesem Kurs werden Drohnen als unterhaltsame und spannende M\u00f6glichkeit genutzt, um die Grundlagen der Programmierung und des maschinellen Lernens zu erlernen.<\/p>\n","protected":false},"featured_media":4830,"template":"","meta":{"_monsterinsights_skip_tracking":false,"_monsterinsights_sitenote_active":false,"_monsterinsights_sitenote_note":"","_monsterinsights_sitenote_category":0},"product_brand":[],"product_cat":[94],"product_tag":[],"class_list":{"0":"post-5137","1":"product","2":"type-product","3":"status-publish","4":"has-post-thumbnail","6":"product_cat-workshops-de","8":"first","9":"instock","10":"sold-individually","11":"shipping-taxable","12":"purchasable","13":"product-type-variable"},"yoast_head":"<!-- This site is optimized with the Yoast SEO plugin v27.4 - https:\/\/yoast.com\/product\/yoast-seo-wordpress\/ -->\n<title>Drohnenkurs f\u00fcr Anf\u00e4nger - RobotX Werkst\u00e4tten<\/title>\n<meta name=\"robots\" content=\"index, follow, max-snippet:-1, max-image-preview:large, max-video-preview:-1\" \/>\n<link rel=\"canonical\" href=\"https:\/\/robotxworkshops.tech\/de\/product\/drohnenkurs-fuer-anfaenger\/\" \/>\n<meta property=\"og:locale\" content=\"de_DE\" \/>\n<meta property=\"og:type\" content=\"article\" \/>\n<meta property=\"og:title\" content=\"Drohnenkurs f\u00fcr Anf\u00e4nger - RobotX Werkst\u00e4tten\" \/>\n<meta property=\"og:description\" content=\"In diesem Kurs werden Drohnen als unterhaltsame und spannende M\u00f6glichkeit genutzt, um die Grundlagen der Programmierung und des maschinellen Lernens zu erlernen.\" \/>\n<meta property=\"og:url\" content=\"https:\/\/robotxworkshops.tech\/de\/product\/drohnenkurs-fuer-anfaenger\/\" \/>\n<meta property=\"og:site_name\" content=\"RobotX Werkst\u00e4tten\" \/>\n<meta property=\"article:publisher\" content=\"https:\/\/www.facebook.com\/profile.php?id=61573566684527\" \/>\n<meta property=\"article:modified_time\" content=\"2025-02-23T14:15:34+00:00\" \/>\n<meta property=\"og:image\" content=\"https:\/\/robotxworkshops.tech\/wp-content\/uploads\/2025\/01\/640px-Ryze_Tello.jpg\" \/>\n\t<meta property=\"og:image:width\" content=\"640\" \/>\n\t<meta property=\"og:image:height\" content=\"427\" \/>\n\t<meta property=\"og:image:type\" content=\"image\/jpeg\" \/>\n<meta name=\"twitter:card\" content=\"summary_large_image\" \/>\n<meta name=\"twitter:site\" content=\"@robotXworkshops\" \/>\n<script type=\"application\/ld+json\" class=\"yoast-schema-graph\">{\"@context\":\"https:\\\/\\\/schema.org\",\"@graph\":[{\"@type\":\"WebPage\",\"@id\":\"https:\\\/\\\/robotxworkshops.tech\\\/de\\\/product\\\/drohnenkurs-fuer-anfaenger\\\/\",\"url\":\"https:\\\/\\\/robotxworkshops.tech\\\/de\\\/product\\\/drohnenkurs-fuer-anfaenger\\\/\",\"name\":\"Drohnenkurs f\u00fcr Anf\u00e4nger - RobotX Werkst\u00e4tten\",\"isPartOf\":{\"@id\":\"https:\\\/\\\/robotxworkshops.tech\\\/de\\\/#website\"},\"primaryImageOfPage\":{\"@id\":\"https:\\\/\\\/robotxworkshops.tech\\\/de\\\/product\\\/drohnenkurs-fuer-anfaenger\\\/#primaryimage\"},\"image\":{\"@id\":\"https:\\\/\\\/robotxworkshops.tech\\\/de\\\/product\\\/drohnenkurs-fuer-anfaenger\\\/#primaryimage\"},\"thumbnailUrl\":\"https:\\\/\\\/robotxworkshops.tech\\\/wp-content\\\/uploads\\\/2025\\\/01\\\/640px-Ryze_Tello.jpg\",\"datePublished\":\"2025-01-06T08:52:45+00:00\",\"dateModified\":\"2025-02-23T14:15:34+00:00\",\"breadcrumb\":{\"@id\":\"https:\\\/\\\/robotxworkshops.tech\\\/de\\\/product\\\/drohnenkurs-fuer-anfaenger\\\/#breadcrumb\"},\"inLanguage\":\"de\",\"potentialAction\":[{\"@type\":\"ReadAction\",\"target\":[\"https:\\\/\\\/robotxworkshops.tech\\\/de\\\/product\\\/drohnenkurs-fuer-anfaenger\\\/\"]}]},{\"@type\":\"ImageObject\",\"inLanguage\":\"de\",\"@id\":\"https:\\\/\\\/robotxworkshops.tech\\\/de\\\/product\\\/drohnenkurs-fuer-anfaenger\\\/#primaryimage\",\"url\":\"https:\\\/\\\/robotxworkshops.tech\\\/wp-content\\\/uploads\\\/2025\\\/01\\\/640px-Ryze_Tello.jpg\",\"contentUrl\":\"https:\\\/\\\/robotxworkshops.tech\\\/wp-content\\\/uploads\\\/2025\\\/01\\\/640px-Ryze_Tello.jpg\",\"width\":640,\"height\":427,\"caption\":\"Learn hands-on flight skills with the Ryze Tello drone in our Berlin beginner course.\"},{\"@type\":\"BreadcrumbList\",\"@id\":\"https:\\\/\\\/robotxworkshops.tech\\\/de\\\/product\\\/drohnenkurs-fuer-anfaenger\\\/#breadcrumb\",\"itemListElement\":[{\"@type\":\"ListItem\",\"position\":1,\"name\":\"Startseite\",\"item\":\"https:\\\/\\\/robotxworkshops.tech\\\/de\\\/\"},{\"@type\":\"ListItem\",\"position\":2,\"name\":\"Shop\",\"item\":\"https:\\\/\\\/robotxworkshops.tech\\\/de\\\/shop\\\/\"},{\"@type\":\"ListItem\",\"position\":3,\"name\":\"Drohnenkurs f\u00fcr Anf\u00e4nger\"}]},{\"@type\":\"WebSite\",\"@id\":\"https:\\\/\\\/robotxworkshops.tech\\\/de\\\/#website\",\"url\":\"https:\\\/\\\/robotxworkshops.tech\\\/de\\\/\",\"name\":\"RobotX Workshops\",\"description\":\"Praktische, praxisnahe Robotik-Kurse\",\"publisher\":{\"@id\":\"https:\\\/\\\/robotxworkshops.tech\\\/de\\\/#organization\"},\"potentialAction\":[{\"@type\":\"SearchAction\",\"target\":{\"@type\":\"EntryPoint\",\"urlTemplate\":\"https:\\\/\\\/robotxworkshops.tech\\\/de\\\/?s={search_term_string}\"},\"query-input\":{\"@type\":\"PropertyValueSpecification\",\"valueRequired\":true,\"valueName\":\"search_term_string\"}}],\"inLanguage\":\"de\"},{\"@type\":\"Organization\",\"@id\":\"https:\\\/\\\/robotxworkshops.tech\\\/de\\\/#organization\",\"name\":\"RobotX Werkst\u00e4tten\",\"url\":\"https:\\\/\\\/robotxworkshops.tech\\\/de\\\/\",\"logo\":{\"@type\":\"ImageObject\",\"inLanguage\":\"de\",\"@id\":\"https:\\\/\\\/robotxworkshops.tech\\\/de\\\/#\\\/schema\\\/logo\\\/image\\\/\",\"url\":\"https:\\\/\\\/robotxworkshops.tech\\\/wp-content\\\/uploads\\\/2025\\\/02\\\/Original-Logo-e1740213463254.png\",\"contentUrl\":\"https:\\\/\\\/robotxworkshops.tech\\\/wp-content\\\/uploads\\\/2025\\\/02\\\/Original-Logo-e1740213463254.png\",\"width\":1765,\"height\":396,\"caption\":\"RobotX Werkst\u00e4tten\"},\"image\":{\"@id\":\"https:\\\/\\\/robotxworkshops.tech\\\/de\\\/#\\\/schema\\\/logo\\\/image\\\/\"},\"sameAs\":[\"https:\\\/\\\/www.facebook.com\\\/profile.php?id=61573566684527\",\"https:\\\/\\\/x.com\\\/robotXworkshops\"]}]}<\/script>\n<!-- \/ Yoast SEO plugin. -->","yoast_head_json":{"title":"Drohnenkurs f\u00fcr Anf\u00e4nger - RobotX Werkst\u00e4tten","robots":{"index":"index","follow":"follow","max-snippet":"max-snippet:-1","max-image-preview":"max-image-preview:large","max-video-preview":"max-video-preview:-1"},"canonical":"https:\/\/robotxworkshops.tech\/de\/product\/drohnenkurs-fuer-anfaenger\/","og_locale":"de_DE","og_type":"article","og_title":"Drohnenkurs f\u00fcr Anf\u00e4nger - RobotX Werkst\u00e4tten","og_description":"In diesem Kurs werden Drohnen als unterhaltsame und spannende M\u00f6glichkeit genutzt, um die Grundlagen der Programmierung und des maschinellen Lernens zu erlernen.","og_url":"https:\/\/robotxworkshops.tech\/de\/product\/drohnenkurs-fuer-anfaenger\/","og_site_name":"RobotX Werkst\u00e4tten","article_publisher":"https:\/\/www.facebook.com\/profile.php?id=61573566684527","article_modified_time":"2025-02-23T14:15:34+00:00","og_image":[{"width":640,"height":427,"url":"https:\/\/robotxworkshops.tech\/wp-content\/uploads\/2025\/01\/640px-Ryze_Tello.jpg","type":"image\/jpeg"}],"twitter_card":"summary_large_image","twitter_site":"@robotXworkshops","schema":{"@context":"https:\/\/schema.org","@graph":[{"@type":"WebPage","@id":"https:\/\/robotxworkshops.tech\/de\/product\/drohnenkurs-fuer-anfaenger\/","url":"https:\/\/robotxworkshops.tech\/de\/product\/drohnenkurs-fuer-anfaenger\/","name":"Drohnenkurs f\u00fcr Anf\u00e4nger - RobotX Werkst\u00e4tten","isPartOf":{"@id":"https:\/\/robotxworkshops.tech\/de\/#website"},"primaryImageOfPage":{"@id":"https:\/\/robotxworkshops.tech\/de\/product\/drohnenkurs-fuer-anfaenger\/#primaryimage"},"image":{"@id":"https:\/\/robotxworkshops.tech\/de\/product\/drohnenkurs-fuer-anfaenger\/#primaryimage"},"thumbnailUrl":"https:\/\/robotxworkshops.tech\/wp-content\/uploads\/2025\/01\/640px-Ryze_Tello.jpg","datePublished":"2025-01-06T08:52:45+00:00","dateModified":"2025-02-23T14:15:34+00:00","breadcrumb":{"@id":"https:\/\/robotxworkshops.tech\/de\/product\/drohnenkurs-fuer-anfaenger\/#breadcrumb"},"inLanguage":"de","potentialAction":[{"@type":"ReadAction","target":["https:\/\/robotxworkshops.tech\/de\/product\/drohnenkurs-fuer-anfaenger\/"]}]},{"@type":"ImageObject","inLanguage":"de","@id":"https:\/\/robotxworkshops.tech\/de\/product\/drohnenkurs-fuer-anfaenger\/#primaryimage","url":"https:\/\/robotxworkshops.tech\/wp-content\/uploads\/2025\/01\/640px-Ryze_Tello.jpg","contentUrl":"https:\/\/robotxworkshops.tech\/wp-content\/uploads\/2025\/01\/640px-Ryze_Tello.jpg","width":640,"height":427,"caption":"Learn hands-on flight skills with the Ryze Tello drone in our Berlin beginner course."},{"@type":"BreadcrumbList","@id":"https:\/\/robotxworkshops.tech\/de\/product\/drohnenkurs-fuer-anfaenger\/#breadcrumb","itemListElement":[{"@type":"ListItem","position":1,"name":"Startseite","item":"https:\/\/robotxworkshops.tech\/de\/"},{"@type":"ListItem","position":2,"name":"Shop","item":"https:\/\/robotxworkshops.tech\/de\/shop\/"},{"@type":"ListItem","position":3,"name":"Drohnenkurs f\u00fcr Anf\u00e4nger"}]},{"@type":"WebSite","@id":"https:\/\/robotxworkshops.tech\/de\/#website","url":"https:\/\/robotxworkshops.tech\/de\/","name":"RobotX Workshops","description":"Praktische, praxisnahe Robotik-Kurse","publisher":{"@id":"https:\/\/robotxworkshops.tech\/de\/#organization"},"potentialAction":[{"@type":"SearchAction","target":{"@type":"EntryPoint","urlTemplate":"https:\/\/robotxworkshops.tech\/de\/?s={search_term_string}"},"query-input":{"@type":"PropertyValueSpecification","valueRequired":true,"valueName":"search_term_string"}}],"inLanguage":"de"},{"@type":"Organization","@id":"https:\/\/robotxworkshops.tech\/de\/#organization","name":"RobotX Werkst\u00e4tten","url":"https:\/\/robotxworkshops.tech\/de\/","logo":{"@type":"ImageObject","inLanguage":"de","@id":"https:\/\/robotxworkshops.tech\/de\/#\/schema\/logo\/image\/","url":"https:\/\/robotxworkshops.tech\/wp-content\/uploads\/2025\/02\/Original-Logo-e1740213463254.png","contentUrl":"https:\/\/robotxworkshops.tech\/wp-content\/uploads\/2025\/02\/Original-Logo-e1740213463254.png","width":1765,"height":396,"caption":"RobotX Werkst\u00e4tten"},"image":{"@id":"https:\/\/robotxworkshops.tech\/de\/#\/schema\/logo\/image\/"},"sameAs":["https:\/\/www.facebook.com\/profile.php?id=61573566684527","https:\/\/x.com\/robotXworkshops"]}]}},"_links":{"self":[{"href":"https:\/\/robotxworkshops.tech\/de\/wp-json\/wp\/v2\/product\/5137","targetHints":{"allow":["GET"]}}],"collection":[{"href":"https:\/\/robotxworkshops.tech\/de\/wp-json\/wp\/v2\/product"}],"about":[{"href":"https:\/\/robotxworkshops.tech\/de\/wp-json\/wp\/v2\/types\/product"}],"version-history":[{"count":1,"href":"https:\/\/robotxworkshops.tech\/de\/wp-json\/wp\/v2\/product\/5137\/revisions"}],"predecessor-version":[{"id":6795,"href":"https:\/\/robotxworkshops.tech\/de\/wp-json\/wp\/v2\/product\/5137\/revisions\/6795"}],"wp:featuredmedia":[{"embeddable":true,"href":"https:\/\/robotxworkshops.tech\/de\/wp-json\/wp\/v2\/media\/4830"}],"wp:attachment":[{"href":"https:\/\/robotxworkshops.tech\/de\/wp-json\/wp\/v2\/media?parent=5137"}],"wp:term":[{"taxonomy":"product_brand","embeddable":true,"href":"https:\/\/robotxworkshops.tech\/de\/wp-json\/wp\/v2\/product_brand?post=5137"},{"taxonomy":"product_cat","embeddable":true,"href":"https:\/\/robotxworkshops.tech\/de\/wp-json\/wp\/v2\/product_cat?post=5137"},{"taxonomy":"product_tag","embeddable":true,"href":"https:\/\/robotxworkshops.tech\/de\/wp-json\/wp\/v2\/product_tag?post=5137"}],"curies":[{"name":"wp","href":"https:\/\/api.w.org\/{rel}","templated":true}]}}