{"id":5164,"date":"2025-01-06T08:53:37","date_gmt":"2025-01-06T08:53:37","guid":{"rendered":"https:\/\/robotxworkshops.tech\/product\/conduccion-autonoma-basada-en-lidar\/"},"modified":"2025-01-06T08:53:37","modified_gmt":"2025-01-06T07:53:37","slug":"conduccion-autonoma-basada-en-lidar","status":"publish","type":"product","link":"https:\/\/robotxworkshops.tech\/es\/product\/conduccion-autonoma-basada-en-lidar\/","title":{"rendered":"Conducci\u00f3n aut\u00f3noma basada en Lidar"},"content":{"rendered":"<p>Esta es la descripci\u00f3n<\/p>\n","protected":false},"excerpt":{"rendered":"<p>Descubre el poder de la tecnolog\u00eda Lidar en la conducci\u00f3n aut\u00f3noma con nuestro taller inmersivo basado en Lidar. Este curso pr\u00e1ctico est\u00e1 pensado para quienes desean explorar las aplicaciones punteras de Lidar en los sistemas de conducci\u00f3n aut\u00f3noma. Mediante una combinaci\u00f3n de sesiones en l\u00ednea y presenciales, adquirir\u00e1s conocimientos pr\u00e1cticos para desarrollar e implantar veh\u00edculos aut\u00f3nomos basados en Lidar.  <\/p>\n","protected":false},"featured_media":4812,"template":"","meta":{"_monsterinsights_skip_tracking":false,"_monsterinsights_sitenote_active":false,"_monsterinsights_sitenote_note":"","_monsterinsights_sitenote_category":0},"product_brand":[],"product_cat":[97],"product_tag":[],"class_list":{"0":"post-5164","1":"product","2":"type-product","3":"status-publish","4":"has-post-thumbnail","6":"product_cat-talleres","8":"first","9":"outofstock","10":"sold-individually","11":"shipping-taxable","12":"product-type-variable","13":"has-default-attributes"},"yoast_head":"<!-- This site is optimized with the Yoast SEO plugin v27.4 - https:\/\/yoast.com\/product\/yoast-seo-wordpress\/ -->\n<title>Conducci\u00f3n aut\u00f3noma basada en Lidar - Talleres RobotX<\/title>\n<meta name=\"description\" content=\"Mejora tus conocimientos de rob\u00f3tica con un curso de conducci\u00f3n aut\u00f3noma basado en LiDAR, perfecto para el aprendizaje pr\u00e1ctico.\" \/>\n<meta name=\"robots\" content=\"index, follow, max-snippet:-1, max-image-preview:large, max-video-preview:-1\" \/>\n<link rel=\"canonical\" href=\"https:\/\/robotxworkshops.tech\/es\/product\/conduccion-autonoma-basada-en-lidar\/\" \/>\n<meta property=\"og:locale\" content=\"es_ES\" \/>\n<meta property=\"og:type\" content=\"article\" \/>\n<meta property=\"og:title\" content=\"Conducci\u00f3n aut\u00f3noma basada en Lidar - Talleres RobotX\" \/>\n<meta property=\"og:description\" content=\"Mejora tus conocimientos de rob\u00f3tica con un curso de conducci\u00f3n aut\u00f3noma basado en LiDAR, perfecto para el aprendizaje pr\u00e1ctico.\" \/>\n<meta property=\"og:url\" content=\"https:\/\/robotxworkshops.tech\/es\/product\/conduccion-autonoma-basada-en-lidar\/\" \/>\n<meta property=\"og:site_name\" content=\"Talleres RobotX\" \/>\n<meta property=\"article:publisher\" content=\"https:\/\/www.facebook.com\/profile.php?id=61573566684527\" \/>\n<meta property=\"og:image\" content=\"https:\/\/robotxworkshops.tech\/wp-content\/uploads\/2025\/01\/Neueste-Fotos-anzeigen.jpg\" \/>\n\t<meta property=\"og:image:width\" content=\"1125\" \/>\n\t<meta property=\"og:image:height\" content=\"617\" \/>\n\t<meta property=\"og:image:type\" content=\"image\/jpeg\" \/>\n<meta name=\"twitter:card\" content=\"summary_large_image\" \/>\n<meta name=\"twitter:site\" content=\"@robotXworkshops\" \/>\n<script type=\"application\/ld+json\" class=\"yoast-schema-graph\">{\"@context\":\"https:\\\/\\\/schema.org\",\"@graph\":[{\"@type\":\"WebPage\",\"@id\":\"https:\\\/\\\/robotxworkshops.tech\\\/es\\\/product\\\/conduccion-autonoma-basada-en-lidar\\\/\",\"url\":\"https:\\\/\\\/robotxworkshops.tech\\\/es\\\/product\\\/conduccion-autonoma-basada-en-lidar\\\/\",\"name\":\"Conducci\u00f3n aut\u00f3noma basada en Lidar - Talleres RobotX\",\"isPartOf\":{\"@id\":\"https:\\\/\\\/robotxworkshops.tech\\\/es\\\/#website\"},\"primaryImageOfPage\":{\"@id\":\"https:\\\/\\\/robotxworkshops.tech\\\/es\\\/product\\\/conduccion-autonoma-basada-en-lidar\\\/#primaryimage\"},\"image\":{\"@id\":\"https:\\\/\\\/robotxworkshops.tech\\\/es\\\/product\\\/conduccion-autonoma-basada-en-lidar\\\/#primaryimage\"},\"thumbnailUrl\":\"https:\\\/\\\/robotxworkshops.tech\\\/wp-content\\\/uploads\\\/2025\\\/01\\\/Neueste-Fotos-anzeigen.jpg\",\"datePublished\":\"2025-01-06T08:53:37+00:00\",\"description\":\"Mejora tus conocimientos de rob\u00f3tica con un curso de conducci\u00f3n aut\u00f3noma basado en LiDAR, perfecto para el aprendizaje pr\u00e1ctico.\",\"breadcrumb\":{\"@id\":\"https:\\\/\\\/robotxworkshops.tech\\\/es\\\/product\\\/conduccion-autonoma-basada-en-lidar\\\/#breadcrumb\"},\"inLanguage\":\"es\",\"potentialAction\":[{\"@type\":\"ReadAction\",\"target\":[\"https:\\\/\\\/robotxworkshops.tech\\\/es\\\/product\\\/conduccion-autonoma-basada-en-lidar\\\/\"]}]},{\"@type\":\"ImageObject\",\"inLanguage\":\"es\",\"@id\":\"https:\\\/\\\/robotxworkshops.tech\\\/es\\\/product\\\/conduccion-autonoma-basada-en-lidar\\\/#primaryimage\",\"url\":\"https:\\\/\\\/robotxworkshops.tech\\\/wp-content\\\/uploads\\\/2025\\\/01\\\/Neueste-Fotos-anzeigen.jpg\",\"contentUrl\":\"https:\\\/\\\/robotxworkshops.tech\\\/wp-content\\\/uploads\\\/2025\\\/01\\\/Neueste-Fotos-anzeigen.jpg\",\"width\":1125,\"height\":617,\"caption\":\"Autonomous vehicles in berlin\"},{\"@type\":\"BreadcrumbList\",\"@id\":\"https:\\\/\\\/robotxworkshops.tech\\\/es\\\/product\\\/conduccion-autonoma-basada-en-lidar\\\/#breadcrumb\",\"itemListElement\":[{\"@type\":\"ListItem\",\"position\":1,\"name\":\"Inicio\",\"item\":\"https:\\\/\\\/robotxworkshops.tech\\\/es\\\/\"},{\"@type\":\"ListItem\",\"position\":2,\"name\":\"Tienda\",\"item\":\"https:\\\/\\\/robotxworkshops.tech\\\/es\\\/tienda\\\/\"},{\"@type\":\"ListItem\",\"position\":3,\"name\":\"Conducci\u00f3n aut\u00f3noma basada en Lidar\"}]},{\"@type\":\"WebSite\",\"@id\":\"https:\\\/\\\/robotxworkshops.tech\\\/es\\\/#website\",\"url\":\"https:\\\/\\\/robotxworkshops.tech\\\/es\\\/\",\"name\":\"RobotX Workshops\",\"description\":\"Cursos pr\u00e1cticos de rob\u00f3tica\",\"publisher\":{\"@id\":\"https:\\\/\\\/robotxworkshops.tech\\\/es\\\/#organization\"},\"potentialAction\":[{\"@type\":\"SearchAction\",\"target\":{\"@type\":\"EntryPoint\",\"urlTemplate\":\"https:\\\/\\\/robotxworkshops.tech\\\/es\\\/?s={search_term_string}\"},\"query-input\":{\"@type\":\"PropertyValueSpecification\",\"valueRequired\":true,\"valueName\":\"search_term_string\"}}],\"inLanguage\":\"es\"},{\"@type\":\"Organization\",\"@id\":\"https:\\\/\\\/robotxworkshops.tech\\\/es\\\/#organization\",\"name\":\"Talleres RobotX\",\"url\":\"https:\\\/\\\/robotxworkshops.tech\\\/es\\\/\",\"logo\":{\"@type\":\"ImageObject\",\"inLanguage\":\"es\",\"@id\":\"https:\\\/\\\/robotxworkshops.tech\\\/es\\\/#\\\/schema\\\/logo\\\/image\\\/\",\"url\":\"https:\\\/\\\/robotxworkshops.tech\\\/wp-content\\\/uploads\\\/2025\\\/02\\\/Original-Logo-e1740213463254.png\",\"contentUrl\":\"https:\\\/\\\/robotxworkshops.tech\\\/wp-content\\\/uploads\\\/2025\\\/02\\\/Original-Logo-e1740213463254.png\",\"width\":1765,\"height\":396,\"caption\":\"Talleres RobotX\"},\"image\":{\"@id\":\"https:\\\/\\\/robotxworkshops.tech\\\/es\\\/#\\\/schema\\\/logo\\\/image\\\/\"},\"sameAs\":[\"https:\\\/\\\/www.facebook.com\\\/profile.php?id=61573566684527\",\"https:\\\/\\\/x.com\\\/robotXworkshops\"]}]}<\/script>\n<!-- \/ Yoast SEO plugin. -->","yoast_head_json":{"title":"Conducci\u00f3n aut\u00f3noma basada en Lidar - Talleres RobotX","description":"Mejora tus conocimientos de rob\u00f3tica con un curso de conducci\u00f3n aut\u00f3noma basado en LiDAR, perfecto para el aprendizaje pr\u00e1ctico.","robots":{"index":"index","follow":"follow","max-snippet":"max-snippet:-1","max-image-preview":"max-image-preview:large","max-video-preview":"max-video-preview:-1"},"canonical":"https:\/\/robotxworkshops.tech\/es\/product\/conduccion-autonoma-basada-en-lidar\/","og_locale":"es_ES","og_type":"article","og_title":"Conducci\u00f3n aut\u00f3noma basada en Lidar - Talleres RobotX","og_description":"Mejora tus conocimientos de rob\u00f3tica con un curso de conducci\u00f3n aut\u00f3noma basado en LiDAR, perfecto para el aprendizaje pr\u00e1ctico.","og_url":"https:\/\/robotxworkshops.tech\/es\/product\/conduccion-autonoma-basada-en-lidar\/","og_site_name":"Talleres RobotX","article_publisher":"https:\/\/www.facebook.com\/profile.php?id=61573566684527","og_image":[{"width":1125,"height":617,"url":"https:\/\/robotxworkshops.tech\/wp-content\/uploads\/2025\/01\/Neueste-Fotos-anzeigen.jpg","type":"image\/jpeg"}],"twitter_card":"summary_large_image","twitter_site":"@robotXworkshops","schema":{"@context":"https:\/\/schema.org","@graph":[{"@type":"WebPage","@id":"https:\/\/robotxworkshops.tech\/es\/product\/conduccion-autonoma-basada-en-lidar\/","url":"https:\/\/robotxworkshops.tech\/es\/product\/conduccion-autonoma-basada-en-lidar\/","name":"Conducci\u00f3n aut\u00f3noma basada en Lidar - Talleres RobotX","isPartOf":{"@id":"https:\/\/robotxworkshops.tech\/es\/#website"},"primaryImageOfPage":{"@id":"https:\/\/robotxworkshops.tech\/es\/product\/conduccion-autonoma-basada-en-lidar\/#primaryimage"},"image":{"@id":"https:\/\/robotxworkshops.tech\/es\/product\/conduccion-autonoma-basada-en-lidar\/#primaryimage"},"thumbnailUrl":"https:\/\/robotxworkshops.tech\/wp-content\/uploads\/2025\/01\/Neueste-Fotos-anzeigen.jpg","datePublished":"2025-01-06T08:53:37+00:00","description":"Mejora tus conocimientos de rob\u00f3tica con un curso de conducci\u00f3n aut\u00f3noma basado en LiDAR, perfecto para el aprendizaje pr\u00e1ctico.","breadcrumb":{"@id":"https:\/\/robotxworkshops.tech\/es\/product\/conduccion-autonoma-basada-en-lidar\/#breadcrumb"},"inLanguage":"es","potentialAction":[{"@type":"ReadAction","target":["https:\/\/robotxworkshops.tech\/es\/product\/conduccion-autonoma-basada-en-lidar\/"]}]},{"@type":"ImageObject","inLanguage":"es","@id":"https:\/\/robotxworkshops.tech\/es\/product\/conduccion-autonoma-basada-en-lidar\/#primaryimage","url":"https:\/\/robotxworkshops.tech\/wp-content\/uploads\/2025\/01\/Neueste-Fotos-anzeigen.jpg","contentUrl":"https:\/\/robotxworkshops.tech\/wp-content\/uploads\/2025\/01\/Neueste-Fotos-anzeigen.jpg","width":1125,"height":617,"caption":"Autonomous vehicles in berlin"},{"@type":"BreadcrumbList","@id":"https:\/\/robotxworkshops.tech\/es\/product\/conduccion-autonoma-basada-en-lidar\/#breadcrumb","itemListElement":[{"@type":"ListItem","position":1,"name":"Inicio","item":"https:\/\/robotxworkshops.tech\/es\/"},{"@type":"ListItem","position":2,"name":"Tienda","item":"https:\/\/robotxworkshops.tech\/es\/tienda\/"},{"@type":"ListItem","position":3,"name":"Conducci\u00f3n aut\u00f3noma basada en Lidar"}]},{"@type":"WebSite","@id":"https:\/\/robotxworkshops.tech\/es\/#website","url":"https:\/\/robotxworkshops.tech\/es\/","name":"RobotX Workshops","description":"Cursos pr\u00e1cticos de rob\u00f3tica","publisher":{"@id":"https:\/\/robotxworkshops.tech\/es\/#organization"},"potentialAction":[{"@type":"SearchAction","target":{"@type":"EntryPoint","urlTemplate":"https:\/\/robotxworkshops.tech\/es\/?s={search_term_string}"},"query-input":{"@type":"PropertyValueSpecification","valueRequired":true,"valueName":"search_term_string"}}],"inLanguage":"es"},{"@type":"Organization","@id":"https:\/\/robotxworkshops.tech\/es\/#organization","name":"Talleres RobotX","url":"https:\/\/robotxworkshops.tech\/es\/","logo":{"@type":"ImageObject","inLanguage":"es","@id":"https:\/\/robotxworkshops.tech\/es\/#\/schema\/logo\/image\/","url":"https:\/\/robotxworkshops.tech\/wp-content\/uploads\/2025\/02\/Original-Logo-e1740213463254.png","contentUrl":"https:\/\/robotxworkshops.tech\/wp-content\/uploads\/2025\/02\/Original-Logo-e1740213463254.png","width":1765,"height":396,"caption":"Talleres RobotX"},"image":{"@id":"https:\/\/robotxworkshops.tech\/es\/#\/schema\/logo\/image\/"},"sameAs":["https:\/\/www.facebook.com\/profile.php?id=61573566684527","https:\/\/x.com\/robotXworkshops"]}]}},"_links":{"self":[{"href":"https:\/\/robotxworkshops.tech\/es\/wp-json\/wp\/v2\/product\/5164","targetHints":{"allow":["GET"]}}],"collection":[{"href":"https:\/\/robotxworkshops.tech\/es\/wp-json\/wp\/v2\/product"}],"about":[{"href":"https:\/\/robotxworkshops.tech\/es\/wp-json\/wp\/v2\/types\/product"}],"version-history":[{"count":0,"href":"https:\/\/robotxworkshops.tech\/es\/wp-json\/wp\/v2\/product\/5164\/revisions"}],"wp:featuredmedia":[{"embeddable":true,"href":"https:\/\/robotxworkshops.tech\/es\/wp-json\/wp\/v2\/media\/4812"}],"wp:attachment":[{"href":"https:\/\/robotxworkshops.tech\/es\/wp-json\/wp\/v2\/media?parent=5164"}],"wp:term":[{"taxonomy":"product_brand","embeddable":true,"href":"https:\/\/robotxworkshops.tech\/es\/wp-json\/wp\/v2\/product_brand?post=5164"},{"taxonomy":"product_cat","embeddable":true,"href":"https:\/\/robotxworkshops.tech\/es\/wp-json\/wp\/v2\/product_cat?post=5164"},{"taxonomy":"product_tag","embeddable":true,"href":"https:\/\/robotxworkshops.tech\/es\/wp-json\/wp\/v2\/product_tag?post=5164"}],"curies":[{"name":"wp","href":"https:\/\/api.w.org\/{rel}","templated":true}]}}