{"id":5185,"date":"2025-01-06T08:53:11","date_gmt":"2025-01-06T07:53:11","guid":{"rendered":"https:\/\/robotxworkshops.tech\/product\/conduite-autonome-basee-sur-la-vision\/"},"modified":"2025-01-06T08:53:11","modified_gmt":"2025-01-06T07:53:11","slug":"conduite-autonome-basee-sur-la-vision","status":"publish","type":"product","link":"https:\/\/robotxworkshops.tech\/fr\/product\/conduite-autonome-basee-sur-la-vision\/","title":{"rendered":"Conduite autonome bas\u00e9e sur la vision"},"content":{"rendered":"","protected":false},"excerpt":{"rendered":"<p>Ce cours est sp\u00e9cialis\u00e9 dans les robots de conduite autonome bas\u00e9s sur la vision. Gr\u00e2ce \u00e0 un m\u00e9lange de sessions en ligne et sur site, vous acquerrez les comp\u00e9tences n\u00e9cessaires pour d\u00e9velopper et mettre en \u0153uvre des syst\u00e8mes autonomes bas\u00e9s sur la vision. <\/p>\n","protected":false},"featured_media":1507,"template":"","meta":{"_monsterinsights_skip_tracking":false,"_monsterinsights_sitenote_active":false,"_monsterinsights_sitenote_note":"","_monsterinsights_sitenote_category":0},"product_brand":[],"product_cat":[96],"product_tag":[],"class_list":{"0":"post-5185","1":"product","2":"type-product","3":"status-publish","4":"has-post-thumbnail","6":"product_cat-ateliers","8":"first","9":"instock","10":"sold-individually","11":"shipping-taxable","12":"purchasable","13":"product-type-variable"},"yoast_head":"<!-- This site is optimized with the Yoast SEO plugin v27.4 - https:\/\/yoast.com\/product\/yoast-seo-wordpress\/ -->\n<title>Conduite autonome bas\u00e9e sur la vision - Ateliers RobotX<\/title>\n<meta name=\"description\" content=\"Apprenez la programmation robotique bas\u00e9e sur la vision avec notre cours de formation complet sur la technologie des v\u00e9hicules autonomes.\" \/>\n<meta name=\"robots\" content=\"index, follow, max-snippet:-1, max-image-preview:large, max-video-preview:-1\" \/>\n<link rel=\"canonical\" href=\"https:\/\/robotxworkshops.tech\/fr\/product\/conduite-autonome-basee-sur-la-vision\/\" \/>\n<meta property=\"og:locale\" content=\"fr_FR\" \/>\n<meta property=\"og:type\" content=\"article\" \/>\n<meta property=\"og:title\" content=\"Conduite autonome bas\u00e9e sur la vision - Ateliers RobotX\" \/>\n<meta property=\"og:description\" content=\"Apprenez la programmation robotique bas\u00e9e sur la vision avec notre cours de formation complet sur la technologie des v\u00e9hicules autonomes.\" \/>\n<meta property=\"og:url\" content=\"https:\/\/robotxworkshops.tech\/fr\/product\/conduite-autonome-basee-sur-la-vision\/\" \/>\n<meta property=\"og:site_name\" content=\"Ateliers RobotX\" \/>\n<meta property=\"article:publisher\" content=\"https:\/\/www.facebook.com\/profile.php?id=61573566684527\" \/>\n<meta property=\"og:image\" content=\"https:\/\/robotxworkshops.tech\/wp-content\/uploads\/2025\/01\/\u00a9Arundhati-Shenoy_Product-Photos_30.jpg\" \/>\n\t<meta property=\"og:image:width\" content=\"1401\" \/>\n\t<meta property=\"og:image:height\" content=\"2048\" \/>\n\t<meta property=\"og:image:type\" content=\"image\/jpeg\" \/>\n<meta name=\"twitter:card\" content=\"summary_large_image\" \/>\n<meta name=\"twitter:site\" content=\"@robotXworkshops\" \/>\n<script type=\"application\/ld+json\" class=\"yoast-schema-graph\">{\"@context\":\"https:\\\/\\\/schema.org\",\"@graph\":[{\"@type\":\"WebPage\",\"@id\":\"https:\\\/\\\/robotxworkshops.tech\\\/fr\\\/product\\\/conduite-autonome-basee-sur-la-vision\\\/\",\"url\":\"https:\\\/\\\/robotxworkshops.tech\\\/fr\\\/product\\\/conduite-autonome-basee-sur-la-vision\\\/\",\"name\":\"Conduite autonome bas\u00e9e sur la vision - Ateliers RobotX\",\"isPartOf\":{\"@id\":\"https:\\\/\\\/robotxworkshops.tech\\\/fr\\\/#website\"},\"primaryImageOfPage\":{\"@id\":\"https:\\\/\\\/robotxworkshops.tech\\\/fr\\\/product\\\/conduite-autonome-basee-sur-la-vision\\\/#primaryimage\"},\"image\":{\"@id\":\"https:\\\/\\\/robotxworkshops.tech\\\/fr\\\/product\\\/conduite-autonome-basee-sur-la-vision\\\/#primaryimage\"},\"thumbnailUrl\":\"https:\\\/\\\/robotxworkshops.tech\\\/wp-content\\\/uploads\\\/2025\\\/01\\\/\u00a9Arundhati-Shenoy_Product-Photos_30.jpg\",\"datePublished\":\"2025-01-06T07:53:11+00:00\",\"description\":\"Apprenez la programmation robotique bas\u00e9e sur la vision avec notre cours de formation complet sur la technologie des v\u00e9hicules autonomes.\",\"breadcrumb\":{\"@id\":\"https:\\\/\\\/robotxworkshops.tech\\\/fr\\\/product\\\/conduite-autonome-basee-sur-la-vision\\\/#breadcrumb\"},\"inLanguage\":\"fr-FR\",\"potentialAction\":[{\"@type\":\"ReadAction\",\"target\":[\"https:\\\/\\\/robotxworkshops.tech\\\/fr\\\/product\\\/conduite-autonome-basee-sur-la-vision\\\/\"]}]},{\"@type\":\"ImageObject\",\"inLanguage\":\"fr-FR\",\"@id\":\"https:\\\/\\\/robotxworkshops.tech\\\/fr\\\/product\\\/conduite-autonome-basee-sur-la-vision\\\/#primaryimage\",\"url\":\"https:\\\/\\\/robotxworkshops.tech\\\/wp-content\\\/uploads\\\/2025\\\/01\\\/\u00a9Arundhati-Shenoy_Product-Photos_30.jpg\",\"contentUrl\":\"https:\\\/\\\/robotxworkshops.tech\\\/wp-content\\\/uploads\\\/2025\\\/01\\\/\u00a9Arundhati-Shenoy_Product-Photos_30.jpg\",\"width\":1401,\"height\":2048,\"caption\":\"Robotics\"},{\"@type\":\"BreadcrumbList\",\"@id\":\"https:\\\/\\\/robotxworkshops.tech\\\/fr\\\/product\\\/conduite-autonome-basee-sur-la-vision\\\/#breadcrumb\",\"itemListElement\":[{\"@type\":\"ListItem\",\"position\":1,\"name\":\"Accueil\",\"item\":\"https:\\\/\\\/robotxworkshops.tech\\\/fr\\\/\"},{\"@type\":\"ListItem\",\"position\":2,\"name\":\"Boutique\",\"item\":\"https:\\\/\\\/robotxworkshops.tech\\\/fr\\\/boutique\\\/\"},{\"@type\":\"ListItem\",\"position\":3,\"name\":\"Conduite autonome bas\u00e9e sur la vision\"}]},{\"@type\":\"WebSite\",\"@id\":\"https:\\\/\\\/robotxworkshops.tech\\\/fr\\\/#website\",\"url\":\"https:\\\/\\\/robotxworkshops.tech\\\/fr\\\/\",\"name\":\"RobotX Workshops\",\"description\":\"Cours pratiques de robotique\",\"publisher\":{\"@id\":\"https:\\\/\\\/robotxworkshops.tech\\\/fr\\\/#organization\"},\"potentialAction\":[{\"@type\":\"SearchAction\",\"target\":{\"@type\":\"EntryPoint\",\"urlTemplate\":\"https:\\\/\\\/robotxworkshops.tech\\\/fr\\\/?s={search_term_string}\"},\"query-input\":{\"@type\":\"PropertyValueSpecification\",\"valueRequired\":true,\"valueName\":\"search_term_string\"}}],\"inLanguage\":\"fr-FR\"},{\"@type\":\"Organization\",\"@id\":\"https:\\\/\\\/robotxworkshops.tech\\\/fr\\\/#organization\",\"name\":\"Ateliers RobotX\",\"url\":\"https:\\\/\\\/robotxworkshops.tech\\\/fr\\\/\",\"logo\":{\"@type\":\"ImageObject\",\"inLanguage\":\"fr-FR\",\"@id\":\"https:\\\/\\\/robotxworkshops.tech\\\/fr\\\/#\\\/schema\\\/logo\\\/image\\\/\",\"url\":\"https:\\\/\\\/robotxworkshops.tech\\\/wp-content\\\/uploads\\\/2025\\\/02\\\/Original-Logo-e1740213463254.png\",\"contentUrl\":\"https:\\\/\\\/robotxworkshops.tech\\\/wp-content\\\/uploads\\\/2025\\\/02\\\/Original-Logo-e1740213463254.png\",\"width\":1765,\"height\":396,\"caption\":\"Ateliers RobotX\"},\"image\":{\"@id\":\"https:\\\/\\\/robotxworkshops.tech\\\/fr\\\/#\\\/schema\\\/logo\\\/image\\\/\"},\"sameAs\":[\"https:\\\/\\\/www.facebook.com\\\/profile.php?id=61573566684527\",\"https:\\\/\\\/x.com\\\/robotXworkshops\"]}]}<\/script>\n<!-- \/ Yoast SEO plugin. -->","yoast_head_json":{"title":"Conduite autonome bas\u00e9e sur la vision - Ateliers RobotX","description":"Apprenez la programmation robotique bas\u00e9e sur la vision avec notre cours de formation complet sur la technologie des v\u00e9hicules autonomes.","robots":{"index":"index","follow":"follow","max-snippet":"max-snippet:-1","max-image-preview":"max-image-preview:large","max-video-preview":"max-video-preview:-1"},"canonical":"https:\/\/robotxworkshops.tech\/fr\/product\/conduite-autonome-basee-sur-la-vision\/","og_locale":"fr_FR","og_type":"article","og_title":"Conduite autonome bas\u00e9e sur la vision - Ateliers RobotX","og_description":"Apprenez la programmation robotique bas\u00e9e sur la vision avec notre cours de formation complet sur la technologie des v\u00e9hicules autonomes.","og_url":"https:\/\/robotxworkshops.tech\/fr\/product\/conduite-autonome-basee-sur-la-vision\/","og_site_name":"Ateliers RobotX","article_publisher":"https:\/\/www.facebook.com\/profile.php?id=61573566684527","og_image":[{"width":1401,"height":2048,"url":"https:\/\/robotxworkshops.tech\/wp-content\/uploads\/2025\/01\/\u00a9Arundhati-Shenoy_Product-Photos_30.jpg","type":"image\/jpeg"}],"twitter_card":"summary_large_image","twitter_site":"@robotXworkshops","schema":{"@context":"https:\/\/schema.org","@graph":[{"@type":"WebPage","@id":"https:\/\/robotxworkshops.tech\/fr\/product\/conduite-autonome-basee-sur-la-vision\/","url":"https:\/\/robotxworkshops.tech\/fr\/product\/conduite-autonome-basee-sur-la-vision\/","name":"Conduite autonome bas\u00e9e sur la vision - Ateliers RobotX","isPartOf":{"@id":"https:\/\/robotxworkshops.tech\/fr\/#website"},"primaryImageOfPage":{"@id":"https:\/\/robotxworkshops.tech\/fr\/product\/conduite-autonome-basee-sur-la-vision\/#primaryimage"},"image":{"@id":"https:\/\/robotxworkshops.tech\/fr\/product\/conduite-autonome-basee-sur-la-vision\/#primaryimage"},"thumbnailUrl":"https:\/\/robotxworkshops.tech\/wp-content\/uploads\/2025\/01\/\u00a9Arundhati-Shenoy_Product-Photos_30.jpg","datePublished":"2025-01-06T07:53:11+00:00","description":"Apprenez la programmation robotique bas\u00e9e sur la vision avec notre cours de formation complet sur la technologie des v\u00e9hicules autonomes.","breadcrumb":{"@id":"https:\/\/robotxworkshops.tech\/fr\/product\/conduite-autonome-basee-sur-la-vision\/#breadcrumb"},"inLanguage":"fr-FR","potentialAction":[{"@type":"ReadAction","target":["https:\/\/robotxworkshops.tech\/fr\/product\/conduite-autonome-basee-sur-la-vision\/"]}]},{"@type":"ImageObject","inLanguage":"fr-FR","@id":"https:\/\/robotxworkshops.tech\/fr\/product\/conduite-autonome-basee-sur-la-vision\/#primaryimage","url":"https:\/\/robotxworkshops.tech\/wp-content\/uploads\/2025\/01\/\u00a9Arundhati-Shenoy_Product-Photos_30.jpg","contentUrl":"https:\/\/robotxworkshops.tech\/wp-content\/uploads\/2025\/01\/\u00a9Arundhati-Shenoy_Product-Photos_30.jpg","width":1401,"height":2048,"caption":"Robotics"},{"@type":"BreadcrumbList","@id":"https:\/\/robotxworkshops.tech\/fr\/product\/conduite-autonome-basee-sur-la-vision\/#breadcrumb","itemListElement":[{"@type":"ListItem","position":1,"name":"Accueil","item":"https:\/\/robotxworkshops.tech\/fr\/"},{"@type":"ListItem","position":2,"name":"Boutique","item":"https:\/\/robotxworkshops.tech\/fr\/boutique\/"},{"@type":"ListItem","position":3,"name":"Conduite autonome bas\u00e9e sur la vision"}]},{"@type":"WebSite","@id":"https:\/\/robotxworkshops.tech\/fr\/#website","url":"https:\/\/robotxworkshops.tech\/fr\/","name":"RobotX Workshops","description":"Cours pratiques de robotique","publisher":{"@id":"https:\/\/robotxworkshops.tech\/fr\/#organization"},"potentialAction":[{"@type":"SearchAction","target":{"@type":"EntryPoint","urlTemplate":"https:\/\/robotxworkshops.tech\/fr\/?s={search_term_string}"},"query-input":{"@type":"PropertyValueSpecification","valueRequired":true,"valueName":"search_term_string"}}],"inLanguage":"fr-FR"},{"@type":"Organization","@id":"https:\/\/robotxworkshops.tech\/fr\/#organization","name":"Ateliers RobotX","url":"https:\/\/robotxworkshops.tech\/fr\/","logo":{"@type":"ImageObject","inLanguage":"fr-FR","@id":"https:\/\/robotxworkshops.tech\/fr\/#\/schema\/logo\/image\/","url":"https:\/\/robotxworkshops.tech\/wp-content\/uploads\/2025\/02\/Original-Logo-e1740213463254.png","contentUrl":"https:\/\/robotxworkshops.tech\/wp-content\/uploads\/2025\/02\/Original-Logo-e1740213463254.png","width":1765,"height":396,"caption":"Ateliers RobotX"},"image":{"@id":"https:\/\/robotxworkshops.tech\/fr\/#\/schema\/logo\/image\/"},"sameAs":["https:\/\/www.facebook.com\/profile.php?id=61573566684527","https:\/\/x.com\/robotXworkshops"]}]}},"_links":{"self":[{"href":"https:\/\/robotxworkshops.tech\/fr\/wp-json\/wp\/v2\/product\/5185","targetHints":{"allow":["GET"]}}],"collection":[{"href":"https:\/\/robotxworkshops.tech\/fr\/wp-json\/wp\/v2\/product"}],"about":[{"href":"https:\/\/robotxworkshops.tech\/fr\/wp-json\/wp\/v2\/types\/product"}],"version-history":[{"count":0,"href":"https:\/\/robotxworkshops.tech\/fr\/wp-json\/wp\/v2\/product\/5185\/revisions"}],"wp:featuredmedia":[{"embeddable":true,"href":"https:\/\/robotxworkshops.tech\/fr\/wp-json\/wp\/v2\/media\/1507"}],"wp:attachment":[{"href":"https:\/\/robotxworkshops.tech\/fr\/wp-json\/wp\/v2\/media?parent=5185"}],"wp:term":[{"taxonomy":"product_brand","embeddable":true,"href":"https:\/\/robotxworkshops.tech\/fr\/wp-json\/wp\/v2\/product_brand?post=5185"},{"taxonomy":"product_cat","embeddable":true,"href":"https:\/\/robotxworkshops.tech\/fr\/wp-json\/wp\/v2\/product_cat?post=5185"},{"taxonomy":"product_tag","embeddable":true,"href":"https:\/\/robotxworkshops.tech\/fr\/wp-json\/wp\/v2\/product_tag?post=5185"}],"curies":[{"name":"wp","href":"https:\/\/api.w.org\/{rel}","templated":true}]}}