{"id":5192,"date":"2025-01-06T08:53:37","date_gmt":"2025-01-06T08:53:37","guid":{"rendered":"https:\/\/robotxworkshops.tech\/product\/conduite-autonome-basee-sur-le-lidar\/"},"modified":"2025-01-06T08:53:37","modified_gmt":"2025-01-06T07:53:37","slug":"conduite-autonome-basee-sur-le-lidar","status":"publish","type":"product","link":"https:\/\/robotxworkshops.tech\/fr\/product\/conduite-autonome-basee-sur-le-lidar\/","title":{"rendered":"Conduite autonome bas\u00e9e sur le Lidar"},"content":{"rendered":"<p>Voici la description<\/p>\n","protected":false},"excerpt":{"rendered":"<p>D\u00e9couvrez la puissance de la technologie Lidar dans la conduite autonome gr\u00e2ce \u00e0 notre atelier immersif bas\u00e9 sur le Lidar. Ce cours pratique est con\u00e7u pour les personnes d\u00e9sireuses d&rsquo;explorer les applications de pointe du Lidar dans les syst\u00e8mes de conduite autonome. Gr\u00e2ce \u00e0 un m\u00e9lange de sessions en ligne et sur site, vous acquerrez des comp\u00e9tences pratiques dans le d\u00e9veloppement et la mise en \u0153uvre de v\u00e9hicules autonomes bas\u00e9s sur le Lidar.  <\/p>\n","protected":false},"featured_media":4808,"template":"","meta":{"_monsterinsights_skip_tracking":false,"_monsterinsights_sitenote_active":false,"_monsterinsights_sitenote_note":"","_monsterinsights_sitenote_category":0},"product_brand":[],"product_cat":[96],"product_tag":[],"class_list":{"0":"post-5192","1":"product","2":"type-product","3":"status-publish","4":"has-post-thumbnail","6":"product_cat-ateliers","8":"first","9":"outofstock","10":"sold-individually","11":"shipping-taxable","12":"product-type-variable","13":"has-default-attributes"},"yoast_head":"<!-- This site is optimized with the Yoast SEO plugin v27.4 - https:\/\/yoast.com\/product\/yoast-seo-wordpress\/ -->\n<title>Conduite autonome bas\u00e9e sur le Lidar - Ateliers RobotX<\/title>\n<meta name=\"description\" content=\"Am\u00e9liorez vos comp\u00e9tences en robotique avec un cours de conduite autonome bas\u00e9 sur le LiDAR, parfait pour un apprentissage pratique.\" \/>\n<meta name=\"robots\" content=\"index, follow, max-snippet:-1, max-image-preview:large, max-video-preview:-1\" \/>\n<link rel=\"canonical\" href=\"https:\/\/robotxworkshops.tech\/fr\/product\/conduite-autonome-basee-sur-le-lidar\/\" \/>\n<meta property=\"og:locale\" content=\"fr_FR\" \/>\n<meta property=\"og:type\" content=\"article\" \/>\n<meta property=\"og:title\" content=\"Conduite autonome bas\u00e9e sur le Lidar - Ateliers RobotX\" \/>\n<meta property=\"og:description\" content=\"Am\u00e9liorez vos comp\u00e9tences en robotique avec un cours de conduite autonome bas\u00e9 sur le LiDAR, parfait pour un apprentissage pratique.\" \/>\n<meta property=\"og:url\" content=\"https:\/\/robotxworkshops.tech\/fr\/product\/conduite-autonome-basee-sur-le-lidar\/\" \/>\n<meta property=\"og:site_name\" content=\"Ateliers RobotX\" \/>\n<meta property=\"article:publisher\" content=\"https:\/\/www.facebook.com\/profile.php?id=61573566684527\" \/>\n<meta property=\"og:image\" content=\"https:\/\/robotxworkshops.tech\/wp-content\/uploads\/2025\/01\/Neueste-Fotos-anzeigen.jpg\" \/>\n\t<meta property=\"og:image:width\" content=\"1125\" \/>\n\t<meta property=\"og:image:height\" content=\"617\" \/>\n\t<meta property=\"og:image:type\" content=\"image\/jpeg\" \/>\n<meta name=\"twitter:card\" content=\"summary_large_image\" \/>\n<meta name=\"twitter:site\" content=\"@robotXworkshops\" \/>\n<script type=\"application\/ld+json\" class=\"yoast-schema-graph\">{\"@context\":\"https:\\\/\\\/schema.org\",\"@graph\":[{\"@type\":\"WebPage\",\"@id\":\"https:\\\/\\\/robotxworkshops.tech\\\/fr\\\/product\\\/conduite-autonome-basee-sur-le-lidar\\\/\",\"url\":\"https:\\\/\\\/robotxworkshops.tech\\\/fr\\\/product\\\/conduite-autonome-basee-sur-le-lidar\\\/\",\"name\":\"Conduite autonome bas\u00e9e sur le Lidar - Ateliers RobotX\",\"isPartOf\":{\"@id\":\"https:\\\/\\\/robotxworkshops.tech\\\/fr\\\/#website\"},\"primaryImageOfPage\":{\"@id\":\"https:\\\/\\\/robotxworkshops.tech\\\/fr\\\/product\\\/conduite-autonome-basee-sur-le-lidar\\\/#primaryimage\"},\"image\":{\"@id\":\"https:\\\/\\\/robotxworkshops.tech\\\/fr\\\/product\\\/conduite-autonome-basee-sur-le-lidar\\\/#primaryimage\"},\"thumbnailUrl\":\"https:\\\/\\\/robotxworkshops.tech\\\/wp-content\\\/uploads\\\/2025\\\/01\\\/Neueste-Fotos-anzeigen.jpg\",\"datePublished\":\"2025-01-06T08:53:37+00:00\",\"description\":\"Am\u00e9liorez vos comp\u00e9tences en robotique avec un cours de conduite autonome bas\u00e9 sur le LiDAR, parfait pour un apprentissage pratique.\",\"breadcrumb\":{\"@id\":\"https:\\\/\\\/robotxworkshops.tech\\\/fr\\\/product\\\/conduite-autonome-basee-sur-le-lidar\\\/#breadcrumb\"},\"inLanguage\":\"fr-FR\",\"potentialAction\":[{\"@type\":\"ReadAction\",\"target\":[\"https:\\\/\\\/robotxworkshops.tech\\\/fr\\\/product\\\/conduite-autonome-basee-sur-le-lidar\\\/\"]}]},{\"@type\":\"ImageObject\",\"inLanguage\":\"fr-FR\",\"@id\":\"https:\\\/\\\/robotxworkshops.tech\\\/fr\\\/product\\\/conduite-autonome-basee-sur-le-lidar\\\/#primaryimage\",\"url\":\"https:\\\/\\\/robotxworkshops.tech\\\/wp-content\\\/uploads\\\/2025\\\/01\\\/Neueste-Fotos-anzeigen.jpg\",\"contentUrl\":\"https:\\\/\\\/robotxworkshops.tech\\\/wp-content\\\/uploads\\\/2025\\\/01\\\/Neueste-Fotos-anzeigen.jpg\",\"width\":1125,\"height\":617,\"caption\":\"Autonomous vehicles in berlin\"},{\"@type\":\"BreadcrumbList\",\"@id\":\"https:\\\/\\\/robotxworkshops.tech\\\/fr\\\/product\\\/conduite-autonome-basee-sur-le-lidar\\\/#breadcrumb\",\"itemListElement\":[{\"@type\":\"ListItem\",\"position\":1,\"name\":\"Accueil\",\"item\":\"https:\\\/\\\/robotxworkshops.tech\\\/fr\\\/\"},{\"@type\":\"ListItem\",\"position\":2,\"name\":\"Boutique\",\"item\":\"https:\\\/\\\/robotxworkshops.tech\\\/fr\\\/boutique\\\/\"},{\"@type\":\"ListItem\",\"position\":3,\"name\":\"Conduite autonome bas\u00e9e sur le Lidar\"}]},{\"@type\":\"WebSite\",\"@id\":\"https:\\\/\\\/robotxworkshops.tech\\\/fr\\\/#website\",\"url\":\"https:\\\/\\\/robotxworkshops.tech\\\/fr\\\/\",\"name\":\"RobotX Workshops\",\"description\":\"Cours pratiques de robotique\",\"publisher\":{\"@id\":\"https:\\\/\\\/robotxworkshops.tech\\\/fr\\\/#organization\"},\"potentialAction\":[{\"@type\":\"SearchAction\",\"target\":{\"@type\":\"EntryPoint\",\"urlTemplate\":\"https:\\\/\\\/robotxworkshops.tech\\\/fr\\\/?s={search_term_string}\"},\"query-input\":{\"@type\":\"PropertyValueSpecification\",\"valueRequired\":true,\"valueName\":\"search_term_string\"}}],\"inLanguage\":\"fr-FR\"},{\"@type\":\"Organization\",\"@id\":\"https:\\\/\\\/robotxworkshops.tech\\\/fr\\\/#organization\",\"name\":\"Ateliers RobotX\",\"url\":\"https:\\\/\\\/robotxworkshops.tech\\\/fr\\\/\",\"logo\":{\"@type\":\"ImageObject\",\"inLanguage\":\"fr-FR\",\"@id\":\"https:\\\/\\\/robotxworkshops.tech\\\/fr\\\/#\\\/schema\\\/logo\\\/image\\\/\",\"url\":\"https:\\\/\\\/robotxworkshops.tech\\\/wp-content\\\/uploads\\\/2025\\\/02\\\/Original-Logo-e1740213463254.png\",\"contentUrl\":\"https:\\\/\\\/robotxworkshops.tech\\\/wp-content\\\/uploads\\\/2025\\\/02\\\/Original-Logo-e1740213463254.png\",\"width\":1765,\"height\":396,\"caption\":\"Ateliers RobotX\"},\"image\":{\"@id\":\"https:\\\/\\\/robotxworkshops.tech\\\/fr\\\/#\\\/schema\\\/logo\\\/image\\\/\"},\"sameAs\":[\"https:\\\/\\\/www.facebook.com\\\/profile.php?id=61573566684527\",\"https:\\\/\\\/x.com\\\/robotXworkshops\"]}]}<\/script>\n<!-- \/ Yoast SEO plugin. -->","yoast_head_json":{"title":"Conduite autonome bas\u00e9e sur le Lidar - Ateliers RobotX","description":"Am\u00e9liorez vos comp\u00e9tences en robotique avec un cours de conduite autonome bas\u00e9 sur le LiDAR, parfait pour un apprentissage pratique.","robots":{"index":"index","follow":"follow","max-snippet":"max-snippet:-1","max-image-preview":"max-image-preview:large","max-video-preview":"max-video-preview:-1"},"canonical":"https:\/\/robotxworkshops.tech\/fr\/product\/conduite-autonome-basee-sur-le-lidar\/","og_locale":"fr_FR","og_type":"article","og_title":"Conduite autonome bas\u00e9e sur le Lidar - Ateliers RobotX","og_description":"Am\u00e9liorez vos comp\u00e9tences en robotique avec un cours de conduite autonome bas\u00e9 sur le LiDAR, parfait pour un apprentissage pratique.","og_url":"https:\/\/robotxworkshops.tech\/fr\/product\/conduite-autonome-basee-sur-le-lidar\/","og_site_name":"Ateliers RobotX","article_publisher":"https:\/\/www.facebook.com\/profile.php?id=61573566684527","og_image":[{"width":1125,"height":617,"url":"https:\/\/robotxworkshops.tech\/wp-content\/uploads\/2025\/01\/Neueste-Fotos-anzeigen.jpg","type":"image\/jpeg"}],"twitter_card":"summary_large_image","twitter_site":"@robotXworkshops","schema":{"@context":"https:\/\/schema.org","@graph":[{"@type":"WebPage","@id":"https:\/\/robotxworkshops.tech\/fr\/product\/conduite-autonome-basee-sur-le-lidar\/","url":"https:\/\/robotxworkshops.tech\/fr\/product\/conduite-autonome-basee-sur-le-lidar\/","name":"Conduite autonome bas\u00e9e sur le Lidar - Ateliers RobotX","isPartOf":{"@id":"https:\/\/robotxworkshops.tech\/fr\/#website"},"primaryImageOfPage":{"@id":"https:\/\/robotxworkshops.tech\/fr\/product\/conduite-autonome-basee-sur-le-lidar\/#primaryimage"},"image":{"@id":"https:\/\/robotxworkshops.tech\/fr\/product\/conduite-autonome-basee-sur-le-lidar\/#primaryimage"},"thumbnailUrl":"https:\/\/robotxworkshops.tech\/wp-content\/uploads\/2025\/01\/Neueste-Fotos-anzeigen.jpg","datePublished":"2025-01-06T08:53:37+00:00","description":"Am\u00e9liorez vos comp\u00e9tences en robotique avec un cours de conduite autonome bas\u00e9 sur le LiDAR, parfait pour un apprentissage pratique.","breadcrumb":{"@id":"https:\/\/robotxworkshops.tech\/fr\/product\/conduite-autonome-basee-sur-le-lidar\/#breadcrumb"},"inLanguage":"fr-FR","potentialAction":[{"@type":"ReadAction","target":["https:\/\/robotxworkshops.tech\/fr\/product\/conduite-autonome-basee-sur-le-lidar\/"]}]},{"@type":"ImageObject","inLanguage":"fr-FR","@id":"https:\/\/robotxworkshops.tech\/fr\/product\/conduite-autonome-basee-sur-le-lidar\/#primaryimage","url":"https:\/\/robotxworkshops.tech\/wp-content\/uploads\/2025\/01\/Neueste-Fotos-anzeigen.jpg","contentUrl":"https:\/\/robotxworkshops.tech\/wp-content\/uploads\/2025\/01\/Neueste-Fotos-anzeigen.jpg","width":1125,"height":617,"caption":"Autonomous vehicles in berlin"},{"@type":"BreadcrumbList","@id":"https:\/\/robotxworkshops.tech\/fr\/product\/conduite-autonome-basee-sur-le-lidar\/#breadcrumb","itemListElement":[{"@type":"ListItem","position":1,"name":"Accueil","item":"https:\/\/robotxworkshops.tech\/fr\/"},{"@type":"ListItem","position":2,"name":"Boutique","item":"https:\/\/robotxworkshops.tech\/fr\/boutique\/"},{"@type":"ListItem","position":3,"name":"Conduite autonome bas\u00e9e sur le Lidar"}]},{"@type":"WebSite","@id":"https:\/\/robotxworkshops.tech\/fr\/#website","url":"https:\/\/robotxworkshops.tech\/fr\/","name":"RobotX Workshops","description":"Cours pratiques de robotique","publisher":{"@id":"https:\/\/robotxworkshops.tech\/fr\/#organization"},"potentialAction":[{"@type":"SearchAction","target":{"@type":"EntryPoint","urlTemplate":"https:\/\/robotxworkshops.tech\/fr\/?s={search_term_string}"},"query-input":{"@type":"PropertyValueSpecification","valueRequired":true,"valueName":"search_term_string"}}],"inLanguage":"fr-FR"},{"@type":"Organization","@id":"https:\/\/robotxworkshops.tech\/fr\/#organization","name":"Ateliers RobotX","url":"https:\/\/robotxworkshops.tech\/fr\/","logo":{"@type":"ImageObject","inLanguage":"fr-FR","@id":"https:\/\/robotxworkshops.tech\/fr\/#\/schema\/logo\/image\/","url":"https:\/\/robotxworkshops.tech\/wp-content\/uploads\/2025\/02\/Original-Logo-e1740213463254.png","contentUrl":"https:\/\/robotxworkshops.tech\/wp-content\/uploads\/2025\/02\/Original-Logo-e1740213463254.png","width":1765,"height":396,"caption":"Ateliers RobotX"},"image":{"@id":"https:\/\/robotxworkshops.tech\/fr\/#\/schema\/logo\/image\/"},"sameAs":["https:\/\/www.facebook.com\/profile.php?id=61573566684527","https:\/\/x.com\/robotXworkshops"]}]}},"_links":{"self":[{"href":"https:\/\/robotxworkshops.tech\/fr\/wp-json\/wp\/v2\/product\/5192","targetHints":{"allow":["GET"]}}],"collection":[{"href":"https:\/\/robotxworkshops.tech\/fr\/wp-json\/wp\/v2\/product"}],"about":[{"href":"https:\/\/robotxworkshops.tech\/fr\/wp-json\/wp\/v2\/types\/product"}],"version-history":[{"count":0,"href":"https:\/\/robotxworkshops.tech\/fr\/wp-json\/wp\/v2\/product\/5192\/revisions"}],"wp:featuredmedia":[{"embeddable":true,"href":"https:\/\/robotxworkshops.tech\/fr\/wp-json\/wp\/v2\/media\/4808"}],"wp:attachment":[{"href":"https:\/\/robotxworkshops.tech\/fr\/wp-json\/wp\/v2\/media?parent=5192"}],"wp:term":[{"taxonomy":"product_brand","embeddable":true,"href":"https:\/\/robotxworkshops.tech\/fr\/wp-json\/wp\/v2\/product_brand?post=5192"},{"taxonomy":"product_cat","embeddable":true,"href":"https:\/\/robotxworkshops.tech\/fr\/wp-json\/wp\/v2\/product_cat?post=5192"},{"taxonomy":"product_tag","embeddable":true,"href":"https:\/\/robotxworkshops.tech\/fr\/wp-json\/wp\/v2\/product_tag?post=5192"}],"curies":[{"name":"wp","href":"https:\/\/api.w.org\/{rel}","templated":true}]}}