{"id":5003,"date":"2025-01-06T08:34:53","date_gmt":"2025-01-06T07:34:53","guid":{"rendered":"https:\/\/robotxworkshops.tech\/regulamin\/"},"modified":"2025-02-19T13:05:37","modified_gmt":"2025-02-19T12:05:37","slug":"regulamin","status":"publish","type":"page","link":"https:\/\/robotxworkshops.tech\/pl\/regulamin\/","title":{"rendered":"Regulamin"},"content":{"rendered":"\t\t<div data-elementor-type=\"wp-page\" data-elementor-id=\"5003\" class=\"elementor elementor-5003 elementor-287\" data-elementor-post-type=\"page\">\n\t\t\t\t\t\t<section class=\"elementor-section elementor-top-section elementor-element elementor-element-24fc6e7e elementor-section-boxed elementor-section-height-default elementor-section-height-default\" data-id=\"24fc6e7e\" data-element_type=\"section\" data-e-type=\"section\" data-settings=\"{&quot;background_background&quot;:&quot;classic&quot;}\">\n\t\t\t\t\t\t\t<div class=\"elementor-background-overlay\"><\/div>\n\t\t\t\t\t\t\t<div class=\"elementor-container elementor-column-gap-default\">\n\t\t\t\t\t<div class=\"elementor-column elementor-col-100 elementor-top-column elementor-element elementor-element-66e2fcd5\" data-id=\"66e2fcd5\" data-element_type=\"column\" data-e-type=\"column\">\n\t\t\t<div class=\"elementor-widget-wrap elementor-element-populated\">\n\t\t\t\t\t\t<section class=\"elementor-section elementor-inner-section elementor-element elementor-element-5f5dec33 elementor-section-boxed elementor-section-height-default elementor-section-height-default\" data-id=\"5f5dec33\" data-element_type=\"section\" data-e-type=\"section\">\n\t\t\t\t\t\t<div class=\"elementor-container elementor-column-gap-default\">\n\t\t\t\t\t<div class=\"elementor-column elementor-col-100 elementor-inner-column elementor-element elementor-element-51d4a89b elementor-invisible\" data-id=\"51d4a89b\" data-element_type=\"column\" data-e-type=\"column\" data-settings=\"{&quot;animation&quot;:&quot;fadeInUp&quot;}\">\n\t\t\t<div class=\"elementor-widget-wrap elementor-element-populated\">\n\t\t\t\t\t\t<div class=\"elementor-element elementor-element-42518b58 elementor-widget elementor-widget-heading\" data-id=\"42518b58\" data-element_type=\"widget\" data-e-type=\"widget\" data-widget_type=\"heading.default\">\n\t\t\t\t\t<h2 class=\"elementor-heading-title elementor-size-default\">Prawne<\/h2>\t\t\t\t<\/div>\n\t\t\t\t<div class=\"elementor-element elementor-element-a415573 elementor-widget elementor-widget-heading\" data-id=\"a415573\" data-element_type=\"widget\" data-e-type=\"widget\" data-widget_type=\"heading.default\">\n\t\t\t\t\t<h1 class=\"elementor-heading-title elementor-size-default\">Zasady i warunki<\/h1>\t\t\t\t<\/div>\n\t\t\t\t\t<\/div>\n\t\t<\/div>\n\t\t\t\t\t<\/div>\n\t\t<\/section>\n\t\t\t\t\t<\/div>\n\t\t<\/div>\n\t\t\t\t\t<\/div>\n\t\t<\/section>\n\t\t<div class=\"elementor-element elementor-element-42ec809 e-flex e-con-boxed e-con e-parent\" data-id=\"42ec809\" data-element_type=\"container\" data-e-type=\"container\">\n\t\t\t\t\t<div class=\"e-con-inner\">\n\t\t\t\t<div class=\"elementor-element elementor-element-c81f34b elementor-widget elementor-widget-text-editor\" data-id=\"c81f34b\" data-element_type=\"widget\" data-e-type=\"widget\" data-widget_type=\"text-editor.default\">\n\t\t\t\t\t\t\t\t\t<div class=\"flex-1 overflow-hidden @container\/thread\"><p> <\/p><div class=\"h-full\"><div class=\"react-scroll-to-bottom--css-epkfu-79elbk h-full\"><div class=\"react-scroll-to-bottom--css-epkfu-1n7m0yu\"><div class=\"flex flex-col text-sm md:pb-9\"><article class=\"w-full scroll-mb-[var(--thread-trailing-height,150px)] text-token-text-primary focus-visible:outline-2 focus-visible:outline-offset-[-4px]\" dir=\"auto\" data-testid=\"conversation-turn-7\" data-scroll-anchor=\"true\"><div class=\"m-auto text-base py-[18px] px-3 md:px-4 w-full md:px-5 lg:px-4 xl:px-5\"><div class=\"mx-auto flex flex-1 gap-4 text-base md:gap-5 lg:gap-6 md:max-w-3xl\"><div class=\"group\/conversation-turn relative flex w-full min-w-0 flex-col agent-turn\"><div class=\"flex-col gap-1 md:gap-3\"><div class=\"flex max-w-full flex-col flex-grow\"><div class=\"min-h-8 text-message flex w-full flex-col items-end gap-2 whitespace-normal break-words text-start [.text-message+&amp;]:mt-5\" dir=\"auto\" data-message-author-role=\"assistant\" data-message-id=\"4f62f3d2-5e51-42bc-9273-b40a6f0672c6\" data-message-model-slug=\"gpt-4o-mini\"><div class=\"flex w-full flex-col gap-1 empty:hidden first:pt-[3px]\"><div class=\"markdown prose w-full break-words dark:prose-invert dark\"><h2><strong>Rejestracja i p\u0142atno\u015b\u0107<\/strong><\/h2><ol><li><p><strong>Rejestracja<\/strong>:<\/p><ul><li>Aby zapewni\u0107 sobie miejsce na warsztatach, uczestnicy musz\u0105 uko\u0144czy\u0107 proces rejestracji online i poda\u0107 wszystkie wymagane informacje.<\/li><\/ul><\/li><li><p><strong>P\u0142atno\u015b\u0107<\/strong>:<\/p><ul><li>Pe\u0142na p\u0142atno\u015b\u0107 jest wymagana w momencie rejestracji. P\u0142atno\u015bci mo\u017cna dokona\u0107 za pomoc\u0105 metod okre\u015blonych na naszej stronie internetowej. <\/li><\/ul><\/li><li><p><strong>Potwierdzenie<\/strong>:<\/p><ul><li>Po pomy\u015blnej rejestracji i dokonaniu p\u0142atno\u015bci otrzymasz wiadomo\u015b\u0107 e-mail z potwierdzeniem. Zachowaj t\u0119 wiadomo\u015b\u0107 e-mail do swojej dokumentacji. <\/li><\/ul><\/li><\/ol><div> <\/div><hr><h2> <\/h2><h2><strong>Anulowanie i zwroty koszt\u00f3w<\/strong><\/h2><ol><li><p><strong>Anulowanie<\/strong> uczestnictwa:<\/p><ul><li>Anulowanie rezerwacji dokonane co najmniej 7 dni przed dat\u0105 rozpocz\u0119cia warsztat\u00f3w kwalifikuje si\u0119 do pe\u0142nego zwrotu koszt\u00f3w.<\/li><li>Anulowanie rezerwacji na mniej ni\u017c 7 dni przed dat\u0105 rozpocz\u0119cia warsztat\u00f3w nie podlega zwrotowi.<\/li><\/ul><\/li><li><p><strong>RobotX Cancellations<\/strong>:<\/p><ul><li>Je\u015bli RobotX odwo\u0142a warsztaty z powodu nieprzewidzianych okoliczno\u015bci, uczestnicy otrzymaj\u0105 pe\u0142ny zwrot koszt\u00f3w lub mo\u017cliwo\u015b\u0107 zmiany terminu.<\/li><\/ul><\/li><\/ol><div> <\/div><hr><h2> <\/h2><h2><strong>Tre\u015b\u0107 i materia\u0142y warsztatowe<\/strong><\/h2><ol><li><p><strong>W\u0142asno\u015b\u0107<\/strong>:<\/p><ul><li>Ca\u0142a zawarto\u015b\u0107 warsztat\u00f3w, w tym slajdy, materia\u0142y informacyjne i materia\u0142y, stanowi\u0105 w\u0142asno\u015b\u0107 intelektualn\u0105 RobotX i nie mog\u0105 by\u0107 powielane, rozpowszechniane ani wykorzystywane do cel\u00f3w komercyjnych bez uprzedniej pisemnej zgody.<\/li><\/ul><\/li><li><p><strong>Dost\u0119p<\/strong>:<\/p><ul><li>Uczestnicy otrzymaj\u0105 dost\u0119p do materia\u0142\u00f3w warsztatowych okre\u015blonych podczas procesu rejestracji. Dost\u0119p jest ograniczony wy\u0142\u0105cznie do u\u017cytku osobistego. <\/li><\/ul><\/li><\/ol><div> <\/div><hr><h1> <\/h1><h2><strong>Post\u0119powanie uczestnika<\/strong><\/h2><ol><li><p><strong>Zachowanie pe\u0142ne szacunku<\/strong>:<\/p><ul><li>Oczekuje si\u0119, \u017ce uczestnicy b\u0119d\u0105 zachowywa\u0107 si\u0119 z szacunkiem wobec instruktor\u00f3w i innych uczestnik\u00f3w. Zak\u0142\u00f3caj\u0105ce lub nieodpowiednie zachowanie mo\u017ce skutkowa\u0107 usuni\u0119ciem z warsztat\u00f3w bez zwrotu koszt\u00f3w. <\/li><\/ul><\/li><li><p><strong>Bezpiecze\u0144stwo<\/strong>:<\/p><ul><li>Uczestnicy musz\u0105 przestrzega\u0107 wszystkich wytycznych dotycz\u0105cych bezpiecze\u0144stwa przekazanych przez instruktor\u00f3w podczas zaj\u0119\u0107 praktycznych. RobotX nie ponosi odpowiedzialno\u015bci za obra\u017cenia wynikaj\u0105ce z nieprzestrzegania instrukcji. <\/li><\/ul><\/li><\/ol><div> <\/div><hr><h1> <\/h1><h2><strong>Odpowiedzialno\u015b\u0107<\/strong><\/h2><ol><li><p><strong>Ograniczenie odpowiedzialno\u015bci<\/strong>:<\/p><ul><li>RobotX nie ponosi odpowiedzialno\u015bci za jakiekolwiek obra\u017cenia cia\u0142a, uszkodzenia mienia lub straty wynikaj\u0105ce z udzia\u0142u w warsztatach.<\/li><\/ul><\/li><li><p><strong>Obiekty os\u00f3b trzecich<\/strong>:<\/p><ul><li>Je\u015bli warsztaty odbywaj\u0105 si\u0119 w miejscu nale\u017c\u0105cym do osoby trzeciej, RobotX nie ponosi odpowiedzialno\u015bci za kwestie wynikaj\u0105ce z dzia\u0142ania miejsca.<\/li><\/ul><\/li><li><strong>Zmiana miejsca:<\/strong><br>RobotX zastrzega sobie prawo do zmiany lokalizacji dni kursu na miejscu na inn\u0105 lokalizacj\u0119 w tym samym mie\u015bcie w dowolnym momencie. Uczestnicy zostan\u0105 niezw\u0142ocznie powiadomieni o wszelkich zmianach. <\/li><\/ol><\/div><p> <\/p><div class=\"markdown prose w-full break-words dark:prose-invert dark\"><div> <\/div><\/div><\/div><\/div><div class=\"min-h-8 text-message flex w-full flex-col items-end gap-2 whitespace-normal break-words text-start [.text-message+&amp;]:mt-5\" dir=\"auto\" data-message-author-role=\"assistant\" data-message-id=\"4f62f3d2-5e51-42bc-9273-b40a6f0672c6\" data-message-model-slug=\"gpt-4o-mini\"><div class=\"flex w-full flex-col gap-1 empty:hidden first:pt-[3px]\"><div class=\"markdown prose w-full break-words dark:prose-invert dark\"><hr><h2> <\/h2><h2><strong>Prywatno\u015b\u0107 i ochrona danych<\/strong><\/h2><ol><li><p><strong>Dane osobowe<\/strong>:<\/p><ul><li>Rejestruj\u0105c si\u0119, u\u017cytkownik wyra\u017ca zgod\u0119 na gromadzenie i wykorzystywanie przez RobotX jego danych osobowych na potrzeby komunikacji zwi\u0105zanej z warsztatami. Dane u\u017cytkownika nie b\u0119d\u0105 udost\u0119pniane stronom trzecim bez jego zgody. <\/li><\/ul><\/li><li><p><strong>Fotografia i media<\/strong>:<\/p><ul><li>Warsztaty mog\u0105 by\u0107 fotografowane lub nagrywane w celach promocyjnych. Osoby, kt\u00f3re nie \u017cycz\u0105 sobie by\u0107 fotografowane lub nagrywane, proszone s\u0105 o poinformowanie nas o tym z wyprzedzeniem. <\/li><\/ul><\/li><\/ol><p> <\/p><hr><h1> <\/h1><h2><strong>Zmiany w Regulaminie<\/strong><\/h2><p>RobotX zastrzega sobie prawo do zmiany niniejszych warunk\u00f3w w dowolnym momencie. Zaktualizowane warunki zostan\u0105 opublikowane na naszej stronie internetowej, a dalszy udzia\u0142 w warsztatach b\u0119dzie oznacza\u0142 akceptacj\u0119 zmienionych warunk\u00f3w. <\/p><p> <\/p><\/div><\/div><\/div><\/div><div class=\"mb-2 flex gap-3 empty:hidden -ml-2\"><div class=\"items-center justify-start rounded-xl p-1 flex\"><div class=\"flex items-center\"><hr><\/div><\/div><\/div><div class=\"mt-3 w-full empty:hidden\"><div class=\"text-center\"> <\/div><\/div><\/div><div class=\"absolute\"><h2><strong>Zmiany w tre\u015bci kursu<\/strong><\/h2><\/div><\/div><\/div><\/div><\/article><\/div><\/div><\/div><\/div><\/div><div class=\"md:pt-0 dark:border-white\/20 md:border-transparent md:dark:border-transparent w-full\"><div class=\"m-auto text-base px-3 md:px-4 w-full md:px-5 lg:px-4 xl:px-5\"><div class=\"mx-auto flex flex-1 gap-4 text-base md:gap-5 lg:gap-6 md:max-w-3xl\"><p>RobotX zastrzega sobie prawo do zmiany tre\u015bci kursu w dowolnym momencie. Dotyczy to tylko uczestnik\u00f3w, kt\u00f3rzy zarejestrowali si\u0119 i zap\u0142acili za kurs, kt\u00f3ry zosta\u0142 poddany modyfikacjom. Uczestnicy zostan\u0105 poinformowani o wszelkich aktualizacjach lub modyfikacjach kursu. Je\u015bli tre\u015b\u0107 kursu ulegnie drastycznej zmianie, uczestnikom zostan\u0105 zaoferowane nast\u0119puj\u0105ce opcje:   <\/p><ol start=\"1\" data-spread=\"false\"><li><p>Zwrot pieni\u0119dzy w przypadku obni\u017cenia ceny zmienionego kursu.<\/p><\/li><li><p>Opcja uiszczenia dodatkowych op\u0142at, je\u015bli cena zmienionego kursu wzro\u015bnie.<\/p><\/li><li><p>Pe\u0142ny zwrot koszt\u00f3w, je\u015bli \u017cadna z tych opcji nie jest akceptowalna.<\/p><\/li><\/ol><\/div><\/div><\/div>\t\t\t\t\t\t\t\t<\/div>\n\t\t\t\t\t<\/div>\n\t\t\t\t<\/div>\n\t\t\t\t<\/div>\n\t\t","protected":false},"excerpt":{"rendered":"<p>Prawne Zasady i warunki Rejestracja i p\u0142atno\u015b\u0107 Rejestracja: Aby zapewni\u0107 sobie miejsce na warsztatach, uczestnicy musz\u0105 uko\u0144czy\u0107 proces rejestracji online i poda\u0107 wszystkie wymagane informacje. P\u0142atno\u015b\u0107: Pe\u0142na p\u0142atno\u015b\u0107 jest wymagana w momencie rejestracji. P\u0142atno\u015bci mo\u017cna dokona\u0107 za pomoc\u0105 metod okre\u015blonych na naszej stronie internetowej. Potwierdzenie: Po pomy\u015blnej rejestracji i dokonaniu p\u0142atno\u015bci otrzymasz wiadomo\u015b\u0107 e-mail z [&hellip;]<\/p>\n","protected":false},"author":1,"featured_media":0,"parent":0,"menu_order":0,"comment_status":"closed","ping_status":"closed","template":"elementor_header_footer","meta":{"_monsterinsights_skip_tracking":false,"_monsterinsights_sitenote_active":false,"_monsterinsights_sitenote_note":"","_monsterinsights_sitenote_category":0,"footnotes":""},"class_list":["post-5003","page","type-page","status-publish","hentry"],"yoast_head":"<!-- This site is optimized with the Yoast SEO plugin v27.4 - https:\/\/yoast.com\/product\/yoast-seo-wordpress\/ -->\n<title>Warunki uczestnictwa w kursach robotyki<\/title>\n<meta name=\"description\" content=\"Zapoznaj si\u0119 z warunkami dotycz\u0105cymi naszych warsztat\u00f3w, kurs\u00f3w i program\u00f3w szkoleniowych z robotyki, aby zapewni\u0107 bezproblemow\u0105 nauk\u0119.\" \/>\n<meta name=\"robots\" content=\"index, follow, max-snippet:-1, max-image-preview:large, max-video-preview:-1\" \/>\n<link rel=\"canonical\" href=\"https:\/\/robotxworkshops.tech\/pl\/regulamin\/\" \/>\n<meta property=\"og:locale\" content=\"pl_PL\" \/>\n<meta property=\"og:type\" content=\"article\" \/>\n<meta property=\"og:title\" content=\"Warunki uczestnictwa w kursach robotyki\" \/>\n<meta property=\"og:description\" content=\"Zapoznaj si\u0119 z warunkami dotycz\u0105cymi naszych warsztat\u00f3w, kurs\u00f3w i program\u00f3w szkoleniowych z robotyki, aby zapewni\u0107 bezproblemow\u0105 nauk\u0119.\" \/>\n<meta property=\"og:url\" content=\"https:\/\/robotxworkshops.tech\/pl\/regulamin\/\" \/>\n<meta property=\"og:site_name\" content=\"Warsztaty RobotX\" \/>\n<meta property=\"article:publisher\" content=\"https:\/\/www.facebook.com\/profile.php?id=61573566684527\" \/>\n<meta property=\"article:modified_time\" content=\"2025-02-19T12:05:37+00:00\" \/>\n<meta name=\"twitter:card\" content=\"summary_large_image\" \/>\n<meta name=\"twitter:site\" content=\"@robotXworkshops\" \/>\n<meta name=\"twitter:label1\" content=\"Szacowany czas czytania\" \/>\n\t<meta name=\"twitter:data1\" content=\"3 minuty\" \/>\n<script type=\"application\/ld+json\" class=\"yoast-schema-graph\">{\"@context\":\"https:\\\/\\\/schema.org\",\"@graph\":[{\"@type\":\"WebPage\",\"@id\":\"https:\\\/\\\/robotxworkshops.tech\\\/pl\\\/regulamin\\\/\",\"url\":\"https:\\\/\\\/robotxworkshops.tech\\\/pl\\\/regulamin\\\/\",\"name\":\"Warunki uczestnictwa w kursach robotyki\",\"isPartOf\":{\"@id\":\"https:\\\/\\\/robotxworkshops.tech\\\/pl\\\/#website\"},\"datePublished\":\"2025-01-06T07:34:53+00:00\",\"dateModified\":\"2025-02-19T12:05:37+00:00\",\"description\":\"Zapoznaj si\u0119 z warunkami dotycz\u0105cymi naszych warsztat\u00f3w, kurs\u00f3w i program\u00f3w szkoleniowych z robotyki, aby zapewni\u0107 bezproblemow\u0105 nauk\u0119.\",\"breadcrumb\":{\"@id\":\"https:\\\/\\\/robotxworkshops.tech\\\/pl\\\/regulamin\\\/#breadcrumb\"},\"inLanguage\":\"pl-PL\",\"potentialAction\":[{\"@type\":\"ReadAction\",\"target\":[\"https:\\\/\\\/robotxworkshops.tech\\\/pl\\\/regulamin\\\/\"]}]},{\"@type\":\"BreadcrumbList\",\"@id\":\"https:\\\/\\\/robotxworkshops.tech\\\/pl\\\/regulamin\\\/#breadcrumb\",\"itemListElement\":[{\"@type\":\"ListItem\",\"position\":1,\"name\":\"Strona g\u0142\u00f3wna\",\"item\":\"https:\\\/\\\/robotxworkshops.tech\\\/pl\\\/\"},{\"@type\":\"ListItem\",\"position\":2,\"name\":\"Regulamin\"}]},{\"@type\":\"WebSite\",\"@id\":\"https:\\\/\\\/robotxworkshops.tech\\\/pl\\\/#website\",\"url\":\"https:\\\/\\\/robotxworkshops.tech\\\/pl\\\/\",\"name\":\"RobotX Workshops\",\"description\":\"Praktyczne kursy robotyki\",\"publisher\":{\"@id\":\"https:\\\/\\\/robotxworkshops.tech\\\/pl\\\/#organization\"},\"potentialAction\":[{\"@type\":\"SearchAction\",\"target\":{\"@type\":\"EntryPoint\",\"urlTemplate\":\"https:\\\/\\\/robotxworkshops.tech\\\/pl\\\/?s={search_term_string}\"},\"query-input\":{\"@type\":\"PropertyValueSpecification\",\"valueRequired\":true,\"valueName\":\"search_term_string\"}}],\"inLanguage\":\"pl-PL\"},{\"@type\":\"Organization\",\"@id\":\"https:\\\/\\\/robotxworkshops.tech\\\/pl\\\/#organization\",\"name\":\"Warsztaty RobotX\",\"url\":\"https:\\\/\\\/robotxworkshops.tech\\\/pl\\\/\",\"logo\":{\"@type\":\"ImageObject\",\"inLanguage\":\"pl-PL\",\"@id\":\"https:\\\/\\\/robotxworkshops.tech\\\/pl\\\/#\\\/schema\\\/logo\\\/image\\\/\",\"url\":\"https:\\\/\\\/robotxworkshops.tech\\\/wp-content\\\/uploads\\\/2025\\\/02\\\/Original-Logo-e1740213463254.png\",\"contentUrl\":\"https:\\\/\\\/robotxworkshops.tech\\\/wp-content\\\/uploads\\\/2025\\\/02\\\/Original-Logo-e1740213463254.png\",\"width\":1765,\"height\":396,\"caption\":\"Warsztaty RobotX\"},\"image\":{\"@id\":\"https:\\\/\\\/robotxworkshops.tech\\\/pl\\\/#\\\/schema\\\/logo\\\/image\\\/\"},\"sameAs\":[\"https:\\\/\\\/www.facebook.com\\\/profile.php?id=61573566684527\",\"https:\\\/\\\/x.com\\\/robotXworkshops\"]}]}<\/script>\n<!-- \/ Yoast SEO plugin. -->","yoast_head_json":{"title":"Warunki uczestnictwa w kursach robotyki","description":"Zapoznaj si\u0119 z warunkami dotycz\u0105cymi naszych warsztat\u00f3w, kurs\u00f3w i program\u00f3w szkoleniowych z robotyki, aby zapewni\u0107 bezproblemow\u0105 nauk\u0119.","robots":{"index":"index","follow":"follow","max-snippet":"max-snippet:-1","max-image-preview":"max-image-preview:large","max-video-preview":"max-video-preview:-1"},"canonical":"https:\/\/robotxworkshops.tech\/pl\/regulamin\/","og_locale":"pl_PL","og_type":"article","og_title":"Warunki uczestnictwa w kursach robotyki","og_description":"Zapoznaj si\u0119 z warunkami dotycz\u0105cymi naszych warsztat\u00f3w, kurs\u00f3w i program\u00f3w szkoleniowych z robotyki, aby zapewni\u0107 bezproblemow\u0105 nauk\u0119.","og_url":"https:\/\/robotxworkshops.tech\/pl\/regulamin\/","og_site_name":"Warsztaty RobotX","article_publisher":"https:\/\/www.facebook.com\/profile.php?id=61573566684527","article_modified_time":"2025-02-19T12:05:37+00:00","twitter_card":"summary_large_image","twitter_site":"@robotXworkshops","twitter_misc":{"Szacowany czas czytania":"3 minuty"},"schema":{"@context":"https:\/\/schema.org","@graph":[{"@type":"WebPage","@id":"https:\/\/robotxworkshops.tech\/pl\/regulamin\/","url":"https:\/\/robotxworkshops.tech\/pl\/regulamin\/","name":"Warunki uczestnictwa w kursach robotyki","isPartOf":{"@id":"https:\/\/robotxworkshops.tech\/pl\/#website"},"datePublished":"2025-01-06T07:34:53+00:00","dateModified":"2025-02-19T12:05:37+00:00","description":"Zapoznaj si\u0119 z warunkami dotycz\u0105cymi naszych warsztat\u00f3w, kurs\u00f3w i program\u00f3w szkoleniowych z robotyki, aby zapewni\u0107 bezproblemow\u0105 nauk\u0119.","breadcrumb":{"@id":"https:\/\/robotxworkshops.tech\/pl\/regulamin\/#breadcrumb"},"inLanguage":"pl-PL","potentialAction":[{"@type":"ReadAction","target":["https:\/\/robotxworkshops.tech\/pl\/regulamin\/"]}]},{"@type":"BreadcrumbList","@id":"https:\/\/robotxworkshops.tech\/pl\/regulamin\/#breadcrumb","itemListElement":[{"@type":"ListItem","position":1,"name":"Strona g\u0142\u00f3wna","item":"https:\/\/robotxworkshops.tech\/pl\/"},{"@type":"ListItem","position":2,"name":"Regulamin"}]},{"@type":"WebSite","@id":"https:\/\/robotxworkshops.tech\/pl\/#website","url":"https:\/\/robotxworkshops.tech\/pl\/","name":"RobotX Workshops","description":"Praktyczne kursy robotyki","publisher":{"@id":"https:\/\/robotxworkshops.tech\/pl\/#organization"},"potentialAction":[{"@type":"SearchAction","target":{"@type":"EntryPoint","urlTemplate":"https:\/\/robotxworkshops.tech\/pl\/?s={search_term_string}"},"query-input":{"@type":"PropertyValueSpecification","valueRequired":true,"valueName":"search_term_string"}}],"inLanguage":"pl-PL"},{"@type":"Organization","@id":"https:\/\/robotxworkshops.tech\/pl\/#organization","name":"Warsztaty RobotX","url":"https:\/\/robotxworkshops.tech\/pl\/","logo":{"@type":"ImageObject","inLanguage":"pl-PL","@id":"https:\/\/robotxworkshops.tech\/pl\/#\/schema\/logo\/image\/","url":"https:\/\/robotxworkshops.tech\/wp-content\/uploads\/2025\/02\/Original-Logo-e1740213463254.png","contentUrl":"https:\/\/robotxworkshops.tech\/wp-content\/uploads\/2025\/02\/Original-Logo-e1740213463254.png","width":1765,"height":396,"caption":"Warsztaty RobotX"},"image":{"@id":"https:\/\/robotxworkshops.tech\/pl\/#\/schema\/logo\/image\/"},"sameAs":["https:\/\/www.facebook.com\/profile.php?id=61573566684527","https:\/\/x.com\/robotXworkshops"]}]}},"_links":{"self":[{"href":"https:\/\/robotxworkshops.tech\/pl\/wp-json\/wp\/v2\/pages\/5003","targetHints":{"allow":["GET"]}}],"collection":[{"href":"https:\/\/robotxworkshops.tech\/pl\/wp-json\/wp\/v2\/pages"}],"about":[{"href":"https:\/\/robotxworkshops.tech\/pl\/wp-json\/wp\/v2\/types\/page"}],"author":[{"embeddable":true,"href":"https:\/\/robotxworkshops.tech\/pl\/wp-json\/wp\/v2\/users\/1"}],"replies":[{"embeddable":true,"href":"https:\/\/robotxworkshops.tech\/pl\/wp-json\/wp\/v2\/comments?post=5003"}],"version-history":[{"count":1,"href":"https:\/\/robotxworkshops.tech\/pl\/wp-json\/wp\/v2\/pages\/5003\/revisions"}],"predecessor-version":[{"id":5005,"href":"https:\/\/robotxworkshops.tech\/pl\/wp-json\/wp\/v2\/pages\/5003\/revisions\/5005"}],"wp:attachment":[{"href":"https:\/\/robotxworkshops.tech\/pl\/wp-json\/wp\/v2\/media?parent=5003"}],"curies":[{"name":"wp","href":"https:\/\/api.w.org\/{rel}","templated":true}]}}