{"id":5153,"date":"2025-01-06T08:52:45","date_gmt":"2025-01-06T08:52:45","guid":{"rendered":"https:\/\/robotxworkshops.tech\/product\/kurs-drona-dla-poczatkujacych\/"},"modified":"2025-02-23T15:15:33","modified_gmt":"2025-02-23T14:15:33","slug":"kurs-drona-dla-poczatkujacych","status":"publish","type":"product","link":"https:\/\/robotxworkshops.tech\/pl\/product\/kurs-drona-dla-poczatkujacych\/","title":{"rendered":"Kurs drona dla pocz\u0105tkuj\u0105cych"},"content":{"rendered":"","protected":false},"excerpt":{"rendered":"<p>Ten kurs wykorzystuje drony jako zabawny i ekscytuj\u0105cy spos\u00f3b na zapoznanie si\u0119 z podstawowymi zasadami programowania i uczenia maszynowego<\/p>\n","protected":false},"featured_media":4831,"template":"","meta":{"_monsterinsights_skip_tracking":false,"_monsterinsights_sitenote_active":false,"_monsterinsights_sitenote_note":"","_monsterinsights_sitenote_category":0},"product_brand":[],"product_cat":[99],"product_tag":[],"class_list":{"0":"post-5153","1":"product","2":"type-product","3":"status-publish","4":"has-post-thumbnail","6":"product_cat-warsztaty","8":"first","9":"instock","10":"sold-individually","11":"shipping-taxable","12":"purchasable","13":"product-type-variable"},"yoast_head":"<!-- This site is optimized with the Yoast SEO plugin v27.5 - https:\/\/yoast.com\/product\/yoast-seo-wordpress\/ -->\n<title>Kurs drona dla pocz\u0105tkuj\u0105cych - Warsztaty RobotX<\/title>\n<meta name=\"robots\" content=\"index, follow, max-snippet:-1, max-image-preview:large, max-video-preview:-1\" \/>\n<link rel=\"canonical\" href=\"https:\/\/robotxworkshops.tech\/pl\/product\/kurs-drona-dla-poczatkujacych\/\" \/>\n<meta property=\"og:locale\" content=\"pl_PL\" \/>\n<meta property=\"og:type\" content=\"article\" \/>\n<meta property=\"og:title\" content=\"Kurs drona dla pocz\u0105tkuj\u0105cych - Warsztaty RobotX\" \/>\n<meta property=\"og:description\" content=\"Ten kurs wykorzystuje drony jako zabawny i ekscytuj\u0105cy spos\u00f3b na zapoznanie si\u0119 z podstawowymi zasadami programowania i uczenia maszynowego\" \/>\n<meta property=\"og:url\" content=\"https:\/\/robotxworkshops.tech\/pl\/product\/kurs-drona-dla-poczatkujacych\/\" \/>\n<meta property=\"og:site_name\" content=\"Warsztaty RobotX\" \/>\n<meta property=\"article:publisher\" content=\"https:\/\/www.facebook.com\/profile.php?id=61573566684527\" \/>\n<meta property=\"article:modified_time\" content=\"2025-02-23T14:15:33+00:00\" \/>\n<meta property=\"og:image\" content=\"https:\/\/robotxworkshops.tech\/wp-content\/uploads\/2025\/01\/640px-Ryze_Tello.jpg\" \/>\n\t<meta property=\"og:image:width\" content=\"640\" \/>\n\t<meta property=\"og:image:height\" content=\"427\" \/>\n\t<meta property=\"og:image:type\" content=\"image\/jpeg\" \/>\n<meta name=\"twitter:card\" content=\"summary_large_image\" \/>\n<meta name=\"twitter:site\" content=\"@robotXworkshops\" \/>\n<script type=\"application\/ld+json\" class=\"yoast-schema-graph\">{\"@context\":\"https:\\\/\\\/schema.org\",\"@graph\":[{\"@type\":\"WebPage\",\"@id\":\"https:\\\/\\\/robotxworkshops.tech\\\/pl\\\/product\\\/kurs-drona-dla-poczatkujacych\\\/\",\"url\":\"https:\\\/\\\/robotxworkshops.tech\\\/pl\\\/product\\\/kurs-drona-dla-poczatkujacych\\\/\",\"name\":\"Kurs drona dla pocz\u0105tkuj\u0105cych - Warsztaty RobotX\",\"isPartOf\":{\"@id\":\"https:\\\/\\\/robotxworkshops.tech\\\/pl\\\/#website\"},\"primaryImageOfPage\":{\"@id\":\"https:\\\/\\\/robotxworkshops.tech\\\/pl\\\/product\\\/kurs-drona-dla-poczatkujacych\\\/#primaryimage\"},\"image\":{\"@id\":\"https:\\\/\\\/robotxworkshops.tech\\\/pl\\\/product\\\/kurs-drona-dla-poczatkujacych\\\/#primaryimage\"},\"thumbnailUrl\":\"https:\\\/\\\/robotxworkshops.tech\\\/wp-content\\\/uploads\\\/2025\\\/01\\\/640px-Ryze_Tello.jpg\",\"datePublished\":\"2025-01-06T08:52:45+00:00\",\"dateModified\":\"2025-02-23T14:15:33+00:00\",\"breadcrumb\":{\"@id\":\"https:\\\/\\\/robotxworkshops.tech\\\/pl\\\/product\\\/kurs-drona-dla-poczatkujacych\\\/#breadcrumb\"},\"inLanguage\":\"pl-PL\",\"potentialAction\":[{\"@type\":\"ReadAction\",\"target\":[\"https:\\\/\\\/robotxworkshops.tech\\\/pl\\\/product\\\/kurs-drona-dla-poczatkujacych\\\/\"]}]},{\"@type\":\"ImageObject\",\"inLanguage\":\"pl-PL\",\"@id\":\"https:\\\/\\\/robotxworkshops.tech\\\/pl\\\/product\\\/kurs-drona-dla-poczatkujacych\\\/#primaryimage\",\"url\":\"https:\\\/\\\/robotxworkshops.tech\\\/wp-content\\\/uploads\\\/2025\\\/01\\\/640px-Ryze_Tello.jpg\",\"contentUrl\":\"https:\\\/\\\/robotxworkshops.tech\\\/wp-content\\\/uploads\\\/2025\\\/01\\\/640px-Ryze_Tello.jpg\",\"width\":640,\"height\":427,\"caption\":\"Learn hands-on flight skills with the Ryze Tello drone in our Berlin beginner course.\"},{\"@type\":\"BreadcrumbList\",\"@id\":\"https:\\\/\\\/robotxworkshops.tech\\\/pl\\\/product\\\/kurs-drona-dla-poczatkujacych\\\/#breadcrumb\",\"itemListElement\":[{\"@type\":\"ListItem\",\"position\":1,\"name\":\"Strona g\u0142\u00f3wna\",\"item\":\"https:\\\/\\\/robotxworkshops.tech\\\/pl\\\/\"},{\"@type\":\"ListItem\",\"position\":2,\"name\":\"Sklep\",\"item\":\"https:\\\/\\\/robotxworkshops.tech\\\/pl\\\/sklep\\\/\"},{\"@type\":\"ListItem\",\"position\":3,\"name\":\"Kurs drona dla pocz\u0105tkuj\u0105cych\"}]},{\"@type\":\"WebSite\",\"@id\":\"https:\\\/\\\/robotxworkshops.tech\\\/pl\\\/#website\",\"url\":\"https:\\\/\\\/robotxworkshops.tech\\\/pl\\\/\",\"name\":\"RobotX Workshops\",\"description\":\"Praktyczne kursy robotyki\",\"publisher\":{\"@id\":\"https:\\\/\\\/robotxworkshops.tech\\\/pl\\\/#organization\"},\"potentialAction\":[{\"@type\":\"SearchAction\",\"target\":{\"@type\":\"EntryPoint\",\"urlTemplate\":\"https:\\\/\\\/robotxworkshops.tech\\\/pl\\\/?s={search_term_string}\"},\"query-input\":{\"@type\":\"PropertyValueSpecification\",\"valueRequired\":true,\"valueName\":\"search_term_string\"}}],\"inLanguage\":\"pl-PL\"},{\"@type\":\"Organization\",\"@id\":\"https:\\\/\\\/robotxworkshops.tech\\\/pl\\\/#organization\",\"name\":\"Warsztaty RobotX\",\"url\":\"https:\\\/\\\/robotxworkshops.tech\\\/pl\\\/\",\"logo\":{\"@type\":\"ImageObject\",\"inLanguage\":\"pl-PL\",\"@id\":\"https:\\\/\\\/robotxworkshops.tech\\\/pl\\\/#\\\/schema\\\/logo\\\/image\\\/\",\"url\":\"https:\\\/\\\/robotxworkshops.tech\\\/wp-content\\\/uploads\\\/2025\\\/02\\\/Original-Logo-e1740213463254.png\",\"contentUrl\":\"https:\\\/\\\/robotxworkshops.tech\\\/wp-content\\\/uploads\\\/2025\\\/02\\\/Original-Logo-e1740213463254.png\",\"width\":1765,\"height\":396,\"caption\":\"Warsztaty RobotX\"},\"image\":{\"@id\":\"https:\\\/\\\/robotxworkshops.tech\\\/pl\\\/#\\\/schema\\\/logo\\\/image\\\/\"},\"sameAs\":[\"https:\\\/\\\/www.facebook.com\\\/profile.php?id=61573566684527\",\"https:\\\/\\\/x.com\\\/robotXworkshops\"]}]}<\/script>\n<!-- \/ Yoast SEO plugin. -->","yoast_head_json":{"title":"Kurs drona dla pocz\u0105tkuj\u0105cych - Warsztaty RobotX","robots":{"index":"index","follow":"follow","max-snippet":"max-snippet:-1","max-image-preview":"max-image-preview:large","max-video-preview":"max-video-preview:-1"},"canonical":"https:\/\/robotxworkshops.tech\/pl\/product\/kurs-drona-dla-poczatkujacych\/","og_locale":"pl_PL","og_type":"article","og_title":"Kurs drona dla pocz\u0105tkuj\u0105cych - Warsztaty RobotX","og_description":"Ten kurs wykorzystuje drony jako zabawny i ekscytuj\u0105cy spos\u00f3b na zapoznanie si\u0119 z podstawowymi zasadami programowania i uczenia maszynowego","og_url":"https:\/\/robotxworkshops.tech\/pl\/product\/kurs-drona-dla-poczatkujacych\/","og_site_name":"Warsztaty RobotX","article_publisher":"https:\/\/www.facebook.com\/profile.php?id=61573566684527","article_modified_time":"2025-02-23T14:15:33+00:00","og_image":[{"width":640,"height":427,"url":"https:\/\/robotxworkshops.tech\/wp-content\/uploads\/2025\/01\/640px-Ryze_Tello.jpg","type":"image\/jpeg"}],"twitter_card":"summary_large_image","twitter_site":"@robotXworkshops","schema":{"@context":"https:\/\/schema.org","@graph":[{"@type":"WebPage","@id":"https:\/\/robotxworkshops.tech\/pl\/product\/kurs-drona-dla-poczatkujacych\/","url":"https:\/\/robotxworkshops.tech\/pl\/product\/kurs-drona-dla-poczatkujacych\/","name":"Kurs drona dla pocz\u0105tkuj\u0105cych - Warsztaty RobotX","isPartOf":{"@id":"https:\/\/robotxworkshops.tech\/pl\/#website"},"primaryImageOfPage":{"@id":"https:\/\/robotxworkshops.tech\/pl\/product\/kurs-drona-dla-poczatkujacych\/#primaryimage"},"image":{"@id":"https:\/\/robotxworkshops.tech\/pl\/product\/kurs-drona-dla-poczatkujacych\/#primaryimage"},"thumbnailUrl":"https:\/\/robotxworkshops.tech\/wp-content\/uploads\/2025\/01\/640px-Ryze_Tello.jpg","datePublished":"2025-01-06T08:52:45+00:00","dateModified":"2025-02-23T14:15:33+00:00","breadcrumb":{"@id":"https:\/\/robotxworkshops.tech\/pl\/product\/kurs-drona-dla-poczatkujacych\/#breadcrumb"},"inLanguage":"pl-PL","potentialAction":[{"@type":"ReadAction","target":["https:\/\/robotxworkshops.tech\/pl\/product\/kurs-drona-dla-poczatkujacych\/"]}]},{"@type":"ImageObject","inLanguage":"pl-PL","@id":"https:\/\/robotxworkshops.tech\/pl\/product\/kurs-drona-dla-poczatkujacych\/#primaryimage","url":"https:\/\/robotxworkshops.tech\/wp-content\/uploads\/2025\/01\/640px-Ryze_Tello.jpg","contentUrl":"https:\/\/robotxworkshops.tech\/wp-content\/uploads\/2025\/01\/640px-Ryze_Tello.jpg","width":640,"height":427,"caption":"Learn hands-on flight skills with the Ryze Tello drone in our Berlin beginner course."},{"@type":"BreadcrumbList","@id":"https:\/\/robotxworkshops.tech\/pl\/product\/kurs-drona-dla-poczatkujacych\/#breadcrumb","itemListElement":[{"@type":"ListItem","position":1,"name":"Strona g\u0142\u00f3wna","item":"https:\/\/robotxworkshops.tech\/pl\/"},{"@type":"ListItem","position":2,"name":"Sklep","item":"https:\/\/robotxworkshops.tech\/pl\/sklep\/"},{"@type":"ListItem","position":3,"name":"Kurs drona dla pocz\u0105tkuj\u0105cych"}]},{"@type":"WebSite","@id":"https:\/\/robotxworkshops.tech\/pl\/#website","url":"https:\/\/robotxworkshops.tech\/pl\/","name":"RobotX Workshops","description":"Praktyczne kursy robotyki","publisher":{"@id":"https:\/\/robotxworkshops.tech\/pl\/#organization"},"potentialAction":[{"@type":"SearchAction","target":{"@type":"EntryPoint","urlTemplate":"https:\/\/robotxworkshops.tech\/pl\/?s={search_term_string}"},"query-input":{"@type":"PropertyValueSpecification","valueRequired":true,"valueName":"search_term_string"}}],"inLanguage":"pl-PL"},{"@type":"Organization","@id":"https:\/\/robotxworkshops.tech\/pl\/#organization","name":"Warsztaty RobotX","url":"https:\/\/robotxworkshops.tech\/pl\/","logo":{"@type":"ImageObject","inLanguage":"pl-PL","@id":"https:\/\/robotxworkshops.tech\/pl\/#\/schema\/logo\/image\/","url":"https:\/\/robotxworkshops.tech\/wp-content\/uploads\/2025\/02\/Original-Logo-e1740213463254.png","contentUrl":"https:\/\/robotxworkshops.tech\/wp-content\/uploads\/2025\/02\/Original-Logo-e1740213463254.png","width":1765,"height":396,"caption":"Warsztaty RobotX"},"image":{"@id":"https:\/\/robotxworkshops.tech\/pl\/#\/schema\/logo\/image\/"},"sameAs":["https:\/\/www.facebook.com\/profile.php?id=61573566684527","https:\/\/x.com\/robotXworkshops"]}]}},"_links":{"self":[{"href":"https:\/\/robotxworkshops.tech\/pl\/wp-json\/wp\/v2\/product\/5153","targetHints":{"allow":["GET"]}}],"collection":[{"href":"https:\/\/robotxworkshops.tech\/pl\/wp-json\/wp\/v2\/product"}],"about":[{"href":"https:\/\/robotxworkshops.tech\/pl\/wp-json\/wp\/v2\/types\/product"}],"version-history":[{"count":1,"href":"https:\/\/robotxworkshops.tech\/pl\/wp-json\/wp\/v2\/product\/5153\/revisions"}],"predecessor-version":[{"id":6793,"href":"https:\/\/robotxworkshops.tech\/pl\/wp-json\/wp\/v2\/product\/5153\/revisions\/6793"}],"wp:featuredmedia":[{"embeddable":true,"href":"https:\/\/robotxworkshops.tech\/pl\/wp-json\/wp\/v2\/media\/4831"}],"wp:attachment":[{"href":"https:\/\/robotxworkshops.tech\/pl\/wp-json\/wp\/v2\/media?parent=5153"}],"wp:term":[{"taxonomy":"product_brand","embeddable":true,"href":"https:\/\/robotxworkshops.tech\/pl\/wp-json\/wp\/v2\/product_brand?post=5153"},{"taxonomy":"product_cat","embeddable":true,"href":"https:\/\/robotxworkshops.tech\/pl\/wp-json\/wp\/v2\/product_cat?post=5153"},{"taxonomy":"product_tag","embeddable":true,"href":"https:\/\/robotxworkshops.tech\/pl\/wp-json\/wp\/v2\/product_tag?post=5153"}],"curies":[{"name":"wp","href":"https:\/\/api.w.org\/{rel}","templated":true}]}}