{"id":5176,"date":"2025-01-06T08:53:37","date_gmt":"2025-01-06T08:53:37","guid":{"rendered":"https:\/\/robotxworkshops.tech\/product\/jazda-autonomiczna-oparta-na-lidarach\/"},"modified":"2025-01-06T08:53:37","modified_gmt":"2025-01-06T07:53:37","slug":"jazda-autonomiczna-oparta-na-lidarach","status":"publish","type":"product","link":"https:\/\/robotxworkshops.tech\/pl\/product\/jazda-autonomiczna-oparta-na-lidarach\/","title":{"rendered":"Jazda autonomiczna oparta na lidarach"},"content":{"rendered":"<p>To jest opis<\/p>\n","protected":false},"excerpt":{"rendered":"<p>Odkryj moc technologii Lidar w autonomicznej je\u017adzie dzi\u0119ki naszym wci\u0105gaj\u0105cym warsztatom opartym na technologii Lidar. Ten praktyczny kurs jest dostosowany do tych, kt\u00f3rzy chc\u0105 pozna\u0107 najnowocze\u015bniejsze zastosowania Lidaru w systemach autonomicznej jazdy. Dzi\u0119ki po\u0142\u0105czeniu sesji online i na miejscu zdob\u0119dziesz praktyczne umiej\u0119tno\u015bci w zakresie opracowywania i wdra\u017cania autonomicznych pojazd\u00f3w opartych na Lidarze  <\/p>\n","protected":false},"featured_media":4810,"template":"","meta":{"_monsterinsights_skip_tracking":false,"_monsterinsights_sitenote_active":false,"_monsterinsights_sitenote_note":"","_monsterinsights_sitenote_category":0},"product_brand":[],"product_cat":[99],"product_tag":[],"class_list":{"0":"post-5176","1":"product","2":"type-product","3":"status-publish","4":"has-post-thumbnail","6":"product_cat-warsztaty","8":"first","9":"outofstock","10":"sold-individually","11":"shipping-taxable","12":"product-type-variable","13":"has-default-attributes"},"yoast_head":"<!-- This site is optimized with the Yoast SEO plugin v27.4 - https:\/\/yoast.com\/product\/yoast-seo-wordpress\/ -->\n<title>Jazda autonomiczna oparta na lidarach - Warsztaty RobotX<\/title>\n<meta name=\"description\" content=\"Zwi\u0119ksz swoje umiej\u0119tno\u015bci w zakresie robotyki dzi\u0119ki kursowi jazdy autonomicznej opartemu na LiDAR, idealnemu do praktycznej nauki.\" \/>\n<meta name=\"robots\" content=\"index, follow, max-snippet:-1, max-image-preview:large, max-video-preview:-1\" \/>\n<link rel=\"canonical\" href=\"https:\/\/robotxworkshops.tech\/pl\/product\/jazda-autonomiczna-oparta-na-lidarach\/\" \/>\n<meta property=\"og:locale\" content=\"pl_PL\" \/>\n<meta property=\"og:type\" content=\"article\" \/>\n<meta property=\"og:title\" content=\"Jazda autonomiczna oparta na lidarach - Warsztaty RobotX\" \/>\n<meta property=\"og:description\" content=\"Zwi\u0119ksz swoje umiej\u0119tno\u015bci w zakresie robotyki dzi\u0119ki kursowi jazdy autonomicznej opartemu na LiDAR, idealnemu do praktycznej nauki.\" \/>\n<meta property=\"og:url\" content=\"https:\/\/robotxworkshops.tech\/pl\/product\/jazda-autonomiczna-oparta-na-lidarach\/\" \/>\n<meta property=\"og:site_name\" content=\"Warsztaty RobotX\" \/>\n<meta property=\"article:publisher\" content=\"https:\/\/www.facebook.com\/profile.php?id=61573566684527\" \/>\n<meta property=\"og:image\" content=\"https:\/\/robotxworkshops.tech\/wp-content\/uploads\/2025\/01\/Neueste-Fotos-anzeigen.jpg\" \/>\n\t<meta property=\"og:image:width\" content=\"1125\" \/>\n\t<meta property=\"og:image:height\" content=\"617\" \/>\n\t<meta property=\"og:image:type\" content=\"image\/jpeg\" \/>\n<meta name=\"twitter:card\" content=\"summary_large_image\" \/>\n<meta name=\"twitter:site\" content=\"@robotXworkshops\" \/>\n<script type=\"application\/ld+json\" class=\"yoast-schema-graph\">{\"@context\":\"https:\\\/\\\/schema.org\",\"@graph\":[{\"@type\":\"WebPage\",\"@id\":\"https:\\\/\\\/robotxworkshops.tech\\\/pl\\\/product\\\/jazda-autonomiczna-oparta-na-lidarach\\\/\",\"url\":\"https:\\\/\\\/robotxworkshops.tech\\\/pl\\\/product\\\/jazda-autonomiczna-oparta-na-lidarach\\\/\",\"name\":\"Jazda autonomiczna oparta na lidarach - Warsztaty RobotX\",\"isPartOf\":{\"@id\":\"https:\\\/\\\/robotxworkshops.tech\\\/pl\\\/#website\"},\"primaryImageOfPage\":{\"@id\":\"https:\\\/\\\/robotxworkshops.tech\\\/pl\\\/product\\\/jazda-autonomiczna-oparta-na-lidarach\\\/#primaryimage\"},\"image\":{\"@id\":\"https:\\\/\\\/robotxworkshops.tech\\\/pl\\\/product\\\/jazda-autonomiczna-oparta-na-lidarach\\\/#primaryimage\"},\"thumbnailUrl\":\"https:\\\/\\\/robotxworkshops.tech\\\/wp-content\\\/uploads\\\/2025\\\/01\\\/Neueste-Fotos-anzeigen.jpg\",\"datePublished\":\"2025-01-06T08:53:37+00:00\",\"description\":\"Zwi\u0119ksz swoje umiej\u0119tno\u015bci w zakresie robotyki dzi\u0119ki kursowi jazdy autonomicznej opartemu na LiDAR, idealnemu do praktycznej nauki.\",\"breadcrumb\":{\"@id\":\"https:\\\/\\\/robotxworkshops.tech\\\/pl\\\/product\\\/jazda-autonomiczna-oparta-na-lidarach\\\/#breadcrumb\"},\"inLanguage\":\"pl-PL\",\"potentialAction\":[{\"@type\":\"ReadAction\",\"target\":[\"https:\\\/\\\/robotxworkshops.tech\\\/pl\\\/product\\\/jazda-autonomiczna-oparta-na-lidarach\\\/\"]}]},{\"@type\":\"ImageObject\",\"inLanguage\":\"pl-PL\",\"@id\":\"https:\\\/\\\/robotxworkshops.tech\\\/pl\\\/product\\\/jazda-autonomiczna-oparta-na-lidarach\\\/#primaryimage\",\"url\":\"https:\\\/\\\/robotxworkshops.tech\\\/wp-content\\\/uploads\\\/2025\\\/01\\\/Neueste-Fotos-anzeigen.jpg\",\"contentUrl\":\"https:\\\/\\\/robotxworkshops.tech\\\/wp-content\\\/uploads\\\/2025\\\/01\\\/Neueste-Fotos-anzeigen.jpg\",\"width\":1125,\"height\":617,\"caption\":\"Autonomous vehicles in berlin\"},{\"@type\":\"BreadcrumbList\",\"@id\":\"https:\\\/\\\/robotxworkshops.tech\\\/pl\\\/product\\\/jazda-autonomiczna-oparta-na-lidarach\\\/#breadcrumb\",\"itemListElement\":[{\"@type\":\"ListItem\",\"position\":1,\"name\":\"Strona g\u0142\u00f3wna\",\"item\":\"https:\\\/\\\/robotxworkshops.tech\\\/pl\\\/\"},{\"@type\":\"ListItem\",\"position\":2,\"name\":\"Sklep\",\"item\":\"https:\\\/\\\/robotxworkshops.tech\\\/pl\\\/sklep\\\/\"},{\"@type\":\"ListItem\",\"position\":3,\"name\":\"Jazda autonomiczna oparta na lidarach\"}]},{\"@type\":\"WebSite\",\"@id\":\"https:\\\/\\\/robotxworkshops.tech\\\/pl\\\/#website\",\"url\":\"https:\\\/\\\/robotxworkshops.tech\\\/pl\\\/\",\"name\":\"RobotX Workshops\",\"description\":\"Praktyczne kursy robotyki\",\"publisher\":{\"@id\":\"https:\\\/\\\/robotxworkshops.tech\\\/pl\\\/#organization\"},\"potentialAction\":[{\"@type\":\"SearchAction\",\"target\":{\"@type\":\"EntryPoint\",\"urlTemplate\":\"https:\\\/\\\/robotxworkshops.tech\\\/pl\\\/?s={search_term_string}\"},\"query-input\":{\"@type\":\"PropertyValueSpecification\",\"valueRequired\":true,\"valueName\":\"search_term_string\"}}],\"inLanguage\":\"pl-PL\"},{\"@type\":\"Organization\",\"@id\":\"https:\\\/\\\/robotxworkshops.tech\\\/pl\\\/#organization\",\"name\":\"Warsztaty RobotX\",\"url\":\"https:\\\/\\\/robotxworkshops.tech\\\/pl\\\/\",\"logo\":{\"@type\":\"ImageObject\",\"inLanguage\":\"pl-PL\",\"@id\":\"https:\\\/\\\/robotxworkshops.tech\\\/pl\\\/#\\\/schema\\\/logo\\\/image\\\/\",\"url\":\"https:\\\/\\\/robotxworkshops.tech\\\/wp-content\\\/uploads\\\/2025\\\/02\\\/Original-Logo-e1740213463254.png\",\"contentUrl\":\"https:\\\/\\\/robotxworkshops.tech\\\/wp-content\\\/uploads\\\/2025\\\/02\\\/Original-Logo-e1740213463254.png\",\"width\":1765,\"height\":396,\"caption\":\"Warsztaty RobotX\"},\"image\":{\"@id\":\"https:\\\/\\\/robotxworkshops.tech\\\/pl\\\/#\\\/schema\\\/logo\\\/image\\\/\"},\"sameAs\":[\"https:\\\/\\\/www.facebook.com\\\/profile.php?id=61573566684527\",\"https:\\\/\\\/x.com\\\/robotXworkshops\"]}]}<\/script>\n<!-- \/ Yoast SEO plugin. -->","yoast_head_json":{"title":"Jazda autonomiczna oparta na lidarach - Warsztaty RobotX","description":"Zwi\u0119ksz swoje umiej\u0119tno\u015bci w zakresie robotyki dzi\u0119ki kursowi jazdy autonomicznej opartemu na LiDAR, idealnemu do praktycznej nauki.","robots":{"index":"index","follow":"follow","max-snippet":"max-snippet:-1","max-image-preview":"max-image-preview:large","max-video-preview":"max-video-preview:-1"},"canonical":"https:\/\/robotxworkshops.tech\/pl\/product\/jazda-autonomiczna-oparta-na-lidarach\/","og_locale":"pl_PL","og_type":"article","og_title":"Jazda autonomiczna oparta na lidarach - Warsztaty RobotX","og_description":"Zwi\u0119ksz swoje umiej\u0119tno\u015bci w zakresie robotyki dzi\u0119ki kursowi jazdy autonomicznej opartemu na LiDAR, idealnemu do praktycznej nauki.","og_url":"https:\/\/robotxworkshops.tech\/pl\/product\/jazda-autonomiczna-oparta-na-lidarach\/","og_site_name":"Warsztaty RobotX","article_publisher":"https:\/\/www.facebook.com\/profile.php?id=61573566684527","og_image":[{"width":1125,"height":617,"url":"https:\/\/robotxworkshops.tech\/wp-content\/uploads\/2025\/01\/Neueste-Fotos-anzeigen.jpg","type":"image\/jpeg"}],"twitter_card":"summary_large_image","twitter_site":"@robotXworkshops","schema":{"@context":"https:\/\/schema.org","@graph":[{"@type":"WebPage","@id":"https:\/\/robotxworkshops.tech\/pl\/product\/jazda-autonomiczna-oparta-na-lidarach\/","url":"https:\/\/robotxworkshops.tech\/pl\/product\/jazda-autonomiczna-oparta-na-lidarach\/","name":"Jazda autonomiczna oparta na lidarach - Warsztaty RobotX","isPartOf":{"@id":"https:\/\/robotxworkshops.tech\/pl\/#website"},"primaryImageOfPage":{"@id":"https:\/\/robotxworkshops.tech\/pl\/product\/jazda-autonomiczna-oparta-na-lidarach\/#primaryimage"},"image":{"@id":"https:\/\/robotxworkshops.tech\/pl\/product\/jazda-autonomiczna-oparta-na-lidarach\/#primaryimage"},"thumbnailUrl":"https:\/\/robotxworkshops.tech\/wp-content\/uploads\/2025\/01\/Neueste-Fotos-anzeigen.jpg","datePublished":"2025-01-06T08:53:37+00:00","description":"Zwi\u0119ksz swoje umiej\u0119tno\u015bci w zakresie robotyki dzi\u0119ki kursowi jazdy autonomicznej opartemu na LiDAR, idealnemu do praktycznej nauki.","breadcrumb":{"@id":"https:\/\/robotxworkshops.tech\/pl\/product\/jazda-autonomiczna-oparta-na-lidarach\/#breadcrumb"},"inLanguage":"pl-PL","potentialAction":[{"@type":"ReadAction","target":["https:\/\/robotxworkshops.tech\/pl\/product\/jazda-autonomiczna-oparta-na-lidarach\/"]}]},{"@type":"ImageObject","inLanguage":"pl-PL","@id":"https:\/\/robotxworkshops.tech\/pl\/product\/jazda-autonomiczna-oparta-na-lidarach\/#primaryimage","url":"https:\/\/robotxworkshops.tech\/wp-content\/uploads\/2025\/01\/Neueste-Fotos-anzeigen.jpg","contentUrl":"https:\/\/robotxworkshops.tech\/wp-content\/uploads\/2025\/01\/Neueste-Fotos-anzeigen.jpg","width":1125,"height":617,"caption":"Autonomous vehicles in berlin"},{"@type":"BreadcrumbList","@id":"https:\/\/robotxworkshops.tech\/pl\/product\/jazda-autonomiczna-oparta-na-lidarach\/#breadcrumb","itemListElement":[{"@type":"ListItem","position":1,"name":"Strona g\u0142\u00f3wna","item":"https:\/\/robotxworkshops.tech\/pl\/"},{"@type":"ListItem","position":2,"name":"Sklep","item":"https:\/\/robotxworkshops.tech\/pl\/sklep\/"},{"@type":"ListItem","position":3,"name":"Jazda autonomiczna oparta na lidarach"}]},{"@type":"WebSite","@id":"https:\/\/robotxworkshops.tech\/pl\/#website","url":"https:\/\/robotxworkshops.tech\/pl\/","name":"RobotX Workshops","description":"Praktyczne kursy robotyki","publisher":{"@id":"https:\/\/robotxworkshops.tech\/pl\/#organization"},"potentialAction":[{"@type":"SearchAction","target":{"@type":"EntryPoint","urlTemplate":"https:\/\/robotxworkshops.tech\/pl\/?s={search_term_string}"},"query-input":{"@type":"PropertyValueSpecification","valueRequired":true,"valueName":"search_term_string"}}],"inLanguage":"pl-PL"},{"@type":"Organization","@id":"https:\/\/robotxworkshops.tech\/pl\/#organization","name":"Warsztaty RobotX","url":"https:\/\/robotxworkshops.tech\/pl\/","logo":{"@type":"ImageObject","inLanguage":"pl-PL","@id":"https:\/\/robotxworkshops.tech\/pl\/#\/schema\/logo\/image\/","url":"https:\/\/robotxworkshops.tech\/wp-content\/uploads\/2025\/02\/Original-Logo-e1740213463254.png","contentUrl":"https:\/\/robotxworkshops.tech\/wp-content\/uploads\/2025\/02\/Original-Logo-e1740213463254.png","width":1765,"height":396,"caption":"Warsztaty RobotX"},"image":{"@id":"https:\/\/robotxworkshops.tech\/pl\/#\/schema\/logo\/image\/"},"sameAs":["https:\/\/www.facebook.com\/profile.php?id=61573566684527","https:\/\/x.com\/robotXworkshops"]}]}},"_links":{"self":[{"href":"https:\/\/robotxworkshops.tech\/pl\/wp-json\/wp\/v2\/product\/5176","targetHints":{"allow":["GET"]}}],"collection":[{"href":"https:\/\/robotxworkshops.tech\/pl\/wp-json\/wp\/v2\/product"}],"about":[{"href":"https:\/\/robotxworkshops.tech\/pl\/wp-json\/wp\/v2\/types\/product"}],"version-history":[{"count":0,"href":"https:\/\/robotxworkshops.tech\/pl\/wp-json\/wp\/v2\/product\/5176\/revisions"}],"wp:featuredmedia":[{"embeddable":true,"href":"https:\/\/robotxworkshops.tech\/pl\/wp-json\/wp\/v2\/media\/4810"}],"wp:attachment":[{"href":"https:\/\/robotxworkshops.tech\/pl\/wp-json\/wp\/v2\/media?parent=5176"}],"wp:term":[{"taxonomy":"product_brand","embeddable":true,"href":"https:\/\/robotxworkshops.tech\/pl\/wp-json\/wp\/v2\/product_brand?post=5176"},{"taxonomy":"product_cat","embeddable":true,"href":"https:\/\/robotxworkshops.tech\/pl\/wp-json\/wp\/v2\/product_cat?post=5176"},{"taxonomy":"product_tag","embeddable":true,"href":"https:\/\/robotxworkshops.tech\/pl\/wp-json\/wp\/v2\/product_tag?post=5176"}],"curies":[{"name":"wp","href":"https:\/\/api.w.org\/{rel}","templated":true}]}}