{"id":2648,"date":"2025-01-06T08:07:41","date_gmt":"2025-01-06T07:07:41","guid":{"rendered":"https:\/\/robotxworkshops.tech\/cart\/"},"modified":"2025-02-19T12:29:18","modified_gmt":"2025-02-19T11:29:18","slug":"cart","status":"publish","type":"page","link":"https:\/\/robotxworkshops.tech\/tr\/cart\/","title":{"rendered":"Araba"},"content":{"rendered":"\t\t<div data-elementor-type=\"wp-page\" data-elementor-id=\"2648\" class=\"elementor elementor-2648 elementor-156\" data-elementor-post-type=\"page\">\n\t\t\t\t\t\t<section class=\"elementor-section elementor-top-section elementor-element elementor-element-e2cafa1 elementor-section-boxed elementor-section-height-default elementor-section-height-default\" data-id=\"e2cafa1\" data-element_type=\"section\" data-e-type=\"section\" data-settings=\"{&quot;background_background&quot;:&quot;classic&quot;}\">\n\t\t\t\t\t\t\t<div class=\"elementor-background-overlay\"><\/div>\n\t\t\t\t\t\t\t<div class=\"elementor-container elementor-column-gap-default\">\n\t\t\t\t\t<div class=\"elementor-column elementor-col-100 elementor-top-column elementor-element elementor-element-cb7829b\" data-id=\"cb7829b\" data-element_type=\"column\" data-e-type=\"column\">\n\t\t\t<div class=\"elementor-widget-wrap elementor-element-populated\">\n\t\t\t\t\t\t<div class=\"elementor-element elementor-element-2634561 elementor-icon-list--layout-inline elementor-align-center elementor-list-item-link-full_width elementor-invisible elementor-widget elementor-widget-icon-list\" data-id=\"2634561\" data-element_type=\"widget\" data-e-type=\"widget\" data-settings=\"{&quot;_animation&quot;:&quot;fadeInRight&quot;}\" data-widget_type=\"icon-list.default\">\n\t\t\t\t\t\t\t<ul class=\"elementor-icon-list-items elementor-inline-items\">\n\t\t\t\t\t\t\t<li class=\"elementor-icon-list-item elementor-inline-item\">\n\t\t\t\t\t\t\t\t\t\t\t<a href=\"#\">\n\n\t\t\t\t\t\t\t\t\t\t\t<span class=\"elementor-icon-list-text\">\u00dcr\u00fcn<\/span>\n\t\t\t\t\t\t\t\t\t\t\t<\/a>\n\t\t\t\t\t\t\t\t\t<\/li>\n\t\t\t\t\t\t\t\t<li class=\"elementor-icon-list-item elementor-inline-item\">\n\t\t\t\t\t\t\t\t\t\t\t<a href=\"#\">\n\n\t\t\t\t\t\t\t\t\t\t\t\t<span class=\"elementor-icon-list-icon\">\n\t\t\t\t\t\t\t<i aria-hidden=\"true\" class=\" arrow_triangle-right_alt2\"><\/i>\t\t\t\t\t\t<\/span>\n\t\t\t\t\t\t\t\t\t\t<span class=\"elementor-icon-list-text\"><\/span>\n\t\t\t\t\t\t\t\t\t\t\t<\/a>\n\t\t\t\t\t\t\t\t\t<\/li>\n\t\t\t\t\t\t<\/ul>\n\t\t\t\t\t\t<\/div>\n\t\t\t\t<div class=\"elementor-element elementor-element-dc11746 elementor-invisible elementor-widget elementor-widget-heading\" data-id=\"dc11746\" data-element_type=\"widget\" data-e-type=\"widget\" data-settings=\"{&quot;_animation&quot;:&quot;fadeInLeft&quot;}\" data-widget_type=\"heading.default\">\n\t\t\t\t\t<h1 class=\"elementor-heading-title elementor-size-default\">Sepetiniz<\/h1>\t\t\t\t<\/div>\n\t\t\t\t<div class=\"elementor-element elementor-element-0b4fcbe elementor-widget-divider--view-line_icon elementor-view-default elementor-widget-divider--element-align-center elementor-invisible elementor-widget elementor-widget-divider\" data-id=\"0b4fcbe\" data-element_type=\"widget\" data-e-type=\"widget\" data-settings=\"{&quot;_animation&quot;:&quot;fadeInUp&quot;,&quot;_animation_delay&quot;:1080}\" data-widget_type=\"divider.default\">\n\t\t\t\t\t\t\t<div class=\"elementor-divider\">\n\t\t\t<span class=\"elementor-divider-separator\">\n\t\t\t\t\t\t\t<div class=\"elementor-icon elementor-divider__element\">\n\t\t\t\t\t<i aria-hidden=\"true\" class=\"mdi mdi-gamepad-circle\"><\/i><\/div>\n\t\t\t\t\t\t<\/span>\n\t\t<\/div>\n\t\t\t\t\t\t<\/div>\n\t\t\t\t\t<\/div>\n\t\t<\/div>\n\t\t\t\t\t<\/div>\n\t\t<\/section>\n\t\t<div class=\"elementor-element elementor-element-0bc9794 e-flex e-con-boxed e-con e-parent\" data-id=\"0bc9794\" data-element_type=\"container\" data-e-type=\"container\">\n\t\t\t\t\t<div class=\"e-con-inner\">\n\t\t\t\t\t<\/div>\n\t\t\t\t<\/div>\n\t\t\t\t<\/div>\n\t\t","protected":false},"excerpt":{"rendered":"<p>\u00dcr\u00fcn Sepetiniz<\/p>\n","protected":false},"author":1,"featured_media":0,"parent":0,"menu_order":0,"comment_status":"closed","ping_status":"closed","template":"elementor_header_footer","meta":{"_monsterinsights_skip_tracking":false,"_monsterinsights_sitenote_active":false,"_monsterinsights_sitenote_note":"","_monsterinsights_sitenote_category":0,"footnotes":""},"class_list":["post-2648","page","type-page","status-publish","hentry"],"yoast_head":"<!-- This site is optimized with the Yoast SEO plugin v27.4 - https:\/\/yoast.com\/product\/yoast-seo-wordpress\/ -->\n<title>RobotX At\u00f6lyelerinde Yenilik\u00e7i Teknoloji \u00dcr\u00fcnleri Sat\u0131n Al\u0131n<\/title>\n<meta name=\"description\" content=\"RobotX At\u00f6lyelerinde en yeni teknoloji \u00fcr\u00fcnlerini ke\u015ffedin. Robotik ve inovasyon alan\u0131ndaki en son \u00fcr\u00fcnler i\u00e7in \u015fimdi al\u0131\u015fveri\u015f yap\u0131n.\" \/>\n<meta name=\"robots\" content=\"index, follow, max-snippet:-1, max-image-preview:large, max-video-preview:-1\" \/>\n<link rel=\"canonical\" href=\"https:\/\/robotxworkshops.tech\/tr\/cart\/\" \/>\n<meta property=\"og:locale\" content=\"tr_TR\" \/>\n<meta property=\"og:type\" content=\"article\" \/>\n<meta property=\"og:title\" content=\"RobotX At\u00f6lyelerinde Yenilik\u00e7i Teknoloji \u00dcr\u00fcnleri Sat\u0131n Al\u0131n\" \/>\n<meta property=\"og:description\" content=\"RobotX At\u00f6lyelerinde en yeni teknoloji \u00fcr\u00fcnlerini ke\u015ffedin. Robotik ve inovasyon alan\u0131ndaki en son \u00fcr\u00fcnler i\u00e7in \u015fimdi al\u0131\u015fveri\u015f yap\u0131n.\" \/>\n<meta property=\"og:url\" content=\"https:\/\/robotxworkshops.tech\/tr\/cart\/\" \/>\n<meta property=\"og:site_name\" content=\"RobotX At\u00f6lye \u00c7al\u0131\u015fmalar\u0131\" \/>\n<meta property=\"article:publisher\" content=\"https:\/\/www.facebook.com\/profile.php?id=61573566684527\" \/>\n<meta property=\"article:modified_time\" content=\"2025-02-19T11:29:18+00:00\" \/>\n<meta name=\"twitter:card\" content=\"summary_large_image\" \/>\n<meta name=\"twitter:site\" content=\"@robotXworkshops\" \/>\n<script type=\"application\/ld+json\" class=\"yoast-schema-graph\">{\"@context\":\"https:\\\/\\\/schema.org\",\"@graph\":[{\"@type\":\"WebPage\",\"@id\":\"https:\\\/\\\/robotxworkshops.tech\\\/tr\\\/cart\\\/\",\"url\":\"https:\\\/\\\/robotxworkshops.tech\\\/tr\\\/cart\\\/\",\"name\":\"RobotX At\u00f6lyelerinde Yenilik\u00e7i Teknoloji \u00dcr\u00fcnleri Sat\u0131n Al\u0131n\",\"isPartOf\":{\"@id\":\"https:\\\/\\\/robotxworkshops.tech\\\/tr\\\/#website\"},\"datePublished\":\"2025-01-06T07:07:41+00:00\",\"dateModified\":\"2025-02-19T11:29:18+00:00\",\"description\":\"RobotX At\u00f6lyelerinde en yeni teknoloji \u00fcr\u00fcnlerini ke\u015ffedin. Robotik ve inovasyon alan\u0131ndaki en son \u00fcr\u00fcnler i\u00e7in \u015fimdi al\u0131\u015fveri\u015f yap\u0131n.\",\"breadcrumb\":{\"@id\":\"https:\\\/\\\/robotxworkshops.tech\\\/tr\\\/cart\\\/#breadcrumb\"},\"inLanguage\":\"tr\",\"potentialAction\":[{\"@type\":\"ReadAction\",\"target\":[\"https:\\\/\\\/robotxworkshops.tech\\\/tr\\\/cart\\\/\"]}]},{\"@type\":\"BreadcrumbList\",\"@id\":\"https:\\\/\\\/robotxworkshops.tech\\\/tr\\\/cart\\\/#breadcrumb\",\"itemListElement\":[{\"@type\":\"ListItem\",\"position\":1,\"name\":\"Ev\",\"item\":\"https:\\\/\\\/robotxworkshops.tech\\\/tr\\\/\"},{\"@type\":\"ListItem\",\"position\":2,\"name\":\"Araba\"}]},{\"@type\":\"WebSite\",\"@id\":\"https:\\\/\\\/robotxworkshops.tech\\\/tr\\\/#website\",\"url\":\"https:\\\/\\\/robotxworkshops.tech\\\/tr\\\/\",\"name\":\"RobotX Workshops\",\"description\":\"Uygulamal\u0131, Pratik Robotik Kurslar\u0131\",\"publisher\":{\"@id\":\"https:\\\/\\\/robotxworkshops.tech\\\/tr\\\/#organization\"},\"potentialAction\":[{\"@type\":\"SearchAction\",\"target\":{\"@type\":\"EntryPoint\",\"urlTemplate\":\"https:\\\/\\\/robotxworkshops.tech\\\/tr\\\/?s={search_term_string}\"},\"query-input\":{\"@type\":\"PropertyValueSpecification\",\"valueRequired\":true,\"valueName\":\"search_term_string\"}}],\"inLanguage\":\"tr\"},{\"@type\":\"Organization\",\"@id\":\"https:\\\/\\\/robotxworkshops.tech\\\/tr\\\/#organization\",\"name\":\"RobotX At\u00f6lye \u00c7al\u0131\u015fmalar\u0131\",\"url\":\"https:\\\/\\\/robotxworkshops.tech\\\/tr\\\/\",\"logo\":{\"@type\":\"ImageObject\",\"inLanguage\":\"tr\",\"@id\":\"https:\\\/\\\/robotxworkshops.tech\\\/tr\\\/#\\\/schema\\\/logo\\\/image\\\/\",\"url\":\"https:\\\/\\\/robotxworkshops.tech\\\/wp-content\\\/uploads\\\/2025\\\/02\\\/Original-Logo-e1740213463254.png\",\"contentUrl\":\"https:\\\/\\\/robotxworkshops.tech\\\/wp-content\\\/uploads\\\/2025\\\/02\\\/Original-Logo-e1740213463254.png\",\"width\":1765,\"height\":396,\"caption\":\"RobotX At\u00f6lye \u00c7al\u0131\u015fmalar\u0131\"},\"image\":{\"@id\":\"https:\\\/\\\/robotxworkshops.tech\\\/tr\\\/#\\\/schema\\\/logo\\\/image\\\/\"},\"sameAs\":[\"https:\\\/\\\/www.facebook.com\\\/profile.php?id=61573566684527\",\"https:\\\/\\\/x.com\\\/robotXworkshops\"]}]}<\/script>\n<!-- \/ Yoast SEO plugin. -->","yoast_head_json":{"title":"RobotX At\u00f6lyelerinde Yenilik\u00e7i Teknoloji \u00dcr\u00fcnleri Sat\u0131n Al\u0131n","description":"RobotX At\u00f6lyelerinde en yeni teknoloji \u00fcr\u00fcnlerini ke\u015ffedin. Robotik ve inovasyon alan\u0131ndaki en son \u00fcr\u00fcnler i\u00e7in \u015fimdi al\u0131\u015fveri\u015f yap\u0131n.","robots":{"index":"index","follow":"follow","max-snippet":"max-snippet:-1","max-image-preview":"max-image-preview:large","max-video-preview":"max-video-preview:-1"},"canonical":"https:\/\/robotxworkshops.tech\/tr\/cart\/","og_locale":"tr_TR","og_type":"article","og_title":"RobotX At\u00f6lyelerinde Yenilik\u00e7i Teknoloji \u00dcr\u00fcnleri Sat\u0131n Al\u0131n","og_description":"RobotX At\u00f6lyelerinde en yeni teknoloji \u00fcr\u00fcnlerini ke\u015ffedin. Robotik ve inovasyon alan\u0131ndaki en son \u00fcr\u00fcnler i\u00e7in \u015fimdi al\u0131\u015fveri\u015f yap\u0131n.","og_url":"https:\/\/robotxworkshops.tech\/tr\/cart\/","og_site_name":"RobotX At\u00f6lye \u00c7al\u0131\u015fmalar\u0131","article_publisher":"https:\/\/www.facebook.com\/profile.php?id=61573566684527","article_modified_time":"2025-02-19T11:29:18+00:00","twitter_card":"summary_large_image","twitter_site":"@robotXworkshops","schema":{"@context":"https:\/\/schema.org","@graph":[{"@type":"WebPage","@id":"https:\/\/robotxworkshops.tech\/tr\/cart\/","url":"https:\/\/robotxworkshops.tech\/tr\/cart\/","name":"RobotX At\u00f6lyelerinde Yenilik\u00e7i Teknoloji \u00dcr\u00fcnleri Sat\u0131n Al\u0131n","isPartOf":{"@id":"https:\/\/robotxworkshops.tech\/tr\/#website"},"datePublished":"2025-01-06T07:07:41+00:00","dateModified":"2025-02-19T11:29:18+00:00","description":"RobotX At\u00f6lyelerinde en yeni teknoloji \u00fcr\u00fcnlerini ke\u015ffedin. Robotik ve inovasyon alan\u0131ndaki en son \u00fcr\u00fcnler i\u00e7in \u015fimdi al\u0131\u015fveri\u015f yap\u0131n.","breadcrumb":{"@id":"https:\/\/robotxworkshops.tech\/tr\/cart\/#breadcrumb"},"inLanguage":"tr","potentialAction":[{"@type":"ReadAction","target":["https:\/\/robotxworkshops.tech\/tr\/cart\/"]}]},{"@type":"BreadcrumbList","@id":"https:\/\/robotxworkshops.tech\/tr\/cart\/#breadcrumb","itemListElement":[{"@type":"ListItem","position":1,"name":"Ev","item":"https:\/\/robotxworkshops.tech\/tr\/"},{"@type":"ListItem","position":2,"name":"Araba"}]},{"@type":"WebSite","@id":"https:\/\/robotxworkshops.tech\/tr\/#website","url":"https:\/\/robotxworkshops.tech\/tr\/","name":"RobotX Workshops","description":"Uygulamal\u0131, Pratik Robotik Kurslar\u0131","publisher":{"@id":"https:\/\/robotxworkshops.tech\/tr\/#organization"},"potentialAction":[{"@type":"SearchAction","target":{"@type":"EntryPoint","urlTemplate":"https:\/\/robotxworkshops.tech\/tr\/?s={search_term_string}"},"query-input":{"@type":"PropertyValueSpecification","valueRequired":true,"valueName":"search_term_string"}}],"inLanguage":"tr"},{"@type":"Organization","@id":"https:\/\/robotxworkshops.tech\/tr\/#organization","name":"RobotX At\u00f6lye \u00c7al\u0131\u015fmalar\u0131","url":"https:\/\/robotxworkshops.tech\/tr\/","logo":{"@type":"ImageObject","inLanguage":"tr","@id":"https:\/\/robotxworkshops.tech\/tr\/#\/schema\/logo\/image\/","url":"https:\/\/robotxworkshops.tech\/wp-content\/uploads\/2025\/02\/Original-Logo-e1740213463254.png","contentUrl":"https:\/\/robotxworkshops.tech\/wp-content\/uploads\/2025\/02\/Original-Logo-e1740213463254.png","width":1765,"height":396,"caption":"RobotX At\u00f6lye \u00c7al\u0131\u015fmalar\u0131"},"image":{"@id":"https:\/\/robotxworkshops.tech\/tr\/#\/schema\/logo\/image\/"},"sameAs":["https:\/\/www.facebook.com\/profile.php?id=61573566684527","https:\/\/x.com\/robotXworkshops"]}]}},"_links":{"self":[{"href":"https:\/\/robotxworkshops.tech\/tr\/wp-json\/wp\/v2\/pages\/2648","targetHints":{"allow":["GET"]}}],"collection":[{"href":"https:\/\/robotxworkshops.tech\/tr\/wp-json\/wp\/v2\/pages"}],"about":[{"href":"https:\/\/robotxworkshops.tech\/tr\/wp-json\/wp\/v2\/types\/page"}],"author":[{"embeddable":true,"href":"https:\/\/robotxworkshops.tech\/tr\/wp-json\/wp\/v2\/users\/1"}],"replies":[{"embeddable":true,"href":"https:\/\/robotxworkshops.tech\/tr\/wp-json\/wp\/v2\/comments?post=2648"}],"version-history":[{"count":2,"href":"https:\/\/robotxworkshops.tech\/tr\/wp-json\/wp\/v2\/pages\/2648\/revisions"}],"predecessor-version":[{"id":5604,"href":"https:\/\/robotxworkshops.tech\/tr\/wp-json\/wp\/v2\/pages\/2648\/revisions\/5604"}],"wp:attachment":[{"href":"https:\/\/robotxworkshops.tech\/tr\/wp-json\/wp\/v2\/media?parent=2648"}],"curies":[{"name":"wp","href":"https:\/\/api.w.org\/{rel}","templated":true}]}}