{"id":2650,"date":"2025-01-06T08:07:41","date_gmt":"2025-01-06T07:07:41","guid":{"rendered":"https:\/\/robotxworkshops.tech\/my-account\/"},"modified":"2025-02-19T12:29:17","modified_gmt":"2025-02-19T11:29:17","slug":"my-account","status":"publish","type":"page","link":"https:\/\/robotxworkshops.tech\/tr\/my-account\/","title":{"rendered":"Benim hesab\u0131m"},"content":{"rendered":"\t\t<div data-elementor-type=\"wp-page\" data-elementor-id=\"2650\" class=\"elementor elementor-2650 elementor-158\" data-elementor-post-type=\"page\">\n\t\t\t\t\t\t<section class=\"elementor-section elementor-top-section elementor-element elementor-element-d8091ad elementor-section-boxed elementor-section-height-default elementor-section-height-default\" data-id=\"d8091ad\" data-element_type=\"section\" data-e-type=\"section\" data-settings=\"{&quot;background_background&quot;:&quot;classic&quot;}\">\n\t\t\t\t\t\t\t<div class=\"elementor-background-overlay\"><\/div>\n\t\t\t\t\t\t\t<div class=\"elementor-container elementor-column-gap-default\">\n\t\t\t\t\t<div class=\"elementor-column elementor-col-100 elementor-top-column elementor-element elementor-element-ca37ca4\" data-id=\"ca37ca4\" data-element_type=\"column\" data-e-type=\"column\">\n\t\t\t<div class=\"elementor-widget-wrap elementor-element-populated\">\n\t\t\t\t\t\t<div class=\"elementor-element elementor-element-a0b71f6 elementor-icon-list--layout-inline elementor-align-center elementor-list-item-link-full_width elementor-invisible elementor-widget elementor-widget-icon-list\" data-id=\"a0b71f6\" data-element_type=\"widget\" data-e-type=\"widget\" data-settings=\"{&quot;_animation&quot;:&quot;fadeInRight&quot;}\" data-widget_type=\"icon-list.default\">\n\t\t\t\t\t\t\t<ul class=\"elementor-icon-list-items elementor-inline-items\">\n\t\t\t\t\t\t\t<li class=\"elementor-icon-list-item elementor-inline-item\">\n\t\t\t\t\t\t\t\t\t\t\t<a href=\"#\">\n\n\t\t\t\t\t\t\t\t\t\t\t<span class=\"elementor-icon-list-text\">Kullan\u0131c\u0131<\/span>\n\t\t\t\t\t\t\t\t\t\t\t<\/a>\n\t\t\t\t\t\t\t\t\t<\/li>\n\t\t\t\t\t\t\t\t<li class=\"elementor-icon-list-item elementor-inline-item\">\n\t\t\t\t\t\t\t\t\t\t\t<a href=\"#\">\n\n\t\t\t\t\t\t\t\t\t\t\t\t<span class=\"elementor-icon-list-icon\">\n\t\t\t\t\t\t\t<i aria-hidden=\"true\" class=\" arrow_triangle-right_alt2\"><\/i>\t\t\t\t\t\t<\/span>\n\t\t\t\t\t\t\t\t\t\t<span class=\"elementor-icon-list-text\"><\/span>\n\t\t\t\t\t\t\t\t\t\t\t<\/a>\n\t\t\t\t\t\t\t\t\t<\/li>\n\t\t\t\t\t\t<\/ul>\n\t\t\t\t\t\t<\/div>\n\t\t\t\t<div class=\"elementor-element elementor-element-f5e8493 elementor-invisible elementor-widget elementor-widget-heading\" data-id=\"f5e8493\" data-element_type=\"widget\" data-e-type=\"widget\" data-settings=\"{&quot;_animation&quot;:&quot;fadeInLeft&quot;}\" data-widget_type=\"heading.default\">\n\t\t\t\t\t<h1 class=\"elementor-heading-title elementor-size-default\">Hesab\u0131m<\/h1>\t\t\t\t<\/div>\n\t\t\t\t<div class=\"elementor-element elementor-element-540a680 elementor-widget-divider--view-line_icon elementor-view-default elementor-widget-divider--element-align-center elementor-invisible elementor-widget elementor-widget-divider\" data-id=\"540a680\" data-element_type=\"widget\" data-e-type=\"widget\" data-settings=\"{&quot;_animation&quot;:&quot;fadeInUp&quot;,&quot;_animation_delay&quot;:1080}\" data-widget_type=\"divider.default\">\n\t\t\t\t\t\t\t<div class=\"elementor-divider\">\n\t\t\t<span class=\"elementor-divider-separator\">\n\t\t\t\t\t\t\t<div class=\"elementor-icon elementor-divider__element\">\n\t\t\t\t\t<i aria-hidden=\"true\" class=\"mdi mdi-gamepad-circle\"><\/i><\/div>\n\t\t\t\t\t\t<\/span>\n\t\t<\/div>\n\t\t\t\t\t\t<\/div>\n\t\t\t\t\t<\/div>\n\t\t<\/div>\n\t\t\t\t\t<\/div>\n\t\t<\/section>\n\t\t<div class=\"elementor-element elementor-element-02d74cd e-flex e-con-boxed e-con e-parent\" data-id=\"02d74cd\" data-element_type=\"container\" data-e-type=\"container\">\n\t\t\t\t\t<div class=\"e-con-inner\">\n\t\t\t\t<div class=\"elementor-element elementor-element-c738a77 e-my-account-tabs-vertical elementor-widget elementor-widget-woocommerce-my-account\" data-id=\"c738a77\" data-element_type=\"widget\" data-e-type=\"widget\" data-widget_type=\"woocommerce-my-account.default\">\n\t\t\t\t\t<div class=\"e-my-account-tab e-my-account-tab__ \">\t\t\t<div class=\"woocommerce\"><\/div>\t\t<\/div>\n\t\t\t\t\t\t<\/div>\n\t\t\t\t\t<\/div>\n\t\t\t\t<\/div>\n\t\t\t\t<\/div>\n\t\t","protected":false},"excerpt":{"rendered":"<p>Kullan\u0131c\u0131 Hesab\u0131m<\/p>\n","protected":false},"author":1,"featured_media":0,"parent":0,"menu_order":0,"comment_status":"closed","ping_status":"closed","template":"elementor_header_footer","meta":{"_monsterinsights_skip_tracking":false,"_monsterinsights_sitenote_active":false,"_monsterinsights_sitenote_note":"","_monsterinsights_sitenote_category":0,"footnotes":""},"class_list":["post-2650","page","type-page","status-publish","hentry"],"yoast_head":"<!-- This site is optimized with the Yoast SEO plugin v27.5 - https:\/\/yoast.com\/product\/yoast-seo-wordpress\/ -->\n<title>Hesab\u0131m - RobotX At\u00f6lyeleri<\/title>\n<meta name=\"description\" content=\"Hesab\u0131n\u0131z\u0131 y\u00f6netin ve RobotX Workshops&#039;ta \u00f6zel i\u00e7eri\u011fe eri\u015fin. Sipari\u015fleriniz ve ki\u015fisel bilgilerinizle kolayca g\u00fcncel kal\u0131n.\" \/>\n<meta name=\"robots\" content=\"index, follow, max-snippet:-1, max-image-preview:large, max-video-preview:-1\" \/>\n<link rel=\"canonical\" href=\"https:\/\/robotxworkshops.tech\/tr\/my-account\/\" \/>\n<meta property=\"og:locale\" content=\"tr_TR\" \/>\n<meta property=\"og:type\" content=\"article\" \/>\n<meta property=\"og:title\" content=\"Hesab\u0131m - RobotX At\u00f6lyeleri\" \/>\n<meta property=\"og:description\" content=\"Hesab\u0131n\u0131z\u0131 y\u00f6netin ve RobotX Workshops&#039;ta \u00f6zel i\u00e7eri\u011fe eri\u015fin. Sipari\u015fleriniz ve ki\u015fisel bilgilerinizle kolayca g\u00fcncel kal\u0131n.\" \/>\n<meta property=\"og:url\" content=\"https:\/\/robotxworkshops.tech\/tr\/my-account\/\" \/>\n<meta property=\"og:site_name\" content=\"RobotX At\u00f6lye \u00c7al\u0131\u015fmalar\u0131\" \/>\n<meta property=\"article:publisher\" content=\"https:\/\/www.facebook.com\/profile.php?id=61573566684527\" \/>\n<meta property=\"article:modified_time\" content=\"2025-02-19T11:29:17+00:00\" \/>\n<meta name=\"twitter:card\" content=\"summary_large_image\" \/>\n<meta name=\"twitter:site\" content=\"@robotXworkshops\" \/>\n<script type=\"application\/ld+json\" class=\"yoast-schema-graph\">{\"@context\":\"https:\\\/\\\/schema.org\",\"@graph\":[{\"@type\":\"WebPage\",\"@id\":\"https:\\\/\\\/robotxworkshops.tech\\\/tr\\\/my-account\\\/\",\"url\":\"https:\\\/\\\/robotxworkshops.tech\\\/tr\\\/my-account\\\/\",\"name\":\"Hesab\u0131m - RobotX At\u00f6lyeleri\",\"isPartOf\":{\"@id\":\"https:\\\/\\\/robotxworkshops.tech\\\/tr\\\/#website\"},\"datePublished\":\"2025-01-06T07:07:41+00:00\",\"dateModified\":\"2025-02-19T11:29:17+00:00\",\"description\":\"Hesab\u0131n\u0131z\u0131 y\u00f6netin ve RobotX Workshops'ta \u00f6zel i\u00e7eri\u011fe eri\u015fin. Sipari\u015fleriniz ve ki\u015fisel bilgilerinizle kolayca g\u00fcncel kal\u0131n.\",\"breadcrumb\":{\"@id\":\"https:\\\/\\\/robotxworkshops.tech\\\/tr\\\/my-account\\\/#breadcrumb\"},\"inLanguage\":\"tr\",\"potentialAction\":[{\"@type\":\"ReadAction\",\"target\":[\"https:\\\/\\\/robotxworkshops.tech\\\/tr\\\/my-account\\\/\"]}]},{\"@type\":\"BreadcrumbList\",\"@id\":\"https:\\\/\\\/robotxworkshops.tech\\\/tr\\\/my-account\\\/#breadcrumb\",\"itemListElement\":[{\"@type\":\"ListItem\",\"position\":1,\"name\":\"Ev\",\"item\":\"https:\\\/\\\/robotxworkshops.tech\\\/tr\\\/\"},{\"@type\":\"ListItem\",\"position\":2,\"name\":\"Benim hesab\u0131m\"}]},{\"@type\":\"WebSite\",\"@id\":\"https:\\\/\\\/robotxworkshops.tech\\\/tr\\\/#website\",\"url\":\"https:\\\/\\\/robotxworkshops.tech\\\/tr\\\/\",\"name\":\"RobotX Workshops\",\"description\":\"Uygulamal\u0131, Pratik Robotik Kurslar\u0131\",\"publisher\":{\"@id\":\"https:\\\/\\\/robotxworkshops.tech\\\/tr\\\/#organization\"},\"potentialAction\":[{\"@type\":\"SearchAction\",\"target\":{\"@type\":\"EntryPoint\",\"urlTemplate\":\"https:\\\/\\\/robotxworkshops.tech\\\/tr\\\/?s={search_term_string}\"},\"query-input\":{\"@type\":\"PropertyValueSpecification\",\"valueRequired\":true,\"valueName\":\"search_term_string\"}}],\"inLanguage\":\"tr\"},{\"@type\":\"Organization\",\"@id\":\"https:\\\/\\\/robotxworkshops.tech\\\/tr\\\/#organization\",\"name\":\"RobotX At\u00f6lye \u00c7al\u0131\u015fmalar\u0131\",\"url\":\"https:\\\/\\\/robotxworkshops.tech\\\/tr\\\/\",\"logo\":{\"@type\":\"ImageObject\",\"inLanguage\":\"tr\",\"@id\":\"https:\\\/\\\/robotxworkshops.tech\\\/tr\\\/#\\\/schema\\\/logo\\\/image\\\/\",\"url\":\"https:\\\/\\\/robotxworkshops.tech\\\/wp-content\\\/uploads\\\/2025\\\/02\\\/Original-Logo-e1740213463254.png\",\"contentUrl\":\"https:\\\/\\\/robotxworkshops.tech\\\/wp-content\\\/uploads\\\/2025\\\/02\\\/Original-Logo-e1740213463254.png\",\"width\":1765,\"height\":396,\"caption\":\"RobotX At\u00f6lye \u00c7al\u0131\u015fmalar\u0131\"},\"image\":{\"@id\":\"https:\\\/\\\/robotxworkshops.tech\\\/tr\\\/#\\\/schema\\\/logo\\\/image\\\/\"},\"sameAs\":[\"https:\\\/\\\/www.facebook.com\\\/profile.php?id=61573566684527\",\"https:\\\/\\\/x.com\\\/robotXworkshops\"]}]}<\/script>\n<!-- \/ Yoast SEO plugin. -->","yoast_head_json":{"title":"Hesab\u0131m - RobotX At\u00f6lyeleri","description":"Hesab\u0131n\u0131z\u0131 y\u00f6netin ve RobotX Workshops'ta \u00f6zel i\u00e7eri\u011fe eri\u015fin. Sipari\u015fleriniz ve ki\u015fisel bilgilerinizle kolayca g\u00fcncel kal\u0131n.","robots":{"index":"index","follow":"follow","max-snippet":"max-snippet:-1","max-image-preview":"max-image-preview:large","max-video-preview":"max-video-preview:-1"},"canonical":"https:\/\/robotxworkshops.tech\/tr\/my-account\/","og_locale":"tr_TR","og_type":"article","og_title":"Hesab\u0131m - RobotX At\u00f6lyeleri","og_description":"Hesab\u0131n\u0131z\u0131 y\u00f6netin ve RobotX Workshops'ta \u00f6zel i\u00e7eri\u011fe eri\u015fin. Sipari\u015fleriniz ve ki\u015fisel bilgilerinizle kolayca g\u00fcncel kal\u0131n.","og_url":"https:\/\/robotxworkshops.tech\/tr\/my-account\/","og_site_name":"RobotX At\u00f6lye \u00c7al\u0131\u015fmalar\u0131","article_publisher":"https:\/\/www.facebook.com\/profile.php?id=61573566684527","article_modified_time":"2025-02-19T11:29:17+00:00","twitter_card":"summary_large_image","twitter_site":"@robotXworkshops","schema":{"@context":"https:\/\/schema.org","@graph":[{"@type":"WebPage","@id":"https:\/\/robotxworkshops.tech\/tr\/my-account\/","url":"https:\/\/robotxworkshops.tech\/tr\/my-account\/","name":"Hesab\u0131m - RobotX At\u00f6lyeleri","isPartOf":{"@id":"https:\/\/robotxworkshops.tech\/tr\/#website"},"datePublished":"2025-01-06T07:07:41+00:00","dateModified":"2025-02-19T11:29:17+00:00","description":"Hesab\u0131n\u0131z\u0131 y\u00f6netin ve RobotX Workshops'ta \u00f6zel i\u00e7eri\u011fe eri\u015fin. Sipari\u015fleriniz ve ki\u015fisel bilgilerinizle kolayca g\u00fcncel kal\u0131n.","breadcrumb":{"@id":"https:\/\/robotxworkshops.tech\/tr\/my-account\/#breadcrumb"},"inLanguage":"tr","potentialAction":[{"@type":"ReadAction","target":["https:\/\/robotxworkshops.tech\/tr\/my-account\/"]}]},{"@type":"BreadcrumbList","@id":"https:\/\/robotxworkshops.tech\/tr\/my-account\/#breadcrumb","itemListElement":[{"@type":"ListItem","position":1,"name":"Ev","item":"https:\/\/robotxworkshops.tech\/tr\/"},{"@type":"ListItem","position":2,"name":"Benim hesab\u0131m"}]},{"@type":"WebSite","@id":"https:\/\/robotxworkshops.tech\/tr\/#website","url":"https:\/\/robotxworkshops.tech\/tr\/","name":"RobotX Workshops","description":"Uygulamal\u0131, Pratik Robotik Kurslar\u0131","publisher":{"@id":"https:\/\/robotxworkshops.tech\/tr\/#organization"},"potentialAction":[{"@type":"SearchAction","target":{"@type":"EntryPoint","urlTemplate":"https:\/\/robotxworkshops.tech\/tr\/?s={search_term_string}"},"query-input":{"@type":"PropertyValueSpecification","valueRequired":true,"valueName":"search_term_string"}}],"inLanguage":"tr"},{"@type":"Organization","@id":"https:\/\/robotxworkshops.tech\/tr\/#organization","name":"RobotX At\u00f6lye \u00c7al\u0131\u015fmalar\u0131","url":"https:\/\/robotxworkshops.tech\/tr\/","logo":{"@type":"ImageObject","inLanguage":"tr","@id":"https:\/\/robotxworkshops.tech\/tr\/#\/schema\/logo\/image\/","url":"https:\/\/robotxworkshops.tech\/wp-content\/uploads\/2025\/02\/Original-Logo-e1740213463254.png","contentUrl":"https:\/\/robotxworkshops.tech\/wp-content\/uploads\/2025\/02\/Original-Logo-e1740213463254.png","width":1765,"height":396,"caption":"RobotX At\u00f6lye \u00c7al\u0131\u015fmalar\u0131"},"image":{"@id":"https:\/\/robotxworkshops.tech\/tr\/#\/schema\/logo\/image\/"},"sameAs":["https:\/\/www.facebook.com\/profile.php?id=61573566684527","https:\/\/x.com\/robotXworkshops"]}]}},"_links":{"self":[{"href":"https:\/\/robotxworkshops.tech\/tr\/wp-json\/wp\/v2\/pages\/2650","targetHints":{"allow":["GET"]}}],"collection":[{"href":"https:\/\/robotxworkshops.tech\/tr\/wp-json\/wp\/v2\/pages"}],"about":[{"href":"https:\/\/robotxworkshops.tech\/tr\/wp-json\/wp\/v2\/types\/page"}],"author":[{"embeddable":true,"href":"https:\/\/robotxworkshops.tech\/tr\/wp-json\/wp\/v2\/users\/1"}],"replies":[{"embeddable":true,"href":"https:\/\/robotxworkshops.tech\/tr\/wp-json\/wp\/v2\/comments?post=2650"}],"version-history":[{"count":2,"href":"https:\/\/robotxworkshops.tech\/tr\/wp-json\/wp\/v2\/pages\/2650\/revisions"}],"predecessor-version":[{"id":5594,"href":"https:\/\/robotxworkshops.tech\/tr\/wp-json\/wp\/v2\/pages\/2650\/revisions\/5594"}],"wp:attachment":[{"href":"https:\/\/robotxworkshops.tech\/tr\/wp-json\/wp\/v2\/media?parent=2650"}],"curies":[{"name":"wp","href":"https:\/\/api.w.org\/{rel}","templated":true}]}}