{"id":4969,"date":"2025-01-06T08:34:47","date_gmt":"2025-01-06T07:34:47","guid":{"rendered":"https:\/\/robotxworkshops.tech\/gizlilik-politikasi\/"},"modified":"2025-02-19T12:56:17","modified_gmt":"2025-02-19T11:56:17","slug":"gizlilik-politikasi","status":"publish","type":"page","link":"https:\/\/robotxworkshops.tech\/tr\/gizlilik-politikasi\/","title":{"rendered":"Gizlilik Politikas\u0131"},"content":{"rendered":"\t\t<div data-elementor-type=\"wp-page\" data-elementor-id=\"4969\" class=\"elementor elementor-4969 elementor-286\" data-elementor-post-type=\"page\">\n\t\t\t\t\t\t<section class=\"elementor-section elementor-top-section elementor-element elementor-element-24fc6e7e elementor-section-boxed elementor-section-height-default elementor-section-height-default\" data-id=\"24fc6e7e\" data-element_type=\"section\" data-e-type=\"section\" data-settings=\"{&quot;background_background&quot;:&quot;classic&quot;}\">\n\t\t\t\t\t\t\t<div class=\"elementor-background-overlay\"><\/div>\n\t\t\t\t\t\t\t<div class=\"elementor-container elementor-column-gap-default\">\n\t\t\t\t\t<div class=\"elementor-column elementor-col-100 elementor-top-column elementor-element elementor-element-66e2fcd5\" data-id=\"66e2fcd5\" data-element_type=\"column\" data-e-type=\"column\">\n\t\t\t<div class=\"elementor-widget-wrap elementor-element-populated\">\n\t\t\t\t\t\t<section class=\"elementor-section elementor-inner-section elementor-element elementor-element-5f5dec33 elementor-section-boxed elementor-section-height-default elementor-section-height-default\" data-id=\"5f5dec33\" data-element_type=\"section\" data-e-type=\"section\">\n\t\t\t\t\t\t<div class=\"elementor-container elementor-column-gap-default\">\n\t\t\t\t\t<div class=\"elementor-column elementor-col-100 elementor-inner-column elementor-element elementor-element-51d4a89b elementor-invisible\" data-id=\"51d4a89b\" data-element_type=\"column\" data-e-type=\"column\" data-settings=\"{&quot;animation&quot;:&quot;fadeInUp&quot;}\">\n\t\t\t<div class=\"elementor-widget-wrap elementor-element-populated\">\n\t\t\t\t\t\t<div class=\"elementor-element elementor-element-42518b58 elementor-widget elementor-widget-heading\" data-id=\"42518b58\" data-element_type=\"widget\" data-e-type=\"widget\" data-widget_type=\"heading.default\">\n\t\t\t\t\t<h2 class=\"elementor-heading-title elementor-size-default\">Yasal<\/h2>\t\t\t\t<\/div>\n\t\t\t\t<div class=\"elementor-element elementor-element-a415573 elementor-widget elementor-widget-heading\" data-id=\"a415573\" data-element_type=\"widget\" data-e-type=\"widget\" data-widget_type=\"heading.default\">\n\t\t\t\t\t<h1 class=\"elementor-heading-title elementor-size-default\">Gizlilik Politikas\u0131<\/h1>\t\t\t\t<\/div>\n\t\t\t\t\t<\/div>\n\t\t<\/div>\n\t\t\t\t\t<\/div>\n\t\t<\/section>\n\t\t\t\t\t<\/div>\n\t\t<\/div>\n\t\t\t\t\t<\/div>\n\t\t<\/section>\n\t\t<div class=\"elementor-element elementor-element-19a97a6 e-flex e-con-boxed e-con e-parent\" data-id=\"19a97a6\" data-element_type=\"container\" data-e-type=\"container\">\n\t\t\t\t\t<div class=\"e-con-inner\">\n\t\t\t\t<div class=\"elementor-element elementor-element-bb694fc elementor-widget elementor-widget-text-editor\" data-id=\"bb694fc\" data-element_type=\"widget\" data-e-type=\"widget\" data-widget_type=\"text-editor.default\">\n\t\t\t\t\t\t\t\t\t<p><strong>Gizlilik Politikas\u0131<\/strong><\/p>\n<p>RobotX At\u00f6lyelerinde gizlili\u011finiz bizim i\u00e7in \u00f6nemlidir. Bu Gizlilik Politikas\u0131, web sitemizi ziyaret etti\u011finizde veya at\u00f6lye \u00e7al\u0131\u015fmalar\u0131m\u0131za kat\u0131ld\u0131\u011f\u0131n\u0131zda ki\u015fisel bilgilerinizi nas\u0131l toplad\u0131\u011f\u0131m\u0131z\u0131, kulland\u0131\u011f\u0131m\u0131z\u0131 ve korudu\u011fumuzu a\u00e7\u0131klar. Hizmetlerimizi kullanarak, bu politikada a\u00e7\u0131klanan uygulamalar\u0131 kabul etmi\u015f olursunuz.  <\/p>\n<hr>\n<p> <\/p>\n<p><strong>&#8211; Toplad\u0131\u011f\u0131m\u0131z Bilgiler<\/strong><\/p>\n<ol>\n<li>\n<p><strong>Ki\u015fisel Bilgiler<\/strong>: Do\u011frudan sa\u011flad\u0131\u011f\u0131n\u0131z ki\u015fisel bilgileri toplayabiliriz, \u00f6rne\u011fin:<\/p>\n<ul>\n<li>\u0130sim<\/li>\n<li>E-posta adresi<\/li>\n<li>Telefon numaras\u0131<\/li>\n<li>Fatura ve sevkiyat adresi<\/li>\n<li>\u00d6deme bilgileri<\/li>\n<\/ul>\n<\/li>\n<li>\n<p><strong>Otomatik Olarak Toplanan Bilgiler<\/strong>: Web sitemizi kulland\u0131\u011f\u0131n\u0131zda, cihaz\u0131n\u0131z ve kullan\u0131m\u0131n\u0131z hakk\u0131nda a\u015fa\u011f\u0131daki gibi bilgiler toplayabiliriz:<\/p>\n<ul>\n<li>IP adresi<\/li>\n<li>Taray\u0131c\u0131 t\u00fcr\u00fc<\/li>\n<li>Ziyaret edilen sayfalar<\/li>\n<li>Sayfalarda ge\u00e7irilen s\u00fcre<\/li>\n<li>\u00c7erezler ve izleme teknolojileri<\/li>\n<\/ul>\n<\/li>\n<\/ol>\n<p> <\/p>\n<hr>\n<p> <\/p>\n<p><strong>&#8211; Bilgilerinizi Nas\u0131l Kullan\u0131yoruz<\/strong><\/p>\n<ol>\n<li>\n<p><strong>Hizmet Sunumu<\/strong>:<\/p>\n<ul>\n<li>At\u00f6lye \u00e7al\u0131\u015fmalar\u0131 i\u00e7in kay\u0131tlar\u0131 ve \u00f6demeleri i\u015fleme koymak<\/li>\n<li>At\u00f6lyeniz hakk\u0131nda \u00f6nemli bilgileri iletmek i\u00e7in<\/li>\n<\/ul>\n<\/li>\n<li>\n<p><strong>M\u00fc\u015fteri Deste\u011fi<\/strong>:<\/p>\n<ul>\n<li>Sorular\u0131n\u0131za veya taleplerinize yan\u0131t vermek i\u00e7in<\/li>\n<\/ul>\n<\/li>\n<li>\n<p><strong>Pazarlama<\/strong>:<\/p>\n<ul>\n<li>Kabul etmeniz halinde tan\u0131t\u0131m e-postalar\u0131 veya haber b\u00fcltenleri g\u00f6ndermek i\u00e7in (istedi\u011finiz zaman abonelikten \u00e7\u0131kabilirsiniz)<\/li>\n<\/ul>\n<\/li>\n<li>\n<p><strong>\u0130yile\u015ftirme<\/strong>:<\/p>\n<ul>\n<li>Web sitesi kullan\u0131m\u0131n\u0131 analiz etmek ve hizmetlerimizi geli\u015ftirmek<\/li>\n<\/ul>\n<\/li>\n<\/ol>\n<p> <\/p>\n<hr>\n<p> <\/p>\n<p><strong>&#8211; Bilgilerinizi Nas\u0131l Payla\u015f\u0131yoruz<\/strong><\/p>\n<p>Ki\u015fisel bilgilerinizi \u00fc\u00e7\u00fcnc\u00fc taraflara satm\u0131yor veya kiralam\u0131yoruz. Ancak, bilgilerinizi a\u015fa\u011f\u0131dakilerle payla\u015fabiliriz: <\/p>\n<ol>\n<li>\n<p><strong>Hizmet Sa\u011flay\u0131c\u0131lar<\/strong>:<\/p>\n<ul>\n<li>\u00d6deme i\u015flemleri, e-posta ileti\u015fimi veya bar\u0131nd\u0131rma i\u00e7in kulland\u0131\u011f\u0131m\u0131z \u00fc\u00e7\u00fcnc\u00fc taraf hizmetleri.<\/li>\n<\/ul>\n<\/li>\n<li>\n<p><strong>Yasal Y\u00fck\u00fcml\u00fcl\u00fckler<\/strong>:<\/p>\n<ul>\n<li>Yasalar gerektirdi\u011finde veya haklar\u0131m\u0131z\u0131 ve ba\u015fkalar\u0131n\u0131n g\u00fcvenli\u011fini korumak i\u00e7in.<\/li>\n<\/ul>\n<\/li>\n<\/ol>\n<p> <\/p>\n<hr>\n<p> <\/p>\n<p><strong>&#8211; <\/strong><strong>\u00c7erezler ve \u0130zleme Teknolojileri<\/strong><\/p>\n<ol>\n<li>\n<p><strong>\u00c7erezler Nedir?<\/strong><\/p>\n<ul>\n<li>\u00c7erezler, tarama deneyiminizi iyile\u015ftirmek i\u00e7in cihaz\u0131n\u0131zda depolanan k\u00fc\u00e7\u00fck veri dosyalar\u0131d\u0131r.<\/li>\n<\/ul>\n<\/li>\n<li>\n<p><strong>\u00c7erezleri Nas\u0131l Kullan\u0131yoruz<\/strong>:<\/p>\n<ul>\n<li>Tercihlerinizi hat\u0131rlamak i\u00e7in<\/li>\n<li>Web sitesi trafi\u011fini analiz etmek i\u00e7in<\/li>\n<\/ul>\n<\/li>\n<li>\n<p><strong>\u00c7erezleri Y\u00f6netme<\/strong>:<\/p>\n<ul>\n<li>\u00c7erezleri devre d\u0131\u015f\u0131 b\u0131rakmak i\u00e7in taray\u0131c\u0131 ayarlar\u0131n\u0131z\u0131 de\u011fi\u015ftirebilirsiniz, ancak sitemizin baz\u0131 \u00f6zellikleri d\u00fczg\u00fcn \u00e7al\u0131\u015fmayabilir.<\/li>\n<\/ul>\n<\/li>\n<\/ol>\n<p> <\/p>\n<hr>\n<p> <\/p>\n<p><strong>&#8211; Veri G\u00fcvenli\u011fi<\/strong><\/p>\n<p>Ki\u015fisel bilgilerinizi yetkisiz eri\u015fim, kay\u0131p veya k\u00f6t\u00fcye kullan\u0131mdan korumak i\u00e7in uygun teknik ve organizasyonel \u00f6nlemler uyguluyoruz. Ancak, hi\u00e7bir sistem tamamen g\u00fcvenli de\u011fildir ve mutlak g\u00fcvenli\u011fi garanti edemeyiz. <\/p>\n<p> <\/p>\n<hr>\n<p> <\/p>\n<p><strong>&#8211; Sizin Haklar\u0131n\u0131z<\/strong><\/p>\n<ol>\n<li>\n<p><strong>Eri\u015fim ve D\u00fczeltme<\/strong>:<\/p>\n<ul>\n<li>Hakk\u0131n\u0131zda tuttu\u011fumuz ki\u015fisel bilgilere eri\u015fme ve d\u00fczeltme talep etme hakk\u0131na sahipsiniz.<\/li>\n<\/ul>\n<\/li>\n<li>\n<p><strong>Veri Silme<\/strong>:<\/p>\n<ul>\n<li>Yasal ve operasyonel gerekliliklere tabi olarak ki\u015fisel bilgilerinizin silinmesini talep edebilirsiniz.<\/li>\n<\/ul>\n<\/li>\n<li>\n<p><strong>Opt-Out<\/strong>:<\/p>\n<ul>\n<li>E-postalar\u0131m\u0131zdaki &#8220;abonelikten \u00e7\u0131k&#8221; se\u00e7ene\u011fine t\u0131klayarak pazarlama ileti\u015fimlerinden vazge\u00e7ebilirsiniz.<\/li>\n<\/ul>\n<\/li>\n<\/ol>\n<p> <\/p>\n<hr>\n<p> <\/p>\n<p><strong>&#8211; \u00dc\u00e7\u00fcnc\u00fc Taraf Ba\u011flant\u0131lar\u0131<\/strong><\/p>\n<p>Web sitemiz \u00fc\u00e7\u00fcnc\u00fc taraf web sitelerine ba\u011flant\u0131lar i\u00e7erebilir. Onlar\u0131n gizlilik uygulamalar\u0131ndan biz sorumlu de\u011filiz. L\u00fctfen bu web sitelerinin gizlilik politikalar\u0131n\u0131 inceleyin.  <\/p>\n<p> <\/p>\n<hr>\n<p> <\/p>\n<p><strong>&#8211; Bu Politikadaki De\u011fi\u015fiklikler<\/strong><\/p>\n<p>RobotX Workshops, bu Gizlilik Politikas\u0131n\u0131 istedi\u011fi zaman g\u00fcncelleme hakk\u0131n\u0131 sakl\u0131 tutar. De\u011fi\u015fiklikler web sitemizde yay\u0131nlanacak ve hizmetlerimizin s\u00fcrekli kullan\u0131m\u0131 g\u00fcncellenmi\u015f politikan\u0131n kabul\u00fcn\u00fc te\u015fkil edecektir. <\/p>\t\t\t\t\t\t\t\t<\/div>\n\t\t\t\t\t<\/div>\n\t\t\t\t<\/div>\n\t\t\t\t<\/div>\n\t\t","protected":false},"excerpt":{"rendered":"<p>Yasal Gizlilik Politikas\u0131 Gizlilik Politikas\u0131 RobotX At\u00f6lyelerinde gizlili\u011finiz bizim i\u00e7in \u00f6nemlidir. Bu Gizlilik Politikas\u0131, web sitemizi ziyaret etti\u011finizde veya at\u00f6lye \u00e7al\u0131\u015fmalar\u0131m\u0131za kat\u0131ld\u0131\u011f\u0131n\u0131zda ki\u015fisel bilgilerinizi nas\u0131l toplad\u0131\u011f\u0131m\u0131z\u0131, kulland\u0131\u011f\u0131m\u0131z\u0131 ve korudu\u011fumuzu a\u00e7\u0131klar. Hizmetlerimizi kullanarak, bu politikada a\u00e7\u0131klanan uygulamalar\u0131 kabul etmi\u015f olursunuz. &#8211; Toplad\u0131\u011f\u0131m\u0131z Bilgiler Ki\u015fisel Bilgiler: Do\u011frudan sa\u011flad\u0131\u011f\u0131n\u0131z ki\u015fisel bilgileri toplayabiliriz, \u00f6rne\u011fin: \u0130sim E-posta adresi Telefon numaras\u0131 [&hellip;]<\/p>\n","protected":false},"author":1,"featured_media":0,"parent":0,"menu_order":0,"comment_status":"closed","ping_status":"closed","template":"elementor_header_footer","meta":{"_monsterinsights_skip_tracking":false,"_monsterinsights_sitenote_active":false,"_monsterinsights_sitenote_note":"","_monsterinsights_sitenote_category":0,"footnotes":""},"class_list":["post-4969","page","type-page","status-publish","hentry"],"yoast_head":"<!-- This site is optimized with the Yoast SEO plugin v27.5 - https:\/\/yoast.com\/product\/yoast-seo-wordpress\/ -->\n<title>Gizlilik Politikas\u0131 - RobotX Workshops<\/title>\n<meta name=\"description\" content=\"Ki\u015fisel bilgilerinizi nas\u0131l ele ald\u0131\u011f\u0131m\u0131z\u0131 anlamak ve gizlili\u011finizin korunmas\u0131n\u0131 sa\u011flamak i\u00e7in RobotX Workshops&#039;un gizlilik politikas\u0131n\u0131 okuyun.\" \/>\n<meta name=\"robots\" content=\"index, follow, max-snippet:-1, max-image-preview:large, max-video-preview:-1\" \/>\n<link rel=\"canonical\" href=\"https:\/\/robotxworkshops.tech\/tr\/gizlilik-politikasi\/\" \/>\n<meta property=\"og:locale\" content=\"tr_TR\" \/>\n<meta property=\"og:type\" content=\"article\" \/>\n<meta property=\"og:title\" content=\"Gizlilik Politikas\u0131 - RobotX Workshops\" \/>\n<meta property=\"og:description\" content=\"Ki\u015fisel bilgilerinizi nas\u0131l ele ald\u0131\u011f\u0131m\u0131z\u0131 anlamak ve gizlili\u011finizin korunmas\u0131n\u0131 sa\u011flamak i\u00e7in RobotX Workshops&#039;un gizlilik politikas\u0131n\u0131 okuyun.\" \/>\n<meta property=\"og:url\" content=\"https:\/\/robotxworkshops.tech\/tr\/gizlilik-politikasi\/\" \/>\n<meta property=\"og:site_name\" content=\"RobotX At\u00f6lye \u00c7al\u0131\u015fmalar\u0131\" \/>\n<meta property=\"article:publisher\" content=\"https:\/\/www.facebook.com\/profile.php?id=61573566684527\" \/>\n<meta property=\"article:modified_time\" content=\"2025-02-19T11:56:17+00:00\" \/>\n<meta name=\"twitter:card\" content=\"summary_large_image\" \/>\n<meta name=\"twitter:site\" content=\"@robotXworkshops\" \/>\n<meta name=\"twitter:label1\" content=\"Tahmini okuma s\u00fcresi\" \/>\n\t<meta name=\"twitter:data1\" content=\"3 dakika\" \/>\n<script type=\"application\/ld+json\" class=\"yoast-schema-graph\">{\"@context\":\"https:\\\/\\\/schema.org\",\"@graph\":[{\"@type\":\"WebPage\",\"@id\":\"https:\\\/\\\/robotxworkshops.tech\\\/tr\\\/gizlilik-politikasi\\\/\",\"url\":\"https:\\\/\\\/robotxworkshops.tech\\\/tr\\\/gizlilik-politikasi\\\/\",\"name\":\"Gizlilik Politikas\u0131 - RobotX Workshops\",\"isPartOf\":{\"@id\":\"https:\\\/\\\/robotxworkshops.tech\\\/tr\\\/#website\"},\"datePublished\":\"2025-01-06T07:34:47+00:00\",\"dateModified\":\"2025-02-19T11:56:17+00:00\",\"description\":\"Ki\u015fisel bilgilerinizi nas\u0131l ele ald\u0131\u011f\u0131m\u0131z\u0131 anlamak ve gizlili\u011finizin korunmas\u0131n\u0131 sa\u011flamak i\u00e7in RobotX Workshops'un gizlilik politikas\u0131n\u0131 okuyun.\",\"breadcrumb\":{\"@id\":\"https:\\\/\\\/robotxworkshops.tech\\\/tr\\\/gizlilik-politikasi\\\/#breadcrumb\"},\"inLanguage\":\"tr\",\"potentialAction\":[{\"@type\":\"ReadAction\",\"target\":[\"https:\\\/\\\/robotxworkshops.tech\\\/tr\\\/gizlilik-politikasi\\\/\"]}]},{\"@type\":\"BreadcrumbList\",\"@id\":\"https:\\\/\\\/robotxworkshops.tech\\\/tr\\\/gizlilik-politikasi\\\/#breadcrumb\",\"itemListElement\":[{\"@type\":\"ListItem\",\"position\":1,\"name\":\"Ev\",\"item\":\"https:\\\/\\\/robotxworkshops.tech\\\/tr\\\/\"},{\"@type\":\"ListItem\",\"position\":2,\"name\":\"Gizlilik Politikas\u0131\"}]},{\"@type\":\"WebSite\",\"@id\":\"https:\\\/\\\/robotxworkshops.tech\\\/tr\\\/#website\",\"url\":\"https:\\\/\\\/robotxworkshops.tech\\\/tr\\\/\",\"name\":\"RobotX Workshops\",\"description\":\"Uygulamal\u0131, Pratik Robotik Kurslar\u0131\",\"publisher\":{\"@id\":\"https:\\\/\\\/robotxworkshops.tech\\\/tr\\\/#organization\"},\"potentialAction\":[{\"@type\":\"SearchAction\",\"target\":{\"@type\":\"EntryPoint\",\"urlTemplate\":\"https:\\\/\\\/robotxworkshops.tech\\\/tr\\\/?s={search_term_string}\"},\"query-input\":{\"@type\":\"PropertyValueSpecification\",\"valueRequired\":true,\"valueName\":\"search_term_string\"}}],\"inLanguage\":\"tr\"},{\"@type\":\"Organization\",\"@id\":\"https:\\\/\\\/robotxworkshops.tech\\\/tr\\\/#organization\",\"name\":\"RobotX At\u00f6lye \u00c7al\u0131\u015fmalar\u0131\",\"url\":\"https:\\\/\\\/robotxworkshops.tech\\\/tr\\\/\",\"logo\":{\"@type\":\"ImageObject\",\"inLanguage\":\"tr\",\"@id\":\"https:\\\/\\\/robotxworkshops.tech\\\/tr\\\/#\\\/schema\\\/logo\\\/image\\\/\",\"url\":\"https:\\\/\\\/robotxworkshops.tech\\\/wp-content\\\/uploads\\\/2025\\\/02\\\/Original-Logo-e1740213463254.png\",\"contentUrl\":\"https:\\\/\\\/robotxworkshops.tech\\\/wp-content\\\/uploads\\\/2025\\\/02\\\/Original-Logo-e1740213463254.png\",\"width\":1765,\"height\":396,\"caption\":\"RobotX At\u00f6lye \u00c7al\u0131\u015fmalar\u0131\"},\"image\":{\"@id\":\"https:\\\/\\\/robotxworkshops.tech\\\/tr\\\/#\\\/schema\\\/logo\\\/image\\\/\"},\"sameAs\":[\"https:\\\/\\\/www.facebook.com\\\/profile.php?id=61573566684527\",\"https:\\\/\\\/x.com\\\/robotXworkshops\"]}]}<\/script>\n<!-- \/ Yoast SEO plugin. -->","yoast_head_json":{"title":"Gizlilik Politikas\u0131 - RobotX Workshops","description":"Ki\u015fisel bilgilerinizi nas\u0131l ele ald\u0131\u011f\u0131m\u0131z\u0131 anlamak ve gizlili\u011finizin korunmas\u0131n\u0131 sa\u011flamak i\u00e7in RobotX Workshops'un gizlilik politikas\u0131n\u0131 okuyun.","robots":{"index":"index","follow":"follow","max-snippet":"max-snippet:-1","max-image-preview":"max-image-preview:large","max-video-preview":"max-video-preview:-1"},"canonical":"https:\/\/robotxworkshops.tech\/tr\/gizlilik-politikasi\/","og_locale":"tr_TR","og_type":"article","og_title":"Gizlilik Politikas\u0131 - RobotX Workshops","og_description":"Ki\u015fisel bilgilerinizi nas\u0131l ele ald\u0131\u011f\u0131m\u0131z\u0131 anlamak ve gizlili\u011finizin korunmas\u0131n\u0131 sa\u011flamak i\u00e7in RobotX Workshops'un gizlilik politikas\u0131n\u0131 okuyun.","og_url":"https:\/\/robotxworkshops.tech\/tr\/gizlilik-politikasi\/","og_site_name":"RobotX At\u00f6lye \u00c7al\u0131\u015fmalar\u0131","article_publisher":"https:\/\/www.facebook.com\/profile.php?id=61573566684527","article_modified_time":"2025-02-19T11:56:17+00:00","twitter_card":"summary_large_image","twitter_site":"@robotXworkshops","twitter_misc":{"Tahmini okuma s\u00fcresi":"3 dakika"},"schema":{"@context":"https:\/\/schema.org","@graph":[{"@type":"WebPage","@id":"https:\/\/robotxworkshops.tech\/tr\/gizlilik-politikasi\/","url":"https:\/\/robotxworkshops.tech\/tr\/gizlilik-politikasi\/","name":"Gizlilik Politikas\u0131 - RobotX Workshops","isPartOf":{"@id":"https:\/\/robotxworkshops.tech\/tr\/#website"},"datePublished":"2025-01-06T07:34:47+00:00","dateModified":"2025-02-19T11:56:17+00:00","description":"Ki\u015fisel bilgilerinizi nas\u0131l ele ald\u0131\u011f\u0131m\u0131z\u0131 anlamak ve gizlili\u011finizin korunmas\u0131n\u0131 sa\u011flamak i\u00e7in RobotX Workshops'un gizlilik politikas\u0131n\u0131 okuyun.","breadcrumb":{"@id":"https:\/\/robotxworkshops.tech\/tr\/gizlilik-politikasi\/#breadcrumb"},"inLanguage":"tr","potentialAction":[{"@type":"ReadAction","target":["https:\/\/robotxworkshops.tech\/tr\/gizlilik-politikasi\/"]}]},{"@type":"BreadcrumbList","@id":"https:\/\/robotxworkshops.tech\/tr\/gizlilik-politikasi\/#breadcrumb","itemListElement":[{"@type":"ListItem","position":1,"name":"Ev","item":"https:\/\/robotxworkshops.tech\/tr\/"},{"@type":"ListItem","position":2,"name":"Gizlilik Politikas\u0131"}]},{"@type":"WebSite","@id":"https:\/\/robotxworkshops.tech\/tr\/#website","url":"https:\/\/robotxworkshops.tech\/tr\/","name":"RobotX Workshops","description":"Uygulamal\u0131, Pratik Robotik Kurslar\u0131","publisher":{"@id":"https:\/\/robotxworkshops.tech\/tr\/#organization"},"potentialAction":[{"@type":"SearchAction","target":{"@type":"EntryPoint","urlTemplate":"https:\/\/robotxworkshops.tech\/tr\/?s={search_term_string}"},"query-input":{"@type":"PropertyValueSpecification","valueRequired":true,"valueName":"search_term_string"}}],"inLanguage":"tr"},{"@type":"Organization","@id":"https:\/\/robotxworkshops.tech\/tr\/#organization","name":"RobotX At\u00f6lye \u00c7al\u0131\u015fmalar\u0131","url":"https:\/\/robotxworkshops.tech\/tr\/","logo":{"@type":"ImageObject","inLanguage":"tr","@id":"https:\/\/robotxworkshops.tech\/tr\/#\/schema\/logo\/image\/","url":"https:\/\/robotxworkshops.tech\/wp-content\/uploads\/2025\/02\/Original-Logo-e1740213463254.png","contentUrl":"https:\/\/robotxworkshops.tech\/wp-content\/uploads\/2025\/02\/Original-Logo-e1740213463254.png","width":1765,"height":396,"caption":"RobotX At\u00f6lye \u00c7al\u0131\u015fmalar\u0131"},"image":{"@id":"https:\/\/robotxworkshops.tech\/tr\/#\/schema\/logo\/image\/"},"sameAs":["https:\/\/www.facebook.com\/profile.php?id=61573566684527","https:\/\/x.com\/robotXworkshops"]}]}},"_links":{"self":[{"href":"https:\/\/robotxworkshops.tech\/tr\/wp-json\/wp\/v2\/pages\/4969","targetHints":{"allow":["GET"]}}],"collection":[{"href":"https:\/\/robotxworkshops.tech\/tr\/wp-json\/wp\/v2\/pages"}],"about":[{"href":"https:\/\/robotxworkshops.tech\/tr\/wp-json\/wp\/v2\/types\/page"}],"author":[{"embeddable":true,"href":"https:\/\/robotxworkshops.tech\/tr\/wp-json\/wp\/v2\/users\/1"}],"replies":[{"embeddable":true,"href":"https:\/\/robotxworkshops.tech\/tr\/wp-json\/wp\/v2\/comments?post=4969"}],"version-history":[{"count":1,"href":"https:\/\/robotxworkshops.tech\/tr\/wp-json\/wp\/v2\/pages\/4969\/revisions"}],"predecessor-version":[{"id":4970,"href":"https:\/\/robotxworkshops.tech\/tr\/wp-json\/wp\/v2\/pages\/4969\/revisions\/4970"}],"wp:attachment":[{"href":"https:\/\/robotxworkshops.tech\/tr\/wp-json\/wp\/v2\/media?parent=4969"}],"curies":[{"name":"wp","href":"https:\/\/api.w.org\/{rel}","templated":true}]}}