{"id":4990,"date":"2025-01-06T08:34:53","date_gmt":"2025-01-06T07:34:53","guid":{"rendered":"https:\/\/robotxworkshops.tech\/sartlar-ve-kosullar\/"},"modified":"2025-02-19T13:05:38","modified_gmt":"2025-02-19T12:05:38","slug":"sartlar-ve-kosullar","status":"publish","type":"page","link":"https:\/\/robotxworkshops.tech\/tr\/sartlar-ve-kosullar\/","title":{"rendered":"\u015eartlar ve Ko\u015fullar"},"content":{"rendered":"\t\t<div data-elementor-type=\"wp-page\" data-elementor-id=\"4990\" class=\"elementor elementor-4990 elementor-287\" data-elementor-post-type=\"page\">\n\t\t\t\t\t\t<section class=\"elementor-section elementor-top-section elementor-element elementor-element-24fc6e7e elementor-section-boxed elementor-section-height-default elementor-section-height-default\" data-id=\"24fc6e7e\" data-element_type=\"section\" data-e-type=\"section\" data-settings=\"{&quot;background_background&quot;:&quot;classic&quot;}\">\n\t\t\t\t\t\t\t<div class=\"elementor-background-overlay\"><\/div>\n\t\t\t\t\t\t\t<div class=\"elementor-container elementor-column-gap-default\">\n\t\t\t\t\t<div class=\"elementor-column elementor-col-100 elementor-top-column elementor-element elementor-element-66e2fcd5\" data-id=\"66e2fcd5\" data-element_type=\"column\" data-e-type=\"column\">\n\t\t\t<div class=\"elementor-widget-wrap elementor-element-populated\">\n\t\t\t\t\t\t<section class=\"elementor-section elementor-inner-section elementor-element elementor-element-5f5dec33 elementor-section-boxed elementor-section-height-default elementor-section-height-default\" data-id=\"5f5dec33\" data-element_type=\"section\" data-e-type=\"section\">\n\t\t\t\t\t\t<div class=\"elementor-container elementor-column-gap-default\">\n\t\t\t\t\t<div class=\"elementor-column elementor-col-100 elementor-inner-column elementor-element elementor-element-51d4a89b elementor-invisible\" data-id=\"51d4a89b\" data-element_type=\"column\" data-e-type=\"column\" data-settings=\"{&quot;animation&quot;:&quot;fadeInUp&quot;}\">\n\t\t\t<div class=\"elementor-widget-wrap elementor-element-populated\">\n\t\t\t\t\t\t<div class=\"elementor-element elementor-element-42518b58 elementor-widget elementor-widget-heading\" data-id=\"42518b58\" data-element_type=\"widget\" data-e-type=\"widget\" data-widget_type=\"heading.default\">\n\t\t\t\t\t<h2 class=\"elementor-heading-title elementor-size-default\">Yasal<\/h2>\t\t\t\t<\/div>\n\t\t\t\t<div class=\"elementor-element elementor-element-a415573 elementor-widget elementor-widget-heading\" data-id=\"a415573\" data-element_type=\"widget\" data-e-type=\"widget\" data-widget_type=\"heading.default\">\n\t\t\t\t\t<h1 class=\"elementor-heading-title elementor-size-default\">\u015eartlar ve Ko\u015fullar<\/h1>\t\t\t\t<\/div>\n\t\t\t\t\t<\/div>\n\t\t<\/div>\n\t\t\t\t\t<\/div>\n\t\t<\/section>\n\t\t\t\t\t<\/div>\n\t\t<\/div>\n\t\t\t\t\t<\/div>\n\t\t<\/section>\n\t\t<div class=\"elementor-element elementor-element-42ec809 e-flex e-con-boxed e-con e-parent\" data-id=\"42ec809\" data-element_type=\"container\" data-e-type=\"container\">\n\t\t\t\t\t<div class=\"e-con-inner\">\n\t\t\t\t<div class=\"elementor-element elementor-element-c81f34b elementor-widget elementor-widget-text-editor\" data-id=\"c81f34b\" data-element_type=\"widget\" data-e-type=\"widget\" data-widget_type=\"text-editor.default\">\n\t\t\t\t\t\t\t\t\t<div class=\"flex-1 overflow-hidden @container\/thread\"><p> <\/p><div class=\"h-full\"><div class=\"react-scroll-to-bottom--css-epkfu-79elbk h-full\"><div class=\"react-scroll-to-bottom--css-epkfu-1n7m0yu\"><div class=\"flex flex-col text-sm md:pb-9\"><article class=\"w-full scroll-mb-[var(--thread-trailing-height,150px)] text-token-text-primary focus-visible:outline-2 focus-visible:outline-offset-[-4px]\" dir=\"auto\" data-testid=\"conversation-turn-7\" data-scroll-anchor=\"true\"><div class=\"m-auto text-base py-[18px] px-3 md:px-4 w-full md:px-5 lg:px-4 xl:px-5\"><div class=\"mx-auto flex flex-1 gap-4 text-base md:gap-5 lg:gap-6 md:max-w-3xl\"><div class=\"group\/conversation-turn relative flex w-full min-w-0 flex-col agent-turn\"><div class=\"flex-col gap-1 md:gap-3\"><div class=\"flex max-w-full flex-col flex-grow\"><div class=\"min-h-8 text-message flex w-full flex-col items-end gap-2 whitespace-normal break-words text-start [.text-message+&amp;]:mt-5\" dir=\"auto\" data-message-author-role=\"assistant\" data-message-id=\"4f62f3d2-5e51-42bc-9273-b40a6f0672c6\" data-message-model-slug=\"gpt-4o-mini\"><div class=\"flex w-full flex-col gap-1 empty:hidden first:pt-[3px]\"><div class=\"markdown prose w-full break-words dark:prose-invert dark\"><h2><strong>Kay\u0131t ve \u00d6deme<\/strong><\/h2><ol><li><p><strong>Kay\u0131t<\/strong>:<\/p><ul><li>Bir at\u00f6lye \u00e7al\u0131\u015fmas\u0131nda yer alabilmek i\u00e7in kat\u0131l\u0131mc\u0131lar\u0131n online kay\u0131t s\u00fcrecini tamamlamalar\u0131 ve gerekli t\u00fcm bilgileri vermeleri gerekmektedir.<\/li><\/ul><\/li><li><p><strong>\u00d6deme<\/strong>:<\/p><ul><li>Kay\u0131t s\u0131ras\u0131nda \u00f6demenin tamam\u0131n\u0131n yap\u0131lmas\u0131 gerekmektedir. \u00d6deme web sitemizde belirtilen y\u00f6ntemlerle yap\u0131labilir. <\/li><\/ul><\/li><li><p><strong>Onayland\u0131<\/strong>:<\/p><ul><li>Ba\u015far\u0131l\u0131 bir kay\u0131t ve \u00f6demenin ard\u0131ndan bir onay e-postas\u0131 alacaks\u0131n\u0131z. L\u00fctfen bu e-postay\u0131 kay\u0131tlar\u0131n\u0131z i\u00e7in saklay\u0131n. <\/li><\/ul><\/li><\/ol><div> <\/div><hr><h2> <\/h2><h2><strong>\u0130ptaller ve Para \u0130adeleri<\/strong><\/h2><ol><li><p><strong>Kat\u0131l\u0131mc\u0131 \u0130ptalleri<\/strong>:<\/p><ul><li>At\u00f6lye ba\u015flang\u0131\u00e7 tarihinden en az 7 g\u00fcn \u00f6nce yap\u0131lan iptaller tam para iadesi i\u00e7in uygundur.<\/li><li>At\u00f6lye ba\u015flang\u0131\u00e7 tarihine 7 g\u00fcnden daha az bir s\u00fcre kala yap\u0131lan iptaller iade edilmez.<\/li><\/ul><\/li><li><p><strong>RobotX \u0130ptalleri<\/strong>:<\/p><ul><li>RobotX \u00f6ng\u00f6r\u00fclemeyen ko\u015fullar nedeniyle bir at\u00f6lye \u00e7al\u0131\u015fmas\u0131n\u0131 iptal ederse, kat\u0131l\u0131mc\u0131lara tam bir geri \u00f6deme veya yeniden planlama se\u00e7ene\u011fi sunulacakt\u0131r.<\/li><\/ul><\/li><\/ol><div> <\/div><hr><h2> <\/h2><h2><strong>At\u00f6lye \u0130\u00e7eri\u011fi ve Materyalleri<\/strong><\/h2><ol><li><p><strong>M\u00fclkiyet<\/strong>:<\/p><ul><li>Slaytlar, bildiriler ve materyaller dahil olmak \u00fczere t\u00fcm at\u00f6lye i\u00e7eri\u011fi RobotX&#8217;in fikri m\u00fclkiyetindedir ve \u00f6nceden yaz\u0131l\u0131 izin al\u0131nmadan \u00e7o\u011falt\u0131lamaz, da\u011f\u0131t\u0131lamaz veya ticari ama\u00e7larla kullan\u0131lamaz.<\/li><\/ul><\/li><li><p><strong>Eri\u015fim<\/strong>:<\/p><ul><li>Kat\u0131l\u0131mc\u0131lar, kay\u0131t i\u015flemi s\u0131ras\u0131nda belirtildi\u011fi \u015fekilde at\u00f6lye materyallerine eri\u015fim hakk\u0131na sahip olacakt\u0131r. Eri\u015fim sadece ki\u015fisel kullan\u0131mla s\u0131n\u0131rl\u0131d\u0131r. <\/li><\/ul><\/li><\/ol><div> <\/div><hr><h1> <\/h1><h2><strong>Kat\u0131l\u0131mc\u0131 Davran\u0131\u015flar\u0131<\/strong><\/h2><ol><li><p><strong>Sayg\u0131l\u0131 Davran\u0131\u015f<\/strong>:<\/p><ul><li>Kat\u0131l\u0131mc\u0131lar\u0131n e\u011fitmenlere ve di\u011fer kat\u0131l\u0131mc\u0131lara kar\u015f\u0131 sayg\u0131l\u0131 davranmalar\u0131 beklenmektedir. Y\u0131k\u0131c\u0131 veya uygunsuz davran\u0131\u015flar, para iadesi yap\u0131lmaks\u0131z\u0131n at\u00f6lyeden \u00e7\u0131kar\u0131lmayla sonu\u00e7lanabilir. <\/li><\/ul><\/li><li><p><strong>G\u00fcvenlik<\/strong>:<\/p><ul><li>Kat\u0131l\u0131mc\u0131lar, uygulamal\u0131 faaliyetler s\u0131ras\u0131nda e\u011fitmenler taraf\u0131ndan sa\u011flanan t\u00fcm g\u00fcvenlik y\u00f6nergelerine uymal\u0131d\u0131r. RobotX, talimatlara uyulmamas\u0131ndan kaynaklanan yaralanmalardan sorumlu de\u011fildir. <\/li><\/ul><\/li><\/ol><div> <\/div><hr><h1> <\/h1><h2><strong>Sorumluluk<\/strong><\/h2><ol><li><p><strong>Sorumlulu\u011fun S\u0131n\u0131rland\u0131r\u0131lmas\u0131<\/strong>:<\/p><ul><li>RobotX, at\u00f6lye \u00e7al\u0131\u015fmalar\u0131na kat\u0131l\u0131mdan kaynaklanan herhangi bir ki\u015fisel yaralanma, maddi hasar veya kay\u0131ptan sorumlu de\u011fildir.<\/li><\/ul><\/li><li><p><strong>\u00dc\u00e7\u00fcnc\u00fc Taraf Mekanlar\u0131<\/strong>:<\/p><ul><li>\u00dc\u00e7\u00fcnc\u00fc taraf bir mekanda bir at\u00f6lye \u00e7al\u0131\u015fmas\u0131 d\u00fczenleniyorsa, RobotX mekan operasyonlar\u0131ndan kaynaklanan sorunlardan sorumlu de\u011fildir.<\/li><\/ul><\/li><li><strong>Yer De\u011fi\u015fikli\u011fi:<\/strong><br>RobotX, yerinde kurs g\u00fcnlerinin yerini istedi\u011fi zaman ayn\u0131 \u015fehir i\u00e7inde ba\u015fka bir yere de\u011fi\u015ftirme hakk\u0131n\u0131 sakl\u0131 tutar. Kat\u0131l\u0131mc\u0131lar herhangi bir de\u011fi\u015fiklikten derhal haberdar edilecektir. <\/li><\/ol><\/div><p> <\/p><div class=\"markdown prose w-full break-words dark:prose-invert dark\"><div> <\/div><\/div><\/div><\/div><div class=\"min-h-8 text-message flex w-full flex-col items-end gap-2 whitespace-normal break-words text-start [.text-message+&amp;]:mt-5\" dir=\"auto\" data-message-author-role=\"assistant\" data-message-id=\"4f62f3d2-5e51-42bc-9273-b40a6f0672c6\" data-message-model-slug=\"gpt-4o-mini\"><div class=\"flex w-full flex-col gap-1 empty:hidden first:pt-[3px]\"><div class=\"markdown prose w-full break-words dark:prose-invert dark\"><hr><h2> <\/h2><h2><strong>Gizlilik ve Veri Koruma<\/strong><\/h2><ol><li><p><strong>Ki\u015fisel Bilgiler<\/strong>:<\/p><ul><li>Kay\u0131t olarak, RobotX&#8217;in at\u00f6lye ile ilgili ileti\u015fimler i\u00e7in ki\u015fisel bilgilerinizi toplamas\u0131na ve kullanmas\u0131na izin vermi\u015f olursunuz. Verileriniz izniniz olmadan \u00fc\u00e7\u00fcnc\u00fc taraflarla payla\u015f\u0131lmayacakt\u0131r. <\/li><\/ul><\/li><li><p><strong>Foto\u011fraf\u00e7\u0131l\u0131k ve Medya<\/strong>:<\/p><ul><li>At\u00f6lye \u00e7al\u0131\u015fmalar\u0131 tan\u0131t\u0131m amac\u0131yla foto\u011fraflanabilir veya kaydedilebilir. Foto\u011fraflarda veya videolarda g\u00f6r\u00fcnmek istemiyorsan\u0131z, l\u00fctfen \u00f6nceden bize bildirin. <\/li><\/ul><\/li><\/ol><p> <\/p><hr><h1> <\/h1><h2><strong>H\u00fck\u00fcm ve Ko\u015fullarda Yap\u0131lan De\u011fi\u015fiklikler<\/strong><\/h2><p>RobotX, bu h\u00fck\u00fcm ve ko\u015fullar\u0131 istedi\u011fi zaman de\u011fi\u015ftirme hakk\u0131n\u0131 sakl\u0131 tutar. G\u00fcncellenen \u015fartlar web sitemizde yay\u0131nlanacak ve at\u00f6lyelere devam eden kat\u0131l\u0131m, revize edilen \u015fartlar\u0131n kabul edildi\u011fini g\u00f6sterecektir. <\/p><p> <\/p><\/div><\/div><\/div><\/div><div class=\"mb-2 flex gap-3 empty:hidden -ml-2\"><div class=\"items-center justify-start rounded-xl p-1 flex\"><div class=\"flex items-center\"><hr><\/div><\/div><\/div><div class=\"mt-3 w-full empty:hidden\"><div class=\"text-center\"> <\/div><\/div><\/div><div class=\"absolute\"><h2><strong>Kurs \u0130\u00e7eri\u011findeki De\u011fi\u015fiklikler<\/strong><\/h2><\/div><\/div><\/div><\/div><\/article><\/div><\/div><\/div><\/div><\/div><div class=\"md:pt-0 dark:border-white\/20 md:border-transparent md:dark:border-transparent w-full\"><div class=\"m-auto text-base px-3 md:px-4 w-full md:px-5 lg:px-4 xl:px-5\"><div class=\"mx-auto flex flex-1 gap-4 text-base md:gap-5 lg:gap-6 md:max-w-3xl\"><p>RobotX, kurs i\u00e7eri\u011fini istedi\u011fi zaman de\u011fi\u015ftirme hakk\u0131n\u0131 sakl\u0131 tutar. Bu, yaln\u0131zca de\u011fi\u015fiklik yap\u0131lan bir kursa kay\u0131t yapt\u0131rm\u0131\u015f ve \u00f6deme yapm\u0131\u015f kat\u0131l\u0131mc\u0131lar i\u00e7in ge\u00e7erlidir. Kat\u0131l\u0131mc\u0131lar, kursla ilgili herhangi bir g\u00fcncelleme veya de\u011fi\u015fiklik hakk\u0131nda bilgilendirilecektir. Kurs i\u00e7eri\u011fi b\u00fcy\u00fck \u00f6l\u00e7\u00fcde de\u011fi\u015firse, kat\u0131l\u0131mc\u0131lara a\u015fa\u011f\u0131daki se\u00e7enekler sunulacakt\u0131r:   <\/p><ol start=\"1\" data-spread=\"false\"><li><p>Revize edilen kursun fiyat\u0131 d\u00fc\u015f\u00fcr\u00fcl\u00fcrse para iadesi.<\/p><\/li><li><p>Revize edilen kursun fiyat\u0131n\u0131n artmas\u0131 halinde ek \u00fccret \u00f6deme se\u00e7ene\u011fi.<\/p><\/li><li><p>Bu se\u00e7eneklerden hi\u00e7biri kabul edilemezse tam para iadesi.<\/p><\/li><\/ol><\/div><\/div><\/div>\t\t\t\t\t\t\t\t<\/div>\n\t\t\t\t\t<\/div>\n\t\t\t\t<\/div>\n\t\t\t\t<\/div>\n\t\t","protected":false},"excerpt":{"rendered":"<p>Yasal \u015eartlar ve Ko\u015fullar Kay\u0131t ve \u00d6deme Kay\u0131t: Bir at\u00f6lye \u00e7al\u0131\u015fmas\u0131nda yer alabilmek i\u00e7in kat\u0131l\u0131mc\u0131lar\u0131n online kay\u0131t s\u00fcrecini tamamlamalar\u0131 ve gerekli t\u00fcm bilgileri vermeleri gerekmektedir. \u00d6deme: Kay\u0131t s\u0131ras\u0131nda \u00f6demenin tamam\u0131n\u0131n yap\u0131lmas\u0131 gerekmektedir. \u00d6deme web sitemizde belirtilen y\u00f6ntemlerle yap\u0131labilir. Onayland\u0131: Ba\u015far\u0131l\u0131 bir kay\u0131t ve \u00f6demenin ard\u0131ndan bir onay e-postas\u0131 alacaks\u0131n\u0131z. L\u00fctfen bu e-postay\u0131 kay\u0131tlar\u0131n\u0131z i\u00e7in saklay\u0131n. [&hellip;]<\/p>\n","protected":false},"author":1,"featured_media":0,"parent":0,"menu_order":0,"comment_status":"closed","ping_status":"closed","template":"elementor_header_footer","meta":{"_monsterinsights_skip_tracking":false,"_monsterinsights_sitenote_active":false,"_monsterinsights_sitenote_note":"","_monsterinsights_sitenote_category":0,"footnotes":""},"class_list":["post-4990","page","type-page","status-publish","hentry"],"yoast_head":"<!-- This site is optimized with the Yoast SEO plugin v27.6 - https:\/\/yoast.com\/product\/yoast-seo-wordpress\/ -->\n<title>Robotik Kurslar\u0131 i\u00e7in \u015eartlar ve Ko\u015fullar<\/title>\n<meta name=\"description\" content=\"Sorunsuz bir \u00f6\u011frenme deneyimi sa\u011flamak i\u00e7in robotik at\u00f6lyelerimizi, kurslar\u0131m\u0131z\u0131 ve e\u011fitim programlar\u0131m\u0131z\u0131 y\u00f6neten terimleri anlay\u0131n.\" \/>\n<meta name=\"robots\" content=\"index, follow, max-snippet:-1, max-image-preview:large, max-video-preview:-1\" \/>\n<link rel=\"canonical\" href=\"https:\/\/robotxworkshops.tech\/tr\/sartlar-ve-kosullar\/\" \/>\n<meta property=\"og:locale\" content=\"tr_TR\" \/>\n<meta property=\"og:type\" content=\"article\" \/>\n<meta property=\"og:title\" content=\"Robotik Kurslar\u0131 i\u00e7in \u015eartlar ve Ko\u015fullar\" \/>\n<meta property=\"og:description\" content=\"Sorunsuz bir \u00f6\u011frenme deneyimi sa\u011flamak i\u00e7in robotik at\u00f6lyelerimizi, kurslar\u0131m\u0131z\u0131 ve e\u011fitim programlar\u0131m\u0131z\u0131 y\u00f6neten terimleri anlay\u0131n.\" \/>\n<meta property=\"og:url\" content=\"https:\/\/robotxworkshops.tech\/tr\/sartlar-ve-kosullar\/\" \/>\n<meta property=\"og:site_name\" content=\"RobotX At\u00f6lye \u00c7al\u0131\u015fmalar\u0131\" \/>\n<meta property=\"article:publisher\" content=\"https:\/\/www.facebook.com\/profile.php?id=61573566684527\" \/>\n<meta property=\"article:modified_time\" content=\"2025-02-19T12:05:38+00:00\" \/>\n<meta name=\"twitter:card\" content=\"summary_large_image\" \/>\n<meta name=\"twitter:site\" content=\"@robotXworkshops\" \/>\n<meta name=\"twitter:label1\" content=\"Tahmini okuma s\u00fcresi\" \/>\n\t<meta name=\"twitter:data1\" content=\"3 dakika\" \/>\n<script type=\"application\/ld+json\" class=\"yoast-schema-graph\">{\"@context\":\"https:\\\/\\\/schema.org\",\"@graph\":[{\"@type\":\"WebPage\",\"@id\":\"https:\\\/\\\/robotxworkshops.tech\\\/tr\\\/sartlar-ve-kosullar\\\/\",\"url\":\"https:\\\/\\\/robotxworkshops.tech\\\/tr\\\/sartlar-ve-kosullar\\\/\",\"name\":\"Robotik Kurslar\u0131 i\u00e7in \u015eartlar ve Ko\u015fullar\",\"isPartOf\":{\"@id\":\"https:\\\/\\\/robotxworkshops.tech\\\/tr\\\/#website\"},\"datePublished\":\"2025-01-06T07:34:53+00:00\",\"dateModified\":\"2025-02-19T12:05:38+00:00\",\"description\":\"Sorunsuz bir \u00f6\u011frenme deneyimi sa\u011flamak i\u00e7in robotik at\u00f6lyelerimizi, kurslar\u0131m\u0131z\u0131 ve e\u011fitim programlar\u0131m\u0131z\u0131 y\u00f6neten terimleri anlay\u0131n.\",\"breadcrumb\":{\"@id\":\"https:\\\/\\\/robotxworkshops.tech\\\/tr\\\/sartlar-ve-kosullar\\\/#breadcrumb\"},\"inLanguage\":\"tr\",\"potentialAction\":[{\"@type\":\"ReadAction\",\"target\":[\"https:\\\/\\\/robotxworkshops.tech\\\/tr\\\/sartlar-ve-kosullar\\\/\"]}]},{\"@type\":\"BreadcrumbList\",\"@id\":\"https:\\\/\\\/robotxworkshops.tech\\\/tr\\\/sartlar-ve-kosullar\\\/#breadcrumb\",\"itemListElement\":[{\"@type\":\"ListItem\",\"position\":1,\"name\":\"Ev\",\"item\":\"https:\\\/\\\/robotxworkshops.tech\\\/tr\\\/\"},{\"@type\":\"ListItem\",\"position\":2,\"name\":\"\u015eartlar ve Ko\u015fullar\"}]},{\"@type\":\"WebSite\",\"@id\":\"https:\\\/\\\/robotxworkshops.tech\\\/tr\\\/#website\",\"url\":\"https:\\\/\\\/robotxworkshops.tech\\\/tr\\\/\",\"name\":\"RobotX Workshops\",\"description\":\"Uygulamal\u0131, Pratik Robotik Kurslar\u0131\",\"publisher\":{\"@id\":\"https:\\\/\\\/robotxworkshops.tech\\\/tr\\\/#organization\"},\"potentialAction\":[{\"@type\":\"SearchAction\",\"target\":{\"@type\":\"EntryPoint\",\"urlTemplate\":\"https:\\\/\\\/robotxworkshops.tech\\\/tr\\\/?s={search_term_string}\"},\"query-input\":{\"@type\":\"PropertyValueSpecification\",\"valueRequired\":true,\"valueName\":\"search_term_string\"}}],\"inLanguage\":\"tr\"},{\"@type\":\"Organization\",\"@id\":\"https:\\\/\\\/robotxworkshops.tech\\\/tr\\\/#organization\",\"name\":\"RobotX At\u00f6lye \u00c7al\u0131\u015fmalar\u0131\",\"url\":\"https:\\\/\\\/robotxworkshops.tech\\\/tr\\\/\",\"logo\":{\"@type\":\"ImageObject\",\"inLanguage\":\"tr\",\"@id\":\"https:\\\/\\\/robotxworkshops.tech\\\/tr\\\/#\\\/schema\\\/logo\\\/image\\\/\",\"url\":\"https:\\\/\\\/robotxworkshops.tech\\\/wp-content\\\/uploads\\\/2025\\\/02\\\/Original-Logo-e1740213463254.png\",\"contentUrl\":\"https:\\\/\\\/robotxworkshops.tech\\\/wp-content\\\/uploads\\\/2025\\\/02\\\/Original-Logo-e1740213463254.png\",\"width\":1765,\"height\":396,\"caption\":\"RobotX At\u00f6lye \u00c7al\u0131\u015fmalar\u0131\"},\"image\":{\"@id\":\"https:\\\/\\\/robotxworkshops.tech\\\/tr\\\/#\\\/schema\\\/logo\\\/image\\\/\"},\"sameAs\":[\"https:\\\/\\\/www.facebook.com\\\/profile.php?id=61573566684527\",\"https:\\\/\\\/x.com\\\/robotXworkshops\"]}]}<\/script>\n<!-- \/ Yoast SEO plugin. -->","yoast_head_json":{"title":"Robotik Kurslar\u0131 i\u00e7in \u015eartlar ve Ko\u015fullar","description":"Sorunsuz bir \u00f6\u011frenme deneyimi sa\u011flamak i\u00e7in robotik at\u00f6lyelerimizi, kurslar\u0131m\u0131z\u0131 ve e\u011fitim programlar\u0131m\u0131z\u0131 y\u00f6neten terimleri anlay\u0131n.","robots":{"index":"index","follow":"follow","max-snippet":"max-snippet:-1","max-image-preview":"max-image-preview:large","max-video-preview":"max-video-preview:-1"},"canonical":"https:\/\/robotxworkshops.tech\/tr\/sartlar-ve-kosullar\/","og_locale":"tr_TR","og_type":"article","og_title":"Robotik Kurslar\u0131 i\u00e7in \u015eartlar ve Ko\u015fullar","og_description":"Sorunsuz bir \u00f6\u011frenme deneyimi sa\u011flamak i\u00e7in robotik at\u00f6lyelerimizi, kurslar\u0131m\u0131z\u0131 ve e\u011fitim programlar\u0131m\u0131z\u0131 y\u00f6neten terimleri anlay\u0131n.","og_url":"https:\/\/robotxworkshops.tech\/tr\/sartlar-ve-kosullar\/","og_site_name":"RobotX At\u00f6lye \u00c7al\u0131\u015fmalar\u0131","article_publisher":"https:\/\/www.facebook.com\/profile.php?id=61573566684527","article_modified_time":"2025-02-19T12:05:38+00:00","twitter_card":"summary_large_image","twitter_site":"@robotXworkshops","twitter_misc":{"Tahmini okuma s\u00fcresi":"3 dakika"},"schema":{"@context":"https:\/\/schema.org","@graph":[{"@type":"WebPage","@id":"https:\/\/robotxworkshops.tech\/tr\/sartlar-ve-kosullar\/","url":"https:\/\/robotxworkshops.tech\/tr\/sartlar-ve-kosullar\/","name":"Robotik Kurslar\u0131 i\u00e7in \u015eartlar ve Ko\u015fullar","isPartOf":{"@id":"https:\/\/robotxworkshops.tech\/tr\/#website"},"datePublished":"2025-01-06T07:34:53+00:00","dateModified":"2025-02-19T12:05:38+00:00","description":"Sorunsuz bir \u00f6\u011frenme deneyimi sa\u011flamak i\u00e7in robotik at\u00f6lyelerimizi, kurslar\u0131m\u0131z\u0131 ve e\u011fitim programlar\u0131m\u0131z\u0131 y\u00f6neten terimleri anlay\u0131n.","breadcrumb":{"@id":"https:\/\/robotxworkshops.tech\/tr\/sartlar-ve-kosullar\/#breadcrumb"},"inLanguage":"tr","potentialAction":[{"@type":"ReadAction","target":["https:\/\/robotxworkshops.tech\/tr\/sartlar-ve-kosullar\/"]}]},{"@type":"BreadcrumbList","@id":"https:\/\/robotxworkshops.tech\/tr\/sartlar-ve-kosullar\/#breadcrumb","itemListElement":[{"@type":"ListItem","position":1,"name":"Ev","item":"https:\/\/robotxworkshops.tech\/tr\/"},{"@type":"ListItem","position":2,"name":"\u015eartlar ve Ko\u015fullar"}]},{"@type":"WebSite","@id":"https:\/\/robotxworkshops.tech\/tr\/#website","url":"https:\/\/robotxworkshops.tech\/tr\/","name":"RobotX Workshops","description":"Uygulamal\u0131, Pratik Robotik Kurslar\u0131","publisher":{"@id":"https:\/\/robotxworkshops.tech\/tr\/#organization"},"potentialAction":[{"@type":"SearchAction","target":{"@type":"EntryPoint","urlTemplate":"https:\/\/robotxworkshops.tech\/tr\/?s={search_term_string}"},"query-input":{"@type":"PropertyValueSpecification","valueRequired":true,"valueName":"search_term_string"}}],"inLanguage":"tr"},{"@type":"Organization","@id":"https:\/\/robotxworkshops.tech\/tr\/#organization","name":"RobotX At\u00f6lye \u00c7al\u0131\u015fmalar\u0131","url":"https:\/\/robotxworkshops.tech\/tr\/","logo":{"@type":"ImageObject","inLanguage":"tr","@id":"https:\/\/robotxworkshops.tech\/tr\/#\/schema\/logo\/image\/","url":"https:\/\/robotxworkshops.tech\/wp-content\/uploads\/2025\/02\/Original-Logo-e1740213463254.png","contentUrl":"https:\/\/robotxworkshops.tech\/wp-content\/uploads\/2025\/02\/Original-Logo-e1740213463254.png","width":1765,"height":396,"caption":"RobotX At\u00f6lye \u00c7al\u0131\u015fmalar\u0131"},"image":{"@id":"https:\/\/robotxworkshops.tech\/tr\/#\/schema\/logo\/image\/"},"sameAs":["https:\/\/www.facebook.com\/profile.php?id=61573566684527","https:\/\/x.com\/robotXworkshops"]}]}},"_links":{"self":[{"href":"https:\/\/robotxworkshops.tech\/tr\/wp-json\/wp\/v2\/pages\/4990","targetHints":{"allow":["GET"]}}],"collection":[{"href":"https:\/\/robotxworkshops.tech\/tr\/wp-json\/wp\/v2\/pages"}],"about":[{"href":"https:\/\/robotxworkshops.tech\/tr\/wp-json\/wp\/v2\/types\/page"}],"author":[{"embeddable":true,"href":"https:\/\/robotxworkshops.tech\/tr\/wp-json\/wp\/v2\/users\/1"}],"replies":[{"embeddable":true,"href":"https:\/\/robotxworkshops.tech\/tr\/wp-json\/wp\/v2\/comments?post=4990"}],"version-history":[{"count":1,"href":"https:\/\/robotxworkshops.tech\/tr\/wp-json\/wp\/v2\/pages\/4990\/revisions"}],"predecessor-version":[{"id":4992,"href":"https:\/\/robotxworkshops.tech\/tr\/wp-json\/wp\/v2\/pages\/4990\/revisions\/4992"}],"wp:attachment":[{"href":"https:\/\/robotxworkshops.tech\/tr\/wp-json\/wp\/v2\/media?parent=4990"}],"curies":[{"name":"wp","href":"https:\/\/api.w.org\/{rel}","templated":true}]}}