{"id":4998,"date":"2025-01-06T08:34:57","date_gmt":"2025-01-06T07:34:57","guid":{"rendered":"https:\/\/robotxworkshops.tech\/para-iadesi-politikasi\/"},"modified":"2025-02-19T12:57:40","modified_gmt":"2025-02-19T11:57:40","slug":"para-iadesi-politikasi","status":"publish","type":"page","link":"https:\/\/robotxworkshops.tech\/tr\/para-iadesi-politikasi\/","title":{"rendered":"Para \u0130adesi Politikas\u0131"},"content":{"rendered":"\t\t<div data-elementor-type=\"wp-page\" data-elementor-id=\"4998\" class=\"elementor elementor-4998 elementor-288\" data-elementor-post-type=\"page\">\n\t\t\t\t\t\t<section class=\"elementor-section elementor-top-section elementor-element elementor-element-24fc6e7e elementor-section-boxed elementor-section-height-default elementor-section-height-default\" data-id=\"24fc6e7e\" data-element_type=\"section\" data-e-type=\"section\" data-settings=\"{&quot;background_background&quot;:&quot;classic&quot;}\">\n\t\t\t\t\t\t\t<div class=\"elementor-background-overlay\"><\/div>\n\t\t\t\t\t\t\t<div class=\"elementor-container elementor-column-gap-default\">\n\t\t\t\t\t<div class=\"elementor-column elementor-col-100 elementor-top-column elementor-element elementor-element-66e2fcd5\" data-id=\"66e2fcd5\" data-element_type=\"column\" data-e-type=\"column\">\n\t\t\t<div class=\"elementor-widget-wrap elementor-element-populated\">\n\t\t\t\t\t\t<section class=\"elementor-section elementor-inner-section elementor-element elementor-element-5f5dec33 elementor-section-boxed elementor-section-height-default elementor-section-height-default\" data-id=\"5f5dec33\" data-element_type=\"section\" data-e-type=\"section\">\n\t\t\t\t\t\t<div class=\"elementor-container elementor-column-gap-default\">\n\t\t\t\t\t<div class=\"elementor-column elementor-col-100 elementor-inner-column elementor-element elementor-element-51d4a89b elementor-invisible\" data-id=\"51d4a89b\" data-element_type=\"column\" data-e-type=\"column\" data-settings=\"{&quot;animation&quot;:&quot;fadeInUp&quot;}\">\n\t\t\t<div class=\"elementor-widget-wrap elementor-element-populated\">\n\t\t\t\t\t\t<div class=\"elementor-element elementor-element-42518b58 elementor-widget elementor-widget-heading\" data-id=\"42518b58\" data-element_type=\"widget\" data-e-type=\"widget\" data-widget_type=\"heading.default\">\n\t\t\t\t\t<h2 class=\"elementor-heading-title elementor-size-default\">Yasal<\/h2>\t\t\t\t<\/div>\n\t\t\t\t<div class=\"elementor-element elementor-element-a415573 elementor-widget elementor-widget-heading\" data-id=\"a415573\" data-element_type=\"widget\" data-e-type=\"widget\" data-widget_type=\"heading.default\">\n\t\t\t\t\t<h1 class=\"elementor-heading-title elementor-size-default\">Para \u0130adesi Politikas\u0131<\/h1>\t\t\t\t<\/div>\n\t\t\t\t\t<\/div>\n\t\t<\/div>\n\t\t\t\t\t<\/div>\n\t\t<\/section>\n\t\t\t\t\t<\/div>\n\t\t<\/div>\n\t\t\t\t\t<\/div>\n\t\t<\/section>\n\t\t<div class=\"elementor-element elementor-element-2bdfd60 e-flex e-con-boxed e-con e-parent\" data-id=\"2bdfd60\" data-element_type=\"container\" data-e-type=\"container\">\n\t\t\t\t\t<div class=\"e-con-inner\">\n\t\t\t\t<div class=\"elementor-element elementor-element-eb5cfaf elementor-widget elementor-widget-text-editor\" data-id=\"eb5cfaf\" data-element_type=\"widget\" data-e-type=\"widget\" data-widget_type=\"text-editor.default\">\n\t\t\t\t\t\t\t\t\t<p><strong>Para \u0130adesi Politikas\u0131<\/strong><\/p>\n<p>RobotX&#8217;te, y\u00fcksek kaliteli \u00fcr\u00fcnler ve ola\u011fan\u00fcst\u00fc m\u00fc\u015fteri hizmetleri sunmak i\u00e7in \u00e7al\u0131\u015f\u0131yoruz. Sat\u0131n alma i\u015fleminizden tamamen memnun de\u011filseniz, size yard\u0131mc\u0131 olmak i\u00e7in buraday\u0131z. Ayr\u0131nt\u0131lar i\u00e7in l\u00fctfen a\u015fa\u011f\u0131daki iade politikam\u0131z\u0131 inceleyin.  <\/p>\n<p> <\/p>\n<hr>\n<p> <\/p>\n<p><strong>&#8211; Para \u0130adesi i\u00e7in Uygunluk<\/strong><\/p>\n<p>A\u015fa\u011f\u0131daki ko\u015fullar alt\u0131nda para iadesi talep edebilirsiniz:<\/p>\n<ol>\n<li>\n<p><strong>Hasarl\u0131 veya Kusurlu \u00dcr\u00fcnler<\/strong>:<\/p>\n<ul>\n<li>Ald\u0131\u011f\u0131n\u0131z \u00fcr\u00fcn hasarl\u0131 veya kusurluysa.<\/li>\n<\/ul>\n<\/li>\n<li>\n<p><strong>Yanl\u0131\u015f \u00dcr\u00fcnler<\/strong>:<\/p>\n<ul>\n<li>Size yanl\u0131\u015f \u00fcr\u00fcn g\u00f6nderilmi\u015fse.<\/li>\n<\/ul>\n<\/li>\n<li>\n<p><strong>A\u00e7\u0131lmam\u0131\u015f ve Kullan\u0131lmam\u0131\u015f \u00dcr\u00fcnler<\/strong>:<\/p>\n<ul>\n<li>Fikrinizi de\u011fi\u015ftirirseniz ve \u00fcr\u00fcn orijinal, a\u00e7\u0131lmam\u0131\u015f ve kullan\u0131lmam\u0131\u015f durumda iade edilirse.<\/li>\n<\/ul>\n<\/li>\n<li>\n<p><strong>At\u00f6lyeler ve Hizmetler<\/strong>:<\/p>\n<ul>\n<li>At\u00f6lye \u00e7al\u0131\u015fmalar\u0131 i\u00e7in iade talepleri, at\u00f6lye ba\u015flang\u0131\u00e7 tarihinden en az 7 g\u00fcn \u00f6nce iletilmelidir. Ka\u00e7\u0131r\u0131lan at\u00f6lyeler veya ba\u015flang\u0131\u00e7 tarihinden sonraki 7 g\u00fcn i\u00e7inde yap\u0131lan iptaller i\u00e7in para iadesi yap\u0131lamaz. <\/li>\n<\/ul>\n<\/li>\n<li>\n<p><strong>Hizmet Abonelikleri<\/strong>:<\/p>\n<ul>\n<li>Abonelikler i\u00e7in iade talepleri, herhangi bir hizmetten yararlan\u0131lmam\u0131\u015fsa sat\u0131n alma tarihinden itibaren 7 g\u00fcn i\u00e7inde iletilmelidir.<\/li>\n<\/ul>\n<\/li>\n<\/ol>\n<p> <\/p>\n<hr>\n<p> <\/p>\n<p><strong>&#8211; \u0130ade Edilemeyen \u00dcr\u00fcnler<\/strong><\/p>\n<p>A\u015fa\u011f\u0131daki \u00fcr\u00fcnler para iadesi i\u00e7in uygun de\u011fildir:<\/p>\n<ol>\n<li>\n<p>Eri\u015filen veya indirilen <strong>indirilebilir yaz\u0131l\u0131mlar, e-kitaplar veya dijital kurslar<\/strong>.<\/p>\n<\/li>\n<li>\n<p><strong>\u0130ndirimde olan veya son indirim olarak i\u015faretlenmi\u015f \u00fcr\u00fcnler.<\/strong><\/p>\n<\/li>\n<li>\n<p><strong>\u00d6zelle\u015ftirilmi\u015f veya ki\u015fiselle\u015ftirilmi\u015f \u00fcr\u00fcnler.<\/strong><\/p>\n<\/li>\n<li>\n<p><strong>Hediye kartlar\u0131.<\/strong><\/p>\n<\/li>\n<li>\n<p>Daha \u00f6nce kat\u0131l\u0131nm\u0131\u015f veya yararlan\u0131lm\u0131\u015f <strong>at\u00f6lye \u00e7al\u0131\u015fmalar\u0131 veya hizmetler<\/strong>.<\/p>\n<\/li>\n<\/ol>\n<p> <\/p>\n<hr>\n<p> <\/p>\n<p><strong>&#8211; Geri \u00d6deme S\u00fcreci<\/strong><\/p>\n<p>Para iadesi talep etmek i\u00e7in:<\/p>\n<ol>\n<li>\n<p><strong>Bize Ula\u015f\u0131n<\/strong>:<\/p>\n<ul>\n<li>\u00dcr\u00fcn\u00fcn\u00fcz\u00fc teslim ald\u0131ktan sonraki 14 g\u00fcn i\u00e7inde <a rel=\"noopener\">shop@robotxworkshops.tech<\/a> adresinden bize e-posta g\u00f6nderin. Sipari\u015f numaran\u0131z\u0131, sorunun a\u00e7\u0131klamas\u0131n\u0131 ve varsa hasarl\u0131 veya kusurlu \u00fcr\u00fcn\u00fcn foto\u011fraflar\u0131n\u0131 ekleyin. <\/li>\n<\/ul>\n<\/li>\n<li>\n<p><strong>Onay S\u00fcreci<\/strong>:<\/p>\n<ul>\n<li>Ekibimiz talebinizi inceleyecek ve 2-3 i\u015f g\u00fcn\u00fc i\u00e7inde yan\u0131t verecektir. Onaylan\u0131rsa, \u00fcr\u00fcn\u00fc nas\u0131l iade edece\u011finiz veya para iadesine nas\u0131l devam edece\u011finiz konusunda talimatlar alacaks\u0131n\u0131z. <\/li>\n<\/ul>\n<\/li>\n<li>\n<p><strong>\u00dcr\u00fcn\u00fc iade edin<\/strong>:<\/p>\n<ul>\n<li>\u00dcr\u00fcn\u00fc onayland\u0131ktan sonra 14 g\u00fcn i\u00e7inde bize geri g\u00f6nderin. \u00dcr\u00fcn kusurlu veya yanl\u0131\u015f olmad\u0131\u011f\u0131 s\u00fcrece iade nakliye masraflar\u0131ndan m\u00fc\u015fteriler sorumludur. <\/li>\n<\/ul>\n<\/li>\n<li>\n<p><strong>Geri \u00d6deme \u0130hrac\u0131:<\/strong><\/p>\n<ul>\n<li>\u0130ade edilen \u00fcr\u00fcn\u00fc ald\u0131ktan ve inceledikten sonra, geri \u00f6demenizi i\u015fleme koyaca\u011f\u0131z. Para iadeleri 7-10 i\u015f g\u00fcn\u00fc i\u00e7inde orijinal \u00f6deme y\u00f6ntemine yap\u0131lacakt\u0131r. <\/li>\n<\/ul>\n<\/li>\n<\/ol>\n<p> <\/p>\n<hr>\n<p> <\/p>\n<p><strong>&#8211; Ge\u00e7 veya Eksik \u0130adeler<\/strong><\/p>\n<p>Belirtilen s\u00fcre i\u00e7inde para iadesi almad\u0131ysan\u0131z:<\/p>\n<ol>\n<li>\u0130\u015flem s\u00fcreleri de\u011fi\u015febilece\u011finden bankan\u0131za veya kredi kart\u0131 \u015firketinize dan\u0131\u015f\u0131n.<\/li>\n<li>Geri \u00f6demenizi hala almad\u0131ysan\u0131z <a rel=\"noopener\">shop@robotxworkshops.tech<\/a> adresinden bizimle ileti\u015fime ge\u00e7in.<\/li>\n<\/ol>\n<p> <\/p>\n<hr>\n<p> <\/p>\n<p><strong>&#8211; De\u011fi\u015fimler<\/strong><\/p>\n<p>\u00dcr\u00fcnleri yaln\u0131zca kusurlu, hasarl\u0131 veya yanl\u0131\u015f olmalar\u0131 durumunda de\u011fi\u015ftiriyoruz. Bir \u00fcr\u00fcn\u00fc de\u011fi\u015ftirmeniz gerekiyorsa, l\u00fctfen <a rel=\"noopener\">shop@robotxworkshops.tech<\/a> adresinden bizimle ileti\u015fime ge\u00e7in. <\/p>\n<p> <\/p>\n<hr>\n<p> <\/p>\n<p><strong>&#8211; Nakliye Maliyetleri<\/strong><\/p>\n<ul>\n<li>\u00dcr\u00fcn kusurlu veya yanl\u0131\u015f olmad\u0131\u011f\u0131 s\u00fcrece iade nakliye masraflar\u0131ndan m\u00fc\u015fteriler sorumludur.<\/li>\n<li>\u0130ade bizim hatam\u0131zdan kaynaklanmad\u0131\u011f\u0131 s\u00fcrece nakliye masraflar\u0131 iade edilmez.<\/li>\n<\/ul>\t\t\t\t\t\t\t\t<\/div>\n\t\t\t\t\t<\/div>\n\t\t\t\t<\/div>\n\t\t\t\t<\/div>\n\t\t","protected":false},"excerpt":{"rendered":"<p>Yasal Para \u0130adesi Politikas\u0131 Para \u0130adesi Politikas\u0131 RobotX&#8217;te, y\u00fcksek kaliteli \u00fcr\u00fcnler ve ola\u011fan\u00fcst\u00fc m\u00fc\u015fteri hizmetleri sunmak i\u00e7in \u00e7al\u0131\u015f\u0131yoruz. Sat\u0131n alma i\u015fleminizden tamamen memnun de\u011filseniz, size yard\u0131mc\u0131 olmak i\u00e7in buraday\u0131z. Ayr\u0131nt\u0131lar i\u00e7in l\u00fctfen a\u015fa\u011f\u0131daki iade politikam\u0131z\u0131 inceleyin. &#8211; Para \u0130adesi i\u00e7in Uygunluk A\u015fa\u011f\u0131daki ko\u015fullar alt\u0131nda para iadesi talep edebilirsiniz: Hasarl\u0131 veya Kusurlu \u00dcr\u00fcnler: Ald\u0131\u011f\u0131n\u0131z \u00fcr\u00fcn hasarl\u0131 [&hellip;]<\/p>\n","protected":false},"author":1,"featured_media":0,"parent":0,"menu_order":0,"comment_status":"closed","ping_status":"closed","template":"elementor_header_footer","meta":{"_monsterinsights_skip_tracking":false,"_monsterinsights_sitenote_active":false,"_monsterinsights_sitenote_note":"","_monsterinsights_sitenote_category":0,"footnotes":""},"class_list":["post-4998","page","type-page","status-publish","hentry"],"yoast_head":"<!-- This site is optimized with the Yoast SEO plugin v27.4 - https:\/\/yoast.com\/product\/yoast-seo-wordpress\/ -->\n<title>Robotik At\u00f6lyeleri ve Kurslar\u0131 i\u00e7in Para \u0130adesi Politikas\u0131<\/title>\n<meta name=\"description\" content=\"Robotik at\u00f6lyeleri ve kurslar\u0131 i\u00e7in geri \u00f6deme politikalar\u0131m\u0131z\u0131 anlay\u0131n ve e\u011fitim programlar\u0131m\u0131zda \u015feffafl\u0131k sa\u011flay\u0131n.\" \/>\n<meta name=\"robots\" content=\"index, follow, max-snippet:-1, max-image-preview:large, max-video-preview:-1\" \/>\n<link rel=\"canonical\" href=\"https:\/\/robotxworkshops.tech\/tr\/para-iadesi-politikasi\/\" \/>\n<meta property=\"og:locale\" content=\"tr_TR\" \/>\n<meta property=\"og:type\" content=\"article\" \/>\n<meta property=\"og:title\" content=\"Robotik At\u00f6lyeleri ve Kurslar\u0131 i\u00e7in Para \u0130adesi Politikas\u0131\" \/>\n<meta property=\"og:description\" content=\"Robotik at\u00f6lyeleri ve kurslar\u0131 i\u00e7in geri \u00f6deme politikalar\u0131m\u0131z\u0131 anlay\u0131n ve e\u011fitim programlar\u0131m\u0131zda \u015feffafl\u0131k sa\u011flay\u0131n.\" \/>\n<meta property=\"og:url\" content=\"https:\/\/robotxworkshops.tech\/tr\/para-iadesi-politikasi\/\" \/>\n<meta property=\"og:site_name\" content=\"RobotX At\u00f6lye \u00c7al\u0131\u015fmalar\u0131\" \/>\n<meta property=\"article:publisher\" content=\"https:\/\/www.facebook.com\/profile.php?id=61573566684527\" \/>\n<meta property=\"article:modified_time\" content=\"2025-02-19T11:57:40+00:00\" \/>\n<meta name=\"twitter:card\" content=\"summary_large_image\" \/>\n<meta name=\"twitter:site\" content=\"@robotXworkshops\" \/>\n<meta name=\"twitter:label1\" content=\"Tahmini okuma s\u00fcresi\" \/>\n\t<meta name=\"twitter:data1\" content=\"3 dakika\" \/>\n<script type=\"application\/ld+json\" class=\"yoast-schema-graph\">{\"@context\":\"https:\\\/\\\/schema.org\",\"@graph\":[{\"@type\":\"WebPage\",\"@id\":\"https:\\\/\\\/robotxworkshops.tech\\\/tr\\\/para-iadesi-politikasi\\\/\",\"url\":\"https:\\\/\\\/robotxworkshops.tech\\\/tr\\\/para-iadesi-politikasi\\\/\",\"name\":\"Robotik At\u00f6lyeleri ve Kurslar\u0131 i\u00e7in Para \u0130adesi Politikas\u0131\",\"isPartOf\":{\"@id\":\"https:\\\/\\\/robotxworkshops.tech\\\/tr\\\/#website\"},\"datePublished\":\"2025-01-06T07:34:57+00:00\",\"dateModified\":\"2025-02-19T11:57:40+00:00\",\"description\":\"Robotik at\u00f6lyeleri ve kurslar\u0131 i\u00e7in geri \u00f6deme politikalar\u0131m\u0131z\u0131 anlay\u0131n ve e\u011fitim programlar\u0131m\u0131zda \u015feffafl\u0131k sa\u011flay\u0131n.\",\"breadcrumb\":{\"@id\":\"https:\\\/\\\/robotxworkshops.tech\\\/tr\\\/para-iadesi-politikasi\\\/#breadcrumb\"},\"inLanguage\":\"tr\",\"potentialAction\":[{\"@type\":\"ReadAction\",\"target\":[\"https:\\\/\\\/robotxworkshops.tech\\\/tr\\\/para-iadesi-politikasi\\\/\"]}]},{\"@type\":\"BreadcrumbList\",\"@id\":\"https:\\\/\\\/robotxworkshops.tech\\\/tr\\\/para-iadesi-politikasi\\\/#breadcrumb\",\"itemListElement\":[{\"@type\":\"ListItem\",\"position\":1,\"name\":\"Ev\",\"item\":\"https:\\\/\\\/robotxworkshops.tech\\\/tr\\\/\"},{\"@type\":\"ListItem\",\"position\":2,\"name\":\"Para \u0130adesi Politikas\u0131\"}]},{\"@type\":\"WebSite\",\"@id\":\"https:\\\/\\\/robotxworkshops.tech\\\/tr\\\/#website\",\"url\":\"https:\\\/\\\/robotxworkshops.tech\\\/tr\\\/\",\"name\":\"RobotX Workshops\",\"description\":\"Uygulamal\u0131, Pratik Robotik Kurslar\u0131\",\"publisher\":{\"@id\":\"https:\\\/\\\/robotxworkshops.tech\\\/tr\\\/#organization\"},\"potentialAction\":[{\"@type\":\"SearchAction\",\"target\":{\"@type\":\"EntryPoint\",\"urlTemplate\":\"https:\\\/\\\/robotxworkshops.tech\\\/tr\\\/?s={search_term_string}\"},\"query-input\":{\"@type\":\"PropertyValueSpecification\",\"valueRequired\":true,\"valueName\":\"search_term_string\"}}],\"inLanguage\":\"tr\"},{\"@type\":\"Organization\",\"@id\":\"https:\\\/\\\/robotxworkshops.tech\\\/tr\\\/#organization\",\"name\":\"RobotX At\u00f6lye \u00c7al\u0131\u015fmalar\u0131\",\"url\":\"https:\\\/\\\/robotxworkshops.tech\\\/tr\\\/\",\"logo\":{\"@type\":\"ImageObject\",\"inLanguage\":\"tr\",\"@id\":\"https:\\\/\\\/robotxworkshops.tech\\\/tr\\\/#\\\/schema\\\/logo\\\/image\\\/\",\"url\":\"https:\\\/\\\/robotxworkshops.tech\\\/wp-content\\\/uploads\\\/2025\\\/02\\\/Original-Logo-e1740213463254.png\",\"contentUrl\":\"https:\\\/\\\/robotxworkshops.tech\\\/wp-content\\\/uploads\\\/2025\\\/02\\\/Original-Logo-e1740213463254.png\",\"width\":1765,\"height\":396,\"caption\":\"RobotX At\u00f6lye \u00c7al\u0131\u015fmalar\u0131\"},\"image\":{\"@id\":\"https:\\\/\\\/robotxworkshops.tech\\\/tr\\\/#\\\/schema\\\/logo\\\/image\\\/\"},\"sameAs\":[\"https:\\\/\\\/www.facebook.com\\\/profile.php?id=61573566684527\",\"https:\\\/\\\/x.com\\\/robotXworkshops\"]}]}<\/script>\n<!-- \/ Yoast SEO plugin. -->","yoast_head_json":{"title":"Robotik At\u00f6lyeleri ve Kurslar\u0131 i\u00e7in Para \u0130adesi Politikas\u0131","description":"Robotik at\u00f6lyeleri ve kurslar\u0131 i\u00e7in geri \u00f6deme politikalar\u0131m\u0131z\u0131 anlay\u0131n ve e\u011fitim programlar\u0131m\u0131zda \u015feffafl\u0131k sa\u011flay\u0131n.","robots":{"index":"index","follow":"follow","max-snippet":"max-snippet:-1","max-image-preview":"max-image-preview:large","max-video-preview":"max-video-preview:-1"},"canonical":"https:\/\/robotxworkshops.tech\/tr\/para-iadesi-politikasi\/","og_locale":"tr_TR","og_type":"article","og_title":"Robotik At\u00f6lyeleri ve Kurslar\u0131 i\u00e7in Para \u0130adesi Politikas\u0131","og_description":"Robotik at\u00f6lyeleri ve kurslar\u0131 i\u00e7in geri \u00f6deme politikalar\u0131m\u0131z\u0131 anlay\u0131n ve e\u011fitim programlar\u0131m\u0131zda \u015feffafl\u0131k sa\u011flay\u0131n.","og_url":"https:\/\/robotxworkshops.tech\/tr\/para-iadesi-politikasi\/","og_site_name":"RobotX At\u00f6lye \u00c7al\u0131\u015fmalar\u0131","article_publisher":"https:\/\/www.facebook.com\/profile.php?id=61573566684527","article_modified_time":"2025-02-19T11:57:40+00:00","twitter_card":"summary_large_image","twitter_site":"@robotXworkshops","twitter_misc":{"Tahmini okuma s\u00fcresi":"3 dakika"},"schema":{"@context":"https:\/\/schema.org","@graph":[{"@type":"WebPage","@id":"https:\/\/robotxworkshops.tech\/tr\/para-iadesi-politikasi\/","url":"https:\/\/robotxworkshops.tech\/tr\/para-iadesi-politikasi\/","name":"Robotik At\u00f6lyeleri ve Kurslar\u0131 i\u00e7in Para \u0130adesi Politikas\u0131","isPartOf":{"@id":"https:\/\/robotxworkshops.tech\/tr\/#website"},"datePublished":"2025-01-06T07:34:57+00:00","dateModified":"2025-02-19T11:57:40+00:00","description":"Robotik at\u00f6lyeleri ve kurslar\u0131 i\u00e7in geri \u00f6deme politikalar\u0131m\u0131z\u0131 anlay\u0131n ve e\u011fitim programlar\u0131m\u0131zda \u015feffafl\u0131k sa\u011flay\u0131n.","breadcrumb":{"@id":"https:\/\/robotxworkshops.tech\/tr\/para-iadesi-politikasi\/#breadcrumb"},"inLanguage":"tr","potentialAction":[{"@type":"ReadAction","target":["https:\/\/robotxworkshops.tech\/tr\/para-iadesi-politikasi\/"]}]},{"@type":"BreadcrumbList","@id":"https:\/\/robotxworkshops.tech\/tr\/para-iadesi-politikasi\/#breadcrumb","itemListElement":[{"@type":"ListItem","position":1,"name":"Ev","item":"https:\/\/robotxworkshops.tech\/tr\/"},{"@type":"ListItem","position":2,"name":"Para \u0130adesi Politikas\u0131"}]},{"@type":"WebSite","@id":"https:\/\/robotxworkshops.tech\/tr\/#website","url":"https:\/\/robotxworkshops.tech\/tr\/","name":"RobotX Workshops","description":"Uygulamal\u0131, Pratik Robotik Kurslar\u0131","publisher":{"@id":"https:\/\/robotxworkshops.tech\/tr\/#organization"},"potentialAction":[{"@type":"SearchAction","target":{"@type":"EntryPoint","urlTemplate":"https:\/\/robotxworkshops.tech\/tr\/?s={search_term_string}"},"query-input":{"@type":"PropertyValueSpecification","valueRequired":true,"valueName":"search_term_string"}}],"inLanguage":"tr"},{"@type":"Organization","@id":"https:\/\/robotxworkshops.tech\/tr\/#organization","name":"RobotX At\u00f6lye \u00c7al\u0131\u015fmalar\u0131","url":"https:\/\/robotxworkshops.tech\/tr\/","logo":{"@type":"ImageObject","inLanguage":"tr","@id":"https:\/\/robotxworkshops.tech\/tr\/#\/schema\/logo\/image\/","url":"https:\/\/robotxworkshops.tech\/wp-content\/uploads\/2025\/02\/Original-Logo-e1740213463254.png","contentUrl":"https:\/\/robotxworkshops.tech\/wp-content\/uploads\/2025\/02\/Original-Logo-e1740213463254.png","width":1765,"height":396,"caption":"RobotX At\u00f6lye \u00c7al\u0131\u015fmalar\u0131"},"image":{"@id":"https:\/\/robotxworkshops.tech\/tr\/#\/schema\/logo\/image\/"},"sameAs":["https:\/\/www.facebook.com\/profile.php?id=61573566684527","https:\/\/x.com\/robotXworkshops"]}]}},"_links":{"self":[{"href":"https:\/\/robotxworkshops.tech\/tr\/wp-json\/wp\/v2\/pages\/4998","targetHints":{"allow":["GET"]}}],"collection":[{"href":"https:\/\/robotxworkshops.tech\/tr\/wp-json\/wp\/v2\/pages"}],"about":[{"href":"https:\/\/robotxworkshops.tech\/tr\/wp-json\/wp\/v2\/types\/page"}],"author":[{"embeddable":true,"href":"https:\/\/robotxworkshops.tech\/tr\/wp-json\/wp\/v2\/users\/1"}],"replies":[{"embeddable":true,"href":"https:\/\/robotxworkshops.tech\/tr\/wp-json\/wp\/v2\/comments?post=4998"}],"version-history":[{"count":1,"href":"https:\/\/robotxworkshops.tech\/tr\/wp-json\/wp\/v2\/pages\/4998\/revisions"}],"predecessor-version":[{"id":5000,"href":"https:\/\/robotxworkshops.tech\/tr\/wp-json\/wp\/v2\/pages\/4998\/revisions\/5000"}],"wp:attachment":[{"href":"https:\/\/robotxworkshops.tech\/tr\/wp-json\/wp\/v2\/media?parent=4998"}],"curies":[{"name":"wp","href":"https:\/\/api.w.org\/{rel}","templated":true}]}}