{"id":5140,"date":"2025-01-06T08:52:45","date_gmt":"2025-01-06T08:52:45","guid":{"rendered":"https:\/\/robotxworkshops.tech\/product\/acemi-drone-kursu\/"},"modified":"2025-02-23T15:15:29","modified_gmt":"2025-02-23T14:15:29","slug":"acemi-drone-kursu","status":"publish","type":"product","link":"https:\/\/robotxworkshops.tech\/tr\/product\/acemi-drone-kursu\/","title":{"rendered":"Acemi Drone Kursu"},"content":{"rendered":"","protected":false},"excerpt":{"rendered":"<p>Bu kurs, drone&#8217;lar\u0131 temel programlama ve makine \u00f6\u011frenimi ilkelerini \u00f6\u011frenmenin e\u011flenceli ve heyecan verici bir yolu olarak kullan\u0131yor<\/p>\n","protected":false},"featured_media":4834,"template":"","meta":{"_monsterinsights_skip_tracking":false,"_monsterinsights_sitenote_active":false,"_monsterinsights_sitenote_note":"","_monsterinsights_sitenote_category":0},"product_brand":[],"product_cat":[95],"product_tag":[],"class_list":{"0":"post-5140","1":"product","2":"type-product","3":"status-publish","4":"has-post-thumbnail","6":"product_cat-atolye-calismalari","8":"first","9":"instock","10":"sold-individually","11":"shipping-taxable","12":"purchasable","13":"product-type-variable"},"yoast_head":"<!-- This site is optimized with the Yoast SEO plugin v27.5 - https:\/\/yoast.com\/product\/yoast-seo-wordpress\/ -->\n<title>Acemi Drone Kursu - RobotX At\u00f6lye \u00c7al\u0131\u015fmalar\u0131<\/title>\n<meta name=\"robots\" content=\"index, follow, max-snippet:-1, max-image-preview:large, max-video-preview:-1\" \/>\n<link rel=\"canonical\" href=\"https:\/\/robotxworkshops.tech\/tr\/product\/acemi-drone-kursu\/\" \/>\n<meta property=\"og:locale\" content=\"tr_TR\" \/>\n<meta property=\"og:type\" content=\"article\" \/>\n<meta property=\"og:title\" content=\"Acemi Drone Kursu - RobotX At\u00f6lye \u00c7al\u0131\u015fmalar\u0131\" \/>\n<meta property=\"og:description\" content=\"Bu kurs, drone&#039;lar\u0131 temel programlama ve makine \u00f6\u011frenimi ilkelerini \u00f6\u011frenmenin e\u011flenceli ve heyecan verici bir yolu olarak kullan\u0131yor\" \/>\n<meta property=\"og:url\" content=\"https:\/\/robotxworkshops.tech\/tr\/product\/acemi-drone-kursu\/\" \/>\n<meta property=\"og:site_name\" content=\"RobotX At\u00f6lye \u00c7al\u0131\u015fmalar\u0131\" \/>\n<meta property=\"article:publisher\" content=\"https:\/\/www.facebook.com\/profile.php?id=61573566684527\" \/>\n<meta property=\"article:modified_time\" content=\"2025-02-23T14:15:29+00:00\" \/>\n<meta property=\"og:image\" content=\"https:\/\/robotxworkshops.tech\/wp-content\/uploads\/2025\/01\/640px-Ryze_Tello.jpg\" \/>\n\t<meta property=\"og:image:width\" content=\"640\" \/>\n\t<meta property=\"og:image:height\" content=\"427\" \/>\n\t<meta property=\"og:image:type\" content=\"image\/jpeg\" \/>\n<meta name=\"twitter:card\" content=\"summary_large_image\" \/>\n<meta name=\"twitter:site\" content=\"@robotXworkshops\" \/>\n<script type=\"application\/ld+json\" class=\"yoast-schema-graph\">{\"@context\":\"https:\\\/\\\/schema.org\",\"@graph\":[{\"@type\":\"WebPage\",\"@id\":\"https:\\\/\\\/robotxworkshops.tech\\\/tr\\\/product\\\/acemi-drone-kursu\\\/\",\"url\":\"https:\\\/\\\/robotxworkshops.tech\\\/tr\\\/product\\\/acemi-drone-kursu\\\/\",\"name\":\"Acemi Drone Kursu - RobotX At\u00f6lye \u00c7al\u0131\u015fmalar\u0131\",\"isPartOf\":{\"@id\":\"https:\\\/\\\/robotxworkshops.tech\\\/tr\\\/#website\"},\"primaryImageOfPage\":{\"@id\":\"https:\\\/\\\/robotxworkshops.tech\\\/tr\\\/product\\\/acemi-drone-kursu\\\/#primaryimage\"},\"image\":{\"@id\":\"https:\\\/\\\/robotxworkshops.tech\\\/tr\\\/product\\\/acemi-drone-kursu\\\/#primaryimage\"},\"thumbnailUrl\":\"https:\\\/\\\/robotxworkshops.tech\\\/wp-content\\\/uploads\\\/2025\\\/01\\\/640px-Ryze_Tello.jpg\",\"datePublished\":\"2025-01-06T08:52:45+00:00\",\"dateModified\":\"2025-02-23T14:15:29+00:00\",\"breadcrumb\":{\"@id\":\"https:\\\/\\\/robotxworkshops.tech\\\/tr\\\/product\\\/acemi-drone-kursu\\\/#breadcrumb\"},\"inLanguage\":\"tr\",\"potentialAction\":[{\"@type\":\"ReadAction\",\"target\":[\"https:\\\/\\\/robotxworkshops.tech\\\/tr\\\/product\\\/acemi-drone-kursu\\\/\"]}]},{\"@type\":\"ImageObject\",\"inLanguage\":\"tr\",\"@id\":\"https:\\\/\\\/robotxworkshops.tech\\\/tr\\\/product\\\/acemi-drone-kursu\\\/#primaryimage\",\"url\":\"https:\\\/\\\/robotxworkshops.tech\\\/wp-content\\\/uploads\\\/2025\\\/01\\\/640px-Ryze_Tello.jpg\",\"contentUrl\":\"https:\\\/\\\/robotxworkshops.tech\\\/wp-content\\\/uploads\\\/2025\\\/01\\\/640px-Ryze_Tello.jpg\",\"width\":640,\"height\":427,\"caption\":\"Learn hands-on flight skills with the Ryze Tello drone in our Berlin beginner course.\"},{\"@type\":\"BreadcrumbList\",\"@id\":\"https:\\\/\\\/robotxworkshops.tech\\\/tr\\\/product\\\/acemi-drone-kursu\\\/#breadcrumb\",\"itemListElement\":[{\"@type\":\"ListItem\",\"position\":1,\"name\":\"Ev\",\"item\":\"https:\\\/\\\/robotxworkshops.tech\\\/tr\\\/\"},{\"@type\":\"ListItem\",\"position\":2,\"name\":\"Ma\u011faza\",\"item\":\"https:\\\/\\\/robotxworkshops.tech\\\/tr\\\/shop\\\/\"},{\"@type\":\"ListItem\",\"position\":3,\"name\":\"Acemi Drone Kursu\"}]},{\"@type\":\"WebSite\",\"@id\":\"https:\\\/\\\/robotxworkshops.tech\\\/tr\\\/#website\",\"url\":\"https:\\\/\\\/robotxworkshops.tech\\\/tr\\\/\",\"name\":\"RobotX Workshops\",\"description\":\"Uygulamal\u0131, Pratik Robotik Kurslar\u0131\",\"publisher\":{\"@id\":\"https:\\\/\\\/robotxworkshops.tech\\\/tr\\\/#organization\"},\"potentialAction\":[{\"@type\":\"SearchAction\",\"target\":{\"@type\":\"EntryPoint\",\"urlTemplate\":\"https:\\\/\\\/robotxworkshops.tech\\\/tr\\\/?s={search_term_string}\"},\"query-input\":{\"@type\":\"PropertyValueSpecification\",\"valueRequired\":true,\"valueName\":\"search_term_string\"}}],\"inLanguage\":\"tr\"},{\"@type\":\"Organization\",\"@id\":\"https:\\\/\\\/robotxworkshops.tech\\\/tr\\\/#organization\",\"name\":\"RobotX At\u00f6lye \u00c7al\u0131\u015fmalar\u0131\",\"url\":\"https:\\\/\\\/robotxworkshops.tech\\\/tr\\\/\",\"logo\":{\"@type\":\"ImageObject\",\"inLanguage\":\"tr\",\"@id\":\"https:\\\/\\\/robotxworkshops.tech\\\/tr\\\/#\\\/schema\\\/logo\\\/image\\\/\",\"url\":\"https:\\\/\\\/robotxworkshops.tech\\\/wp-content\\\/uploads\\\/2025\\\/02\\\/Original-Logo-e1740213463254.png\",\"contentUrl\":\"https:\\\/\\\/robotxworkshops.tech\\\/wp-content\\\/uploads\\\/2025\\\/02\\\/Original-Logo-e1740213463254.png\",\"width\":1765,\"height\":396,\"caption\":\"RobotX At\u00f6lye \u00c7al\u0131\u015fmalar\u0131\"},\"image\":{\"@id\":\"https:\\\/\\\/robotxworkshops.tech\\\/tr\\\/#\\\/schema\\\/logo\\\/image\\\/\"},\"sameAs\":[\"https:\\\/\\\/www.facebook.com\\\/profile.php?id=61573566684527\",\"https:\\\/\\\/x.com\\\/robotXworkshops\"]}]}<\/script>\n<!-- \/ Yoast SEO plugin. -->","yoast_head_json":{"title":"Acemi Drone Kursu - RobotX At\u00f6lye \u00c7al\u0131\u015fmalar\u0131","robots":{"index":"index","follow":"follow","max-snippet":"max-snippet:-1","max-image-preview":"max-image-preview:large","max-video-preview":"max-video-preview:-1"},"canonical":"https:\/\/robotxworkshops.tech\/tr\/product\/acemi-drone-kursu\/","og_locale":"tr_TR","og_type":"article","og_title":"Acemi Drone Kursu - RobotX At\u00f6lye \u00c7al\u0131\u015fmalar\u0131","og_description":"Bu kurs, drone'lar\u0131 temel programlama ve makine \u00f6\u011frenimi ilkelerini \u00f6\u011frenmenin e\u011flenceli ve heyecan verici bir yolu olarak kullan\u0131yor","og_url":"https:\/\/robotxworkshops.tech\/tr\/product\/acemi-drone-kursu\/","og_site_name":"RobotX At\u00f6lye \u00c7al\u0131\u015fmalar\u0131","article_publisher":"https:\/\/www.facebook.com\/profile.php?id=61573566684527","article_modified_time":"2025-02-23T14:15:29+00:00","og_image":[{"width":640,"height":427,"url":"https:\/\/robotxworkshops.tech\/wp-content\/uploads\/2025\/01\/640px-Ryze_Tello.jpg","type":"image\/jpeg"}],"twitter_card":"summary_large_image","twitter_site":"@robotXworkshops","schema":{"@context":"https:\/\/schema.org","@graph":[{"@type":"WebPage","@id":"https:\/\/robotxworkshops.tech\/tr\/product\/acemi-drone-kursu\/","url":"https:\/\/robotxworkshops.tech\/tr\/product\/acemi-drone-kursu\/","name":"Acemi Drone Kursu - RobotX At\u00f6lye \u00c7al\u0131\u015fmalar\u0131","isPartOf":{"@id":"https:\/\/robotxworkshops.tech\/tr\/#website"},"primaryImageOfPage":{"@id":"https:\/\/robotxworkshops.tech\/tr\/product\/acemi-drone-kursu\/#primaryimage"},"image":{"@id":"https:\/\/robotxworkshops.tech\/tr\/product\/acemi-drone-kursu\/#primaryimage"},"thumbnailUrl":"https:\/\/robotxworkshops.tech\/wp-content\/uploads\/2025\/01\/640px-Ryze_Tello.jpg","datePublished":"2025-01-06T08:52:45+00:00","dateModified":"2025-02-23T14:15:29+00:00","breadcrumb":{"@id":"https:\/\/robotxworkshops.tech\/tr\/product\/acemi-drone-kursu\/#breadcrumb"},"inLanguage":"tr","potentialAction":[{"@type":"ReadAction","target":["https:\/\/robotxworkshops.tech\/tr\/product\/acemi-drone-kursu\/"]}]},{"@type":"ImageObject","inLanguage":"tr","@id":"https:\/\/robotxworkshops.tech\/tr\/product\/acemi-drone-kursu\/#primaryimage","url":"https:\/\/robotxworkshops.tech\/wp-content\/uploads\/2025\/01\/640px-Ryze_Tello.jpg","contentUrl":"https:\/\/robotxworkshops.tech\/wp-content\/uploads\/2025\/01\/640px-Ryze_Tello.jpg","width":640,"height":427,"caption":"Learn hands-on flight skills with the Ryze Tello drone in our Berlin beginner course."},{"@type":"BreadcrumbList","@id":"https:\/\/robotxworkshops.tech\/tr\/product\/acemi-drone-kursu\/#breadcrumb","itemListElement":[{"@type":"ListItem","position":1,"name":"Ev","item":"https:\/\/robotxworkshops.tech\/tr\/"},{"@type":"ListItem","position":2,"name":"Ma\u011faza","item":"https:\/\/robotxworkshops.tech\/tr\/shop\/"},{"@type":"ListItem","position":3,"name":"Acemi Drone Kursu"}]},{"@type":"WebSite","@id":"https:\/\/robotxworkshops.tech\/tr\/#website","url":"https:\/\/robotxworkshops.tech\/tr\/","name":"RobotX Workshops","description":"Uygulamal\u0131, Pratik Robotik Kurslar\u0131","publisher":{"@id":"https:\/\/robotxworkshops.tech\/tr\/#organization"},"potentialAction":[{"@type":"SearchAction","target":{"@type":"EntryPoint","urlTemplate":"https:\/\/robotxworkshops.tech\/tr\/?s={search_term_string}"},"query-input":{"@type":"PropertyValueSpecification","valueRequired":true,"valueName":"search_term_string"}}],"inLanguage":"tr"},{"@type":"Organization","@id":"https:\/\/robotxworkshops.tech\/tr\/#organization","name":"RobotX At\u00f6lye \u00c7al\u0131\u015fmalar\u0131","url":"https:\/\/robotxworkshops.tech\/tr\/","logo":{"@type":"ImageObject","inLanguage":"tr","@id":"https:\/\/robotxworkshops.tech\/tr\/#\/schema\/logo\/image\/","url":"https:\/\/robotxworkshops.tech\/wp-content\/uploads\/2025\/02\/Original-Logo-e1740213463254.png","contentUrl":"https:\/\/robotxworkshops.tech\/wp-content\/uploads\/2025\/02\/Original-Logo-e1740213463254.png","width":1765,"height":396,"caption":"RobotX At\u00f6lye \u00c7al\u0131\u015fmalar\u0131"},"image":{"@id":"https:\/\/robotxworkshops.tech\/tr\/#\/schema\/logo\/image\/"},"sameAs":["https:\/\/www.facebook.com\/profile.php?id=61573566684527","https:\/\/x.com\/robotXworkshops"]}]}},"_links":{"self":[{"href":"https:\/\/robotxworkshops.tech\/tr\/wp-json\/wp\/v2\/product\/5140","targetHints":{"allow":["GET"]}}],"collection":[{"href":"https:\/\/robotxworkshops.tech\/tr\/wp-json\/wp\/v2\/product"}],"about":[{"href":"https:\/\/robotxworkshops.tech\/tr\/wp-json\/wp\/v2\/types\/product"}],"version-history":[{"count":1,"href":"https:\/\/robotxworkshops.tech\/tr\/wp-json\/wp\/v2\/product\/5140\/revisions"}],"predecessor-version":[{"id":6790,"href":"https:\/\/robotxworkshops.tech\/tr\/wp-json\/wp\/v2\/product\/5140\/revisions\/6790"}],"wp:featuredmedia":[{"embeddable":true,"href":"https:\/\/robotxworkshops.tech\/tr\/wp-json\/wp\/v2\/media\/4834"}],"wp:attachment":[{"href":"https:\/\/robotxworkshops.tech\/tr\/wp-json\/wp\/v2\/media?parent=5140"}],"wp:term":[{"taxonomy":"product_brand","embeddable":true,"href":"https:\/\/robotxworkshops.tech\/tr\/wp-json\/wp\/v2\/product_brand?post=5140"},{"taxonomy":"product_cat","embeddable":true,"href":"https:\/\/robotxworkshops.tech\/tr\/wp-json\/wp\/v2\/product_cat?post=5140"},{"taxonomy":"product_tag","embeddable":true,"href":"https:\/\/robotxworkshops.tech\/tr\/wp-json\/wp\/v2\/product_tag?post=5140"}],"curies":[{"name":"wp","href":"https:\/\/api.w.org\/{rel}","templated":true}]}}